{"id":71944,"date":"2021-04-30T11:04:14","date_gmt":"2021-04-30T09:04:14","guid":{"rendered":"https:\/\/nabytoklaguna.sk\/sk\/?post_type=product&#038;p=71944"},"modified":"2025-02-20T15:34:54","modified_gmt":"2025-02-20T14:34:54","slug":"tempo-kondela-aurora","status":"publish","type":"product","link":"https:\/\/nabytoklaguna.sk\/sk\/produkt\/tempo-kondela-aurora\/","title":{"rendered":"K AURORA"},"content":{"rendered":"<p>Modern\u00e1 sektorov\u00e1 kuchynsk\u00e1 linka, ktor\u00e1 v\u00e1s o\u010dar\u00ed \u0161kandin\u00e1vskym \u0161t\u00fdlom. Ocen\u00edte taktie\u017e bez\u00fachytkov\u00e9 otv\u00e1ranie. Vyroben\u00e1 z DTD laminovanej a kvalitnej MDF v dvoch farebn\u00fdch prevedeniach; biely\/biely extra vysok\u00fd lesk HG a biela\/siv\u00fd extra vysok\u00fd lesk. Kuchynsk\u00e1 linka AURORA m\u00e1 v cene integrovan\u00e9 z\u00e1vesy dvierok s tlmen\u00edm a syst\u00e9m tich\u00e9ho dorazu z\u00e1suviek. Sektorov\u00e9 skrinky s\u00fa dod\u00e1van\u00e9 vr\u00e1tane spodnej li\u0161ty bez pracovnej dosky. Mo\u017enos\u0165 dok\u00fapenia univerz\u00e1lneho drezu v cene 74\u20ac.<\/p>\n<p>Dvierka na um\u00fdva\u010dku riadu 446&#215;570 mm &#8211;\u00a0<b style=\"font-size: 15.008px;\">Rozmery (\u0160xV):<\/b><span style=\"font-size: 15.008px;\">\u00a044,6&#215;57 cm<br \/>\n<\/span>Dvierka na um\u00fdva\u010dku riadu 446&#215;713 mm &#8211;\u00a0<b style=\"font-size: 15.008px;\">Rozmery (\u0160xV):<\/b><span style=\"font-size: 15.008px;\">\u00a044,6&#215;71,3 cm<br \/>\n<\/span>Dvierka na um\u00fdva\u010dku riadu 596&#215;570 mm &#8211;\u00a0<b style=\"font-size: 15.008px;\">Rozmery (\u0160xV):<\/b><span style=\"font-size: 15.008px;\">\u00a059,6&#215;57 cm<br \/>\n<\/span>Dvierka na um\u00fdva\u010dku riadu 596&#215;713 mm &#8211;\u00a0<b style=\"font-size: 15.008px;\">Rozmery (\u0160xV):<\/b><span style=\"font-size: 15.008px;\">\u00a059,6&#215;71,3 cm<br \/>\n<\/span>Horn\u00e1 rohov\u00e1 skrinka G25PZ &#8211;\u00a0<b style=\"font-size: 15.008px;\">Rozmery (\u0160xHxV):<\/b><span style=\"font-size: 15.008px;\">\u00a025x30x72 cm<br \/>\n<\/span>Horn\u00e1 skrinka G30 &#8211;\u00a0<b style=\"font-size: 15.008px;\">Rozmery (\u0160xHxV):<\/b><span style=\"font-size: 15.008px;\">\u00a030x32x72 cm<br \/>\n<\/span>Horn\u00e1 skrinka G40 &#8211;\u00a0<b style=\"font-size: 15.008px;\">Rozmery (\u0160xHxV):<\/b><span style=\"font-size: 15.008px;\">\u00a040x32x72 cm<br \/>\n<\/span>Horn\u00e1 skrinka G60K &#8211;\u00a0<b style=\"font-size: 15.008px;\">Rozmery (\u0160xHxV):<\/b><span style=\"font-size: 15.008px;\">\u00a060x32x40 cm<br \/>\n<\/span>Horn\u00e1 skrinka G50K &#8211;\u00a0<b style=\"font-size: 15.008px;\">Rozmery (\u0160xHxV):<\/b><span style=\"font-size: 15.008px;\">\u00a050x32x40 cm<br \/>\n<\/span>Horn\u00e1 skrinka G602F &#8211;\u00a0<b style=\"font-size: 15.008px;\">Rozmery (\u0160xHxV):<\/b><span style=\"font-size: 15.008px;\">\u00a060x32x72 cm<br \/>\n<\/span>Horn\u00e1 skrinka G601F &#8211;\u00a0<b style=\"font-size: 15.008px;\">Rozmery (\u0160xHxV):<\/b><span style=\"font-size: 15.008px;\">\u00a060x32x72 cm<br \/>\n<\/span>Horn\u00e1 skrinka G80K &#8211;\u00a0<b style=\"font-size: 15.008px;\">Rozmery (\u0160xHxV):<\/b><span style=\"font-size: 15.008px;\">\u00a080x32x36 cm<br \/>\n<\/span>Horn\u00e1 skrinka G60N &#8211;\u00a0<b style=\"font-size: 15.008px;\">Rozmery (\u0160xHxV):<\/b><span style=\"font-size: 15.008px;\">\u00a060x60x72 cm<br \/>\n<\/span>Horn\u00e1 skrinka G60KN &#8211;\u00a0<b style=\"font-size: 15.008px;\">Rozmery (\u0160xHxV):<\/b><span style=\"font-size: 15.008px;\">\u00a060x32x36 cm<br \/>\n<\/span>Horn\u00e1 skrinka G80 &#8211;\u00a0<b style=\"font-size: 15.008px;\">Rozmery (\u0160xHxV):<\/b><span style=\"font-size: 15.008px;\">\u00a080x32x72 cm<br \/>\n<\/span>Horn\u00e1 skrinka W200 &#8211;\u00a0<b style=\"font-size: 15.008px;\">Rozmery (\u0160xHxV):<\/b><span style=\"font-size: 15.008px;\">\u00a020x30x72 cm<br \/>\n<\/span>Doln\u00e1 skrinka D20P &#8211;\u00a0<b style=\"font-size: 15.008px;\">Rozmery (\u0160xHxV):<\/b><span style=\"font-size: 15.008px;\">\u00a020x45x82 cm<br \/>\n<\/span>Doln\u00e1 skrinka D25PZ &#8211;<b style=\"font-size: 15.008px;\">ozmery (\u0160xHxV):<\/b><span style=\"font-size: 15.008px;\">\u00a025x45x72<br \/>\n<\/span>Doln\u00e1 skrinka D20W &#8211;\u00a0<b style=\"font-size: 15.008px;\">Rozmery (\u0160xHxV):<\/b><span style=\"font-size: 15.008px;\">\u00a020x45x82 cm<br \/>\n<\/span>Spodn\u00e1 skrinka D30 &#8211;\u00a0<b style=\"font-size: 15.008px;\">Rozmery (\u0160xHxV):<\/b><span style=\"font-size: 15.008px;\">\u00a030x47x82 cm<br \/>\n<\/span>Doln\u00e1 skrinka D40 &#8211;\u00a0<b style=\"font-size: 15.008px;\">Rozmery (\u0160xHxV):<\/b><span style=\"font-size: 15.008px;\">\u00a040x47x82 cm<br \/>\n<\/span>Doln\u00e1 skrinka D40S1 &#8211;\u00a0<b style=\"font-size: 15.008px;\">Rozmery (\u0160xHxV):<\/b><span style=\"font-size: 15.008px;\">\u00a040x47x82 cm<br \/>\n<\/span>Doln\u00e1 skrinka D40S4 &#8211;\u00a0<b style=\"font-size: 15.008px;\">Rozmery (\u0160xHxV):<\/b><span style=\"font-size: 15.008px;\">\u00a040x47x82 cm<br \/>\n<\/span>Doln\u00e1 skrinka D601F &#8211;\u00a0<b style=\"font-size: 15.008px;\">Rozmery (\u0160xHxV):<\/b><span style=\"font-size: 15.008px;\">\u00a060x47x82 cm<br \/>\n<\/span>Doln\u00e1 skrinka D602F &#8211;\u00a0<b style=\"font-size: 15.008px;\">Rozmery (\u0160xHxV):<\/b><span style=\"font-size: 15.008px;\">\u00a060x47x82 cm<br \/>\n<\/span>Doln\u00e1 skrinka D60S3 &#8211;<b style=\"font-size: 15.008px;\">Rozmery (\u0160xHxV):<\/b><span style=\"font-size: 15.008px;\">\u00a060x47x82 cm<br \/>\n<\/span>Skrinka na chladni\u010dku D60ZL &#8211;\u00a0<b style=\"font-size: 15.008px;\">Rozmery (\u0160xHxV):<\/b><span style=\"font-size: 15.008px;\">\u00a060x58x212 cm<br \/>\n<\/span>Doln\u00e1 skrinka D80 &#8211;\u00a0<b style=\"font-size: 15.008px;\">Rozmery (\u0160xHxV):<\/b><span style=\"font-size: 15.008px;\">\u00a080x47x82 cm<br \/>\n<\/span>Doln\u00e1 skrinka D80S3 &#8211;\u00a0<b style=\"font-size: 15.008px;\">Rozmery (\u0160xHxV):<\/b><span style=\"font-size: 15.008px;\">\u00a080x47x82 cm<br \/>\n<\/span>Drezov\u00e1 skrinka D80Z &#8211;\u00a0<b style=\"font-size: 15.008px;\">Rozmery (\u0160xHxV):<\/b><span style=\"font-size: 15.008px;\">\u00a080x47x82 cm<br \/>\n<\/span>Doln\u00e1 rohov\u00e1 skrinka D90N &#8211;\u00a0<b style=\"font-size: 15.008px;\">Rozmery (\u0160xHxV):<\/b><span style=\"font-size: 15.008px;\">\u00a079\/90&#215;79\/90&#215;82 cm<br \/>\n<\/span>Skrinka na spotrebi\u010de D60ZL &#8211;\u00a0<b style=\"font-size: 15.008px;\">Rozmery (\u0160xHxV):<\/b><span style=\"font-size: 15.008px;\">\u00a060x50x82 cm<br \/>\n<\/span>potravinov\u00e1 skrinka D60P &#8211;\u00a0<b style=\"font-size: 15.008px;\">Rozmery (\u0160xHxV):<\/b><span style=\"font-size: 15.008px;\">\u00a060x58x212 cm<br \/>\n<\/span>Potravinov\u00e1 skrinka D40SP &#8211;\u00a0<b style=\"font-size: 15.008px;\">Rozmery (\u0160xHxV):<\/b><span style=\"font-size: 15.008px;\">\u00a040x58x212 cm<br \/>\n<\/span>Potravinov\u00e1 skrinka D60R &#8211;\u00a0<b style=\"font-size: 15.008px;\">Rozmery (\u0160xHxV):<\/b><span style=\"font-size: 15.008px;\">\u00a060x58x212 cm<br \/>\n<\/span><\/p>\n","protected":false},"excerpt":{"rendered":"<p><a href=\"mailto:nabytok.laguna@zoznam.sk\"><img loading=\"lazy\" decoding=\"async\" class=\"alignnone size-full wp-image-5342\" src=\"http:\/\/nabytoklaguna.sk\/sk\/wp-content\/uploads\/2017\/01\/N\u00e1vrh.png\" alt=\"\" width=\"366\" height=\"107\" \/><\/a><\/p>\n","protected":false},"featured_media":72023,"comment_status":"closed","ping_status":"closed","template":"","meta":{"_seopress_robots_primary_cat":"176","_seopress_titles_title":"","_seopress_titles_desc":"","_seopress_robots_index":""},"product_brand":[],"product_cat":[248,176],"product_tag":[],"class_list":{"0":"post-71944","1":"product","2":"type-product","3":"status-publish","4":"has-post-thumbnail","6":"product_cat-kuchyne-sektor","7":"product_cat-kuchyne","8":"pa_farba-biela-biely-extra-vysoky-lesk-hg","9":"pa_farba-biela-sivy-extra-vysoky-lesk-hg","10":"pa_typ-produktu-d20p","11":"pa_typ-produktu-d20w","12":"pa_typ-produktu-d25pz","13":"pa_typ-produktu-d30","14":"pa_typ-produktu-d40","15":"pa_typ-produktu-d40s1","16":"pa_typ-produktu-d40s4","17":"pa_typ-produktu-d40sp","18":"pa_typ-produktu-d601f","19":"pa_typ-produktu-d602f","20":"pa_typ-produktu-d60p","21":"pa_typ-produktu-d60r","22":"pa_typ-produktu-d60s3","23":"pa_typ-produktu-d60zk","24":"pa_typ-produktu-d60zl","25":"pa_typ-produktu-d80","26":"pa_typ-produktu-d80s3","27":"pa_typ-produktu-d80z","28":"pa_typ-produktu-d90n","29":"pa_typ-produktu-dvierka-umyvacky-446x570","30":"pa_typ-produktu-dvierka-umyvacky-446x713","31":"pa_typ-produktu-dvierka-umyvacky-596x570","32":"pa_typ-produktu-dvierka-umyvacky-596x713","33":"pa_typ-produktu-g25pz","34":"pa_typ-produktu-g30","35":"pa_typ-produktu-g40","36":"pa_typ-produktu-g50k","37":"pa_typ-produktu-g601f","38":"pa_typ-produktu-g602f","39":"pa_typ-produktu-g60k","40":"pa_typ-produktu-g60kn","41":"pa_typ-produktu-g60n","42":"pa_typ-produktu-g80","43":"pa_typ-produktu-g80k","44":"pa_typ-produktu-w200","46":"first","47":"onbackorder","48":"shipping-taxable","49":"purchasable","50":"product-type-variable"},"_links":{"self":[{"href":"https:\/\/nabytoklaguna.sk\/sk\/wp-json\/wp\/v2\/product\/71944","targetHints":{"allow":["GET"]}}],"collection":[{"href":"https:\/\/nabytoklaguna.sk\/sk\/wp-json\/wp\/v2\/product"}],"about":[{"href":"https:\/\/nabytoklaguna.sk\/sk\/wp-json\/wp\/v2\/types\/product"}],"replies":[{"embeddable":true,"href":"https:\/\/nabytoklaguna.sk\/sk\/wp-json\/wp\/v2\/comments?post=71944"}],"wp:featuredmedia":[{"embeddable":true,"href":"https:\/\/nabytoklaguna.sk\/sk\/wp-json\/wp\/v2\/media\/72023"}],"wp:attachment":[{"href":"https:\/\/nabytoklaguna.sk\/sk\/wp-json\/wp\/v2\/media?parent=71944"}],"wp:term":[{"taxonomy":"product_brand","embeddable":true,"href":"https:\/\/nabytoklaguna.sk\/sk\/wp-json\/wp\/v2\/product_brand?post=71944"},{"taxonomy":"product_cat","embeddable":true,"href":"https:\/\/nabytoklaguna.sk\/sk\/wp-json\/wp\/v2\/product_cat?post=71944"},{"taxonomy":"product_tag","embeddable":true,"href":"https:\/\/nabytoklaguna.sk\/sk\/wp-json\/wp\/v2\/product_tag?post=71944"}],"curies":[{"name":"wp","href":"https:\/\/api.w.org\/{rel}","templated":true}]}}