{"id":7251,"date":"2021-02-13T11:35:32","date_gmt":"2021-02-13T10:35:32","guid":{"rendered":"http:\/\/nabytoklaguna.sk\/sk\/shop\/sedacie-supravy\/latkove-sedacie-supravy\/rohove-supravy\/split\/"},"modified":"2025-06-02T13:53:56","modified_gmt":"2025-06-02T11:53:56","slug":"plits","status":"publish","type":"product","link":"https:\/\/nabytoklaguna.sk\/sk\/produkt\/plits\/","title":{"rendered":"STG PLITS"},"content":{"rendered":"<p><strong>Zme\u0148, prestavuj, prisp\u00f4sobuj<\/strong> \u2013 jednoducho zaria\u010fuj sa pod\u013ea potrieb a po\u017eiadaviek dan\u00e9ho momentu. Tak\u00e9to mo\u017enosti pre r\u00fdchlu zmenu z n\u00e1bytku na sedenie na n\u00e1bytok na spanie alebo oddych pon\u00faka <strong>sedacia s\u00faprava<\/strong> <strong>PLITS. <\/strong>Pridaj k\u00a0tomu zauj\u00edmav\u00fd dizajn, overen\u00e9 materi\u00e1ly a\u00a0prec\u00edzne prevedenie a\u00a0dostane\u0161 sedaciu s\u00fapravu hodn\u00fa modernej ob\u00fdva\u010dky aj rodinnej sp\u00e1lne.<\/p>\n<p><strong>Tri najd\u00f4le\u017eitej\u0161ie <\/strong>vlastnosti rohovej sedacej s\u00fapravy <strong>PLITS<\/strong><\/p>\n<p>Ve\u013ek\u00fd povrch sedacej s\u00fapravy <strong>PLITS <\/strong>a\u00a0premyslen\u00e9 rie\u0161enia ju predur\u010duj\u00fa do priestoru, v\u00a0ktorom tr\u00e1vime spolo\u010dn\u00fd \u010das s\u00a0rodinou.<\/p>\n<p><strong>1. pohybliv\u00e1 \u010das\u0165 sedacej s\u00fapravy<\/strong> jedin\u00fdm pohybom z\u00edska\u0161 priestor na spanie pre dve osoby<\/p>\n<p><strong>2. kovov\u00e9 no\u017ei\u010dky <\/strong>valcovit\u00e9 no\u017ei\u010dky jemne dv\u00edhaj\u00fa s\u00fapravu do v\u00fd\u0161ky, \u010d\u00edm jej dod\u00e1vaj\u00fa optick\u00fa \u013eahkos\u0165<\/p>\n<p><strong>3. kolieska na pres\u00favanie <\/strong>u\u013eah\u010duj\u00fa presunutie s\u00fapravy , s\u00fa vybaven\u00e9 blok\u00e1dou, ktor\u00fd zabr\u00e1ni presunu prvkov sedacej s\u00fapravy<\/p>\n<p><strong>Kon\u0161trukcia a premyslen\u00e9 detaily<\/strong> rohovej sedacej s\u00fapravy <strong>PLITS <\/strong>umo\u017e\u0148uj\u00fa r\u00fdchle a\u00a0jednoduch\u00e9 prisp\u00f4sobenie na funkciu na spanie alebo odpo\u010dinok. \u0160peci\u00e1lne kolieska zaru\u010duj\u00fa pres\u00favanie pohyblivej \u010dasti sedacej s\u00fapravy takmer bez n\u00e1mahy tak po koberci ako aj po in\u00fdch povrchoch.<\/p>\n<p><strong>Sedacia s\u00faprava PLITS\u00a0<\/strong>m\u00e1 jeden rozmer v pravej a \u013eavej verzii. Disponuje funkciou na spanie. V\u0161etky vank\u00fa\u0161e na obr\u00e1zkoch s\u00fa s\u00fa\u010das\u0165ou \u0161tandardn\u00e9ho vybavenia rohovej sedacej s\u00fapravy<strong> PLITS.<\/strong><\/p>\n<p><em><strong>Farebn\u00e9 prevedenie vank\u00fa\u0161ov si je mo\u017en\u00e9 prisp\u00f4sobi\u0165<\/strong><\/em><\/p>\n<p><strong>VZORKOVN\u00cdK L\u00c1TOK<\/strong><\/p>\n<p><a href=\"https:\/\/nabytoklaguna.sk\/sk\/wp-content\/uploads\/2021\/02\/STG-Potahove-latky.pdf\"><img loading=\"lazy\" decoding=\"async\" class=\"alignnone wp-image-100592 size-full\" src=\"https:\/\/nabytoklaguna.sk\/sk\/wp-content\/uploads\/2021\/01\/tlacidlo-vzorkovnik-latok-2.jpg\" alt=\"tlacidlo vzorkovnik latok (2)\" width=\"100\" height=\"100\" \/>Ceny s\u00fa platn\u00e9 pre l\u00e1tky v cenovej skupine 0.<\/a><\/p>\n<h3 class=\"page-product-heading\">VLASTNOSTI<\/h3>\n<p>&nbsp;<\/p>\n<table class=\"table-data-sheet\">\n<tbody>\n<tr class=\"odd\">\n<td>H\u013abka<\/td>\n<td>223 cm<\/td>\n<\/tr>\n<tr class=\"even\">\n<td>\u0160\u00edrka<\/td>\n<td>307 cm<\/td>\n<\/tr>\n<tr class=\"odd\">\n<td>V\u00fd\u0161ka<\/td>\n<td>72-82 cm<\/td>\n<\/tr>\n<tr class=\"even\">\n<td>Vhodn\u00e1 miestnos\u0165<\/td>\n<td>ob\u00fdva\u010dka, spolo\u010densk\u00e1 miestnos\u0165, hotely, kaviarne<\/td>\n<\/tr>\n<tr class=\"odd\">\n<td>Typ n\u00e1bytku<\/td>\n<td>rohov\u00e1 sedacia s\u00faprava<\/td>\n<\/tr>\n<tr class=\"even\">\n<td>\u0160t\u00fdl n\u00e1bytku<\/td>\n<td>modern\u00fd<\/td>\n<\/tr>\n<tr class=\"odd\">\n<td>Z\u00e1ruka<\/td>\n<td>2 roky<\/td>\n<\/tr>\n<tr class=\"even\">\n<td>Sp\u00f4sob dodania<\/td>\n<td>demont v dvoch bal\u00edkoch<\/td>\n<\/tr>\n<tr class=\"odd\">\n<td>Hmotnos\u0165<\/td>\n<td>159 kg<\/td>\n<\/tr>\n<tr class=\"even\">\n<td>\u00dalo\u017en\u00fd priestor<\/td>\n<td>nie<\/td>\n<\/tr>\n<tr class=\"odd\">\n<td>Rohov\u00e9 prevedenie<\/td>\n<td>\u00e1no<\/td>\n<\/tr>\n<tr class=\"even\">\n<td>V\u00fd\u0161ka sed\u00e1ka<\/td>\n<td>40 cm<\/td>\n<\/tr>\n<tr class=\"odd\">\n<td>V\u00fd\u0161ka zadn\u00e9ho \u010dela<\/td>\n<td>max. 82 cm<\/td>\n<\/tr>\n<tr class=\"even\">\n<td>Mo\u017enos\u0165 rozkladania<\/td>\n<td>\u00e1no<\/td>\n<\/tr>\n<tr class=\"odd\">\n<td>Plocha po rozlo\u017een\u00ed<\/td>\n<td>165&#215;202<\/td>\n<\/tr>\n<tr class=\"even\">\n<td>Kon\u0161trukcia<\/td>\n<td>mas\u00edv<\/td>\n<\/tr>\n<tr class=\"odd\">\n<td>N\u00f4\u017eky<\/td>\n<td>kov<\/td>\n<\/tr>\n<tr class=\"even\">\n<td>Obsahuje vank\u00fa\u0161e<\/td>\n<td>\u00e1no<\/td>\n<\/tr>\n<tr class=\"odd\">\n<td>Nastavenie opierok<\/td>\n<td>nie<\/td>\n<\/tr>\n<tr class=\"even\">\n<td>V\u00fdpl\u0148 seda\u010dky<\/td>\n<td>pena+ pru\u017eina<\/td>\n<\/tr>\n<\/tbody>\n<\/table>\n<p style=\"text-align: left;\">\n","protected":false},"excerpt":{"rendered":"<p>Zme\u0148, prestavuj, prisp\u00f4sobuj \u2013 jednoducho zaria\u010fuj sa pod\u013ea potrieb a po\u017eiadaviek dan\u00e9ho momentu. Tak\u00e9to mo\u017enosti pre r\u00fdchlu zmenu z n\u00e1bytku na sedenie na n\u00e1bytok na spanie alebo oddych pon\u00faka sedacia s\u00faprava PLITS. Pridaj k\u00a0tomu zauj\u00edmav\u00fd dizajn, overen\u00e9 materi\u00e1ly a\u00a0prec\u00edzne prevedenie a\u00a0dostane\u0161 sedaciu s\u00fapravu hodn\u00fa modernej ob\u00fdva\u010dky aj rodinnej sp\u00e1lne. Tri najd\u00f4le\u017eitej\u0161ie vlastnosti rohovej sedacej s\u00fapravy&#8230;<\/p>\n","protected":false},"featured_media":31284,"comment_status":"closed","ping_status":"closed","template":"","meta":{"_seopress_robots_primary_cat":"255","_seopress_titles_title":"","_seopress_titles_desc":"","_seopress_robots_index":""},"product_brand":[],"product_cat":[255],"product_tag":[],"class_list":{"0":"post-7251","1":"product","2":"type-product","3":"status-publish","4":"has-post-thumbnail","6":"product_cat-rohove-supravy","8":"first","9":"onbackorder","10":"shipping-taxable","11":"purchasable","12":"product-type-variable"},"_links":{"self":[{"href":"https:\/\/nabytoklaguna.sk\/sk\/wp-json\/wp\/v2\/product\/7251","targetHints":{"allow":["GET"]}}],"collection":[{"href":"https:\/\/nabytoklaguna.sk\/sk\/wp-json\/wp\/v2\/product"}],"about":[{"href":"https:\/\/nabytoklaguna.sk\/sk\/wp-json\/wp\/v2\/types\/product"}],"replies":[{"embeddable":true,"href":"https:\/\/nabytoklaguna.sk\/sk\/wp-json\/wp\/v2\/comments?post=7251"}],"wp:featuredmedia":[{"embeddable":true,"href":"https:\/\/nabytoklaguna.sk\/sk\/wp-json\/wp\/v2\/media\/31284"}],"wp:attachment":[{"href":"https:\/\/nabytoklaguna.sk\/sk\/wp-json\/wp\/v2\/media?parent=7251"}],"wp:term":[{"taxonomy":"product_brand","embeddable":true,"href":"https:\/\/nabytoklaguna.sk\/sk\/wp-json\/wp\/v2\/product_brand?post=7251"},{"taxonomy":"product_cat","embeddable":true,"href":"https:\/\/nabytoklaguna.sk\/sk\/wp-json\/wp\/v2\/product_cat?post=7251"},{"taxonomy":"product_tag","embeddable":true,"href":"https:\/\/nabytoklaguna.sk\/sk\/wp-json\/wp\/v2\/product_tag?post=7251"}],"curies":[{"name":"wp","href":"https:\/\/api.w.org\/{rel}","templated":true}]}}