{"id":7274,"date":"2021-02-13T11:35:32","date_gmt":"2021-02-13T10:35:32","guid":{"rendered":"http:\/\/nabytoklaguna.sk\/sk\/shop\/sedacie-supravy\/latkove-sedacie-supravy\/rohove-supravy\/amigo\/"},"modified":"2025-06-02T14:26:08","modified_gmt":"2025-06-02T12:26:08","slug":"amigo","status":"publish","type":"product","link":"https:\/\/nabytoklaguna.sk\/sk\/produkt\/amigo\/","title":{"rendered":"STG GOMI"},"content":{"rendered":"<p>Modern\u00fd interi\u00e9r v m\u00f3dnej sivej farbe bude ide\u00e1lnym\u00a0prostred\u00edm pre sedaciu s\u00fapravu<strong> GOMI<\/strong> \u010dal\u00fanen\u00fa l\u00e1tkou.<br \/>\nKr\u00e1sna sedacia s\u00faprava s vysok\u00fdmi, vyprofilovan\u00fdmi opierkami stoj\u00ed na ve\u013ek\u00fdch kovov\u00fdch<br \/>\nno\u017ei\u010dk\u00e1ch, ktor\u00e9 jej dodaj\u00fa optick\u00fa \u013eahkos\u0165 a priezra\u010dnos\u0165. <strong>Gomi<\/strong> odpor\u00fa\u010dame ako miesto pre<br \/>\ndenn\u00fd i no\u010dn\u00fd odpo\u010dinok.<\/p>\n<p>Samozrejmos\u0165ou je v\u00fdber po\u0165ahovej l\u00e1tky a <strong>prav\u00e9ho<\/strong> a<strong> \u013eav\u00e9ho<\/strong> prevedenia. Pros\u00edm uvies\u0165 v objedn\u00e1vke!!!<\/p>\n<p><span style=\"text-decoration: underline;\"><em><strong>Pre zobrazenie vzorkovn\u00edka l\u00e1tok kliknite tu:<\/strong><\/em><\/span><\/p>\n<p><a href=\"https:\/\/nabytoklaguna.sk\/sk\/wp-content\/uploads\/2021\/02\/STG-Potahove-latky.pdf\">STG Po\u0165ahov\u00e9 l\u00e1tky<\/a><\/p>\n<p><em><strong>3 najd\u00f4le\u017eitej\u0161ie vlastnosti rohovej sedacej s\u00fapravy GOMI<\/strong><\/em><\/p>\n<p>Sedacia s\u00faprava GOMI je bezkonkuren\u010dn\u00fdm rie\u0161en\u00edm pre zariadenie ob\u00fdva\u010dky ur\u010den\u00e9 priaznivcom modern\u00fdch foriem, pohodlia a diskr\u00e9tneho luxusu.<\/p>\n<p><em><strong>1. vysok\u00e1 podpora pre chrb\u00e1t<\/strong><\/em><br \/>\numo\u017e\u0148uje, aby si ka\u017ed\u00fd pou\u017e\u00edvate\u013e bez oh\u013eadu na\u00a0svoju v\u00fd\u0161ku vychutnal \u00fapln\u00e9 pohodlie<\/p>\n<p><strong>2. pevn\u00e9\u00a0pre\u0161itia<br \/>\n<\/strong>zvy\u0161uj\u00fa atraktivitu aj \u00fa\u017eitkov\u00fa hodnotu sedacej\u00a0s\u00fapravy<\/p>\n<p><strong>3.no\u017ei\u010dky vo forme valca<br \/>\n<\/strong>kovov\u00e9, pomerne vysok\u00e9, hodia sa k \u0161t\u00fdlu\u00a0rohovej sedacej s\u00fapravy.<\/p>\n<p><strong>Mo\u017enos\u0165 dok\u00fapi\u0165 Taburet v cene: 195,- eur <\/strong>alebo <strong>Kreslo v cene: 369,- eur.<\/strong><\/p>\n<p>Rozmer taburetu:<\/p>\n<p><strong>\u0160\u00edrka: <\/strong>110 cm<\/p>\n<p><strong>V\u00fd\u0161ka: <\/strong>45 cm<\/p>\n<p><strong>H\u013abka: <\/strong>72 cm<\/p>\n<p>Rozmer kresla:<\/p>\n<p><strong>\u0160\u00edrka:\u00a0<\/strong> 110 cm<\/p>\n<p><strong>Celkov\u00e1 v\u00fd\u0161ka: <\/strong>90 cm<\/p>\n<p><strong>V\u00fd\u0161ka sedu: <\/strong>45 cm<\/p>\n<p><strong>V\u00fd\u0161ka od zeme po pevn\u00fa \u010das\u0165: <\/strong>76 cm<\/p>\n<p><strong>H\u013abka: <\/strong>87 cm<\/p>\n<p><strong>VZORKOVN\u00cdK L\u00c1TOK<\/strong><\/p>\n<p><a href=\"https:\/\/nabytoklaguna.sk\/sk\/wp-content\/uploads\/2021\/02\/STG-Potahove-latky.pdf\"><img loading=\"lazy\" decoding=\"async\" class=\"alignnone wp-image-100592 size-full\" src=\"https:\/\/nabytoklaguna.sk\/sk\/wp-content\/uploads\/2021\/01\/tlacidlo-vzorkovnik-latok-2.jpg\" alt=\"tlacidlo vzorkovnik latok (2)\" width=\"100\" height=\"100\" \/><br \/>\n<\/a><\/p>\n<h3 class=\"page-product-heading\">VLASTNOSTI<\/h3>\n<table class=\"table-data-sheet\">\n<tbody>\n<tr class=\"odd\">\n<td>H\u013abka<\/td>\n<td>205 cm<\/td>\n<\/tr>\n<tr class=\"even\">\n<td>\u0160\u00edrka<\/td>\n<td>240 cm<\/td>\n<\/tr>\n<tr class=\"odd\">\n<td>V\u00fd\u0161ka<\/td>\n<td>85-90cm<\/td>\n<\/tr>\n<tr class=\"even\">\n<td>Vhodn\u00e1 miestnos\u0165<\/td>\n<td>ob\u00fdva\u010dka, spolo\u010densk\u00e1 miestnos\u0165, hotely, kaviarne<\/td>\n<\/tr>\n<tr class=\"odd\">\n<td>Typ n\u00e1bytku<\/td>\n<td>rohov\u00e1 sedacia s\u00faprava<\/td>\n<\/tr>\n<tr class=\"even\">\n<td>\u0160t\u00fdl n\u00e1bytku<\/td>\n<td>modern\u00fd<\/td>\n<\/tr>\n<tr class=\"odd\">\n<td>Z\u00e1ruka<\/td>\n<td>2 roky<\/td>\n<\/tr>\n<tr class=\"even\">\n<td>Sp\u00f4sob dodania<\/td>\n<td>demont v dvoch bal\u00edkoch<\/td>\n<\/tr>\n<tr class=\"odd\">\n<td>Hmotnos\u0165<\/td>\n<td>155 kg<\/td>\n<\/tr>\n<tr class=\"even\">\n<td>\u00dalo\u017en\u00fd priestor<\/td>\n<td>\u00e1no<\/td>\n<\/tr>\n<tr class=\"odd\">\n<td>Rohov\u00e9 prevedenie<\/td>\n<td>\u00e1no<\/td>\n<\/tr>\n<tr class=\"even\">\n<td>V\u00fd\u0161ka sed\u00e1ka<\/td>\n<td>45 cm<\/td>\n<\/tr>\n<tr class=\"odd\">\n<td>V\u00fd\u0161ka zadn\u00e9ho \u010dela<\/td>\n<td>85 cm-max. 90 cm<\/td>\n<\/tr>\n<tr class=\"even\">\n<td>Mo\u017enos\u0165 rozkladania<\/td>\n<td>\u00e1no<\/td>\n<\/tr>\n<tr class=\"odd\">\n<td>Plocha po rozlo\u017een\u00ed<\/td>\n<td>120\u00d7175 cm<\/td>\n<\/tr>\n<tr class=\"even\">\n<td>Kon\u0161trukcia<\/td>\n<td>mas\u00edv<\/td>\n<\/tr>\n<tr class=\"odd\">\n<td>N\u00f4\u017eky<\/td>\n<td>kov<\/td>\n<\/tr>\n<tr class=\"even\">\n<td>Obsahuje vank\u00fa\u0161e<\/td>\n<td>nie<\/td>\n<\/tr>\n<tr class=\"odd\">\n<td>Nastavenie opierok<\/td>\n<td>nie<\/td>\n<\/tr>\n<tr class=\"even\">\n<td>V\u00fdpl\u0148 seda\u010dky<\/td>\n<td>pena+ pru\u017eina<\/td>\n<\/tr>\n<\/tbody>\n<\/table>\n<p style=\"text-align: left;\">\n","protected":false},"excerpt":{"rendered":"<p>Modern\u00fd interi\u00e9r v m\u00f3dnej sivej farbe bude ide\u00e1lnym\u00a0prostred\u00edm pre sedaciu s\u00fapravu GOMI \u010dal\u00fanen\u00fa l\u00e1tkou. Kr\u00e1sna sedacia s\u00faprava s vysok\u00fdmi, vyprofilovan\u00fdmi opierkami stoj\u00ed na ve\u013ek\u00fdch kovov\u00fdch no\u017ei\u010dk\u00e1ch, ktor\u00e9 jej dodaj\u00fa optick\u00fa \u013eahkos\u0165 a priezra\u010dnos\u0165. Gomi odpor\u00fa\u010dame ako miesto pre denn\u00fd i no\u010dn\u00fd odpo\u010dinok. Samozrejmos\u0165ou je v\u00fdber po\u0165ahovej l\u00e1tky a prav\u00e9ho a \u013eav\u00e9ho prevedenia. Pros\u00edm uvies\u0165 v&#8230;<\/p>\n","protected":false},"featured_media":55611,"comment_status":"closed","ping_status":"closed","template":"","meta":{"_seopress_robots_primary_cat":"140","_seopress_titles_title":"","_seopress_titles_desc":"","_seopress_robots_index":""},"product_brand":[],"product_cat":[255,140],"product_tag":[],"class_list":{"0":"post-7274","1":"product","2":"type-product","3":"status-publish","4":"has-post-thumbnail","6":"product_cat-rohove-supravy","7":"product_cat-sedacie-supravy","8":"pa_typ-produktu-potahova-latka-skupina-0","9":"pa_typ-produktu-potahova-latka-skupina-1","10":"pa_typ-produktu-potahova-latka-skupina-2","12":"first","13":"onbackorder","14":"shipping-taxable","15":"purchasable","16":"product-type-variable"},"_links":{"self":[{"href":"https:\/\/nabytoklaguna.sk\/sk\/wp-json\/wp\/v2\/product\/7274","targetHints":{"allow":["GET"]}}],"collection":[{"href":"https:\/\/nabytoklaguna.sk\/sk\/wp-json\/wp\/v2\/product"}],"about":[{"href":"https:\/\/nabytoklaguna.sk\/sk\/wp-json\/wp\/v2\/types\/product"}],"replies":[{"embeddable":true,"href":"https:\/\/nabytoklaguna.sk\/sk\/wp-json\/wp\/v2\/comments?post=7274"}],"wp:featuredmedia":[{"embeddable":true,"href":"https:\/\/nabytoklaguna.sk\/sk\/wp-json\/wp\/v2\/media\/55611"}],"wp:attachment":[{"href":"https:\/\/nabytoklaguna.sk\/sk\/wp-json\/wp\/v2\/media?parent=7274"}],"wp:term":[{"taxonomy":"product_brand","embeddable":true,"href":"https:\/\/nabytoklaguna.sk\/sk\/wp-json\/wp\/v2\/product_brand?post=7274"},{"taxonomy":"product_cat","embeddable":true,"href":"https:\/\/nabytoklaguna.sk\/sk\/wp-json\/wp\/v2\/product_cat?post=7274"},{"taxonomy":"product_tag","embeddable":true,"href":"https:\/\/nabytoklaguna.sk\/sk\/wp-json\/wp\/v2\/product_tag?post=7274"}],"curies":[{"name":"wp","href":"https:\/\/api.w.org\/{rel}","templated":true}]}}