{"id":7280,"date":"2021-02-13T11:35:32","date_gmt":"2021-02-13T10:35:32","guid":{"rendered":"http:\/\/nabytoklaguna.sk\/sk\/shop\/sedacie-supravy\/latkove-sedacie-supravy\/rohove-supravy\/dubai\/"},"modified":"2025-06-02T14:34:25","modified_gmt":"2025-06-02T12:34:25","slug":"dubai","status":"publish","type":"product","link":"https:\/\/nabytoklaguna.sk\/sk\/produkt\/dubai\/","title":{"rendered":"STG BLADE OSB+3F+R+2SB"},"content":{"rendered":"<table id=\"parameters_table_above_spec\" class=\"comments detail_params_tables\" cellspacing=\"0\" cellpadding=\"0\">\n<tbody>\n<tr id=\"parameter_row_368975\" class=\"dark params_row\">\n<td class=\"param_name_cells\"><\/td>\n<td class=\"param_value_cells\" colspan=\"3\" width=\"65%\"><\/td>\n<\/tr>\n<tr id=\"parameter_row_368976\" class=\"light params_row\">\n<td class=\"param_name_cells\"><\/td>\n<td class=\"param_value_cells\" colspan=\"3\" width=\"65%\"><\/td>\n<\/tr>\n<tr id=\"parameter_row_451152\" class=\"dark params_row\">\n<td class=\"param_name_cells\"><\/td>\n<td class=\"param_value_cells\" colspan=\"3\" width=\"65%\"><\/td>\n<\/tr>\n<\/tbody>\n<\/table>\n<p>BLADE je skuto\u010dn\u00fdm hitom a l\u00eddrom ma\u00a0v predaji u\u017e nieko\u013eko rokov. \u010co mu v\u010fa\u010d\u00ed za tak\u00fa\u00a0ob\u013e\u00fabenos\u0165? Klasick\u00fdm vzorom a dostupnosti mnoh\u00fdch\u00a0prvkov, ktor\u00e9 umo\u017e\u0148uj\u00fa vytv\u00e1ranie r\u00f4znych kombin\u00e1ci\u00ed\u00a0rohov\u00fdch sedac\u00edch s\u00faprav. Blade v\u00e1m pon\u00faka dokonal\u00e9 pohodlie pri seden\u00ed v\u010faka tvaru a v\u00fd\u0161ke chrbtovej opierky. Seda\u010dka Blade je samozrejme vybaven\u00e1 \u00falo\u017en\u00fdm priestorom aj rozkladan\u00edm, po rozlo\u017een\u00ed vznikne plocha na spanie 120 x 250 cm<\/p>\n<p>Syst\u00e9m Blade tie\u017e pon\u00faka\u00a0nieko\u013eko modelov pohoviek a kresiel. Pomocou <a href=\"https:\/\/www.stagra.sk\/stagra\/Dubai-c2_9_3.htm\">dostupn\u00fdch elementov<\/a> je mo\u017en\u00e9 vysklada\u0165 r\u00f4zne verzie sedacej s\u00fapravy Blade<\/p>\n<p><strong>Sedacia s\u00faprava ma rozklad i \u00falo\u017en\u00fd priestor.<\/strong><\/p>\n<p><strong>VZORKOVN\u00cdK L\u00c1TOK<\/strong><\/p>\n<p><a href=\"https:\/\/nabytoklaguna.sk\/sk\/wp-content\/uploads\/2021\/02\/stagra-vzorkovniky.docx\"><img loading=\"lazy\" decoding=\"async\" class=\"alignnone size-full wp-image-100592\" src=\"https:\/\/nabytoklaguna.sk\/sk\/wp-content\/uploads\/2021\/01\/tlacidlo-vzorkovnik-latok-2.jpg\" alt=\"tlacidlo vzorkovnik latok (2)\" width=\"100\" height=\"100\" \/><\/a><\/p>\n<h3 class=\"page-product-heading\">VLASTNOSTI<\/h3>\n<table class=\"table-data-sheet\">\n<tbody>\n<tr class=\"odd\">\n<td>H\u013abka<\/td>\n<td>153\/211 cm<\/td>\n<\/tr>\n<tr class=\"even\">\n<td>\u0160\u00edrka<\/td>\n<td>311 cm<\/td>\n<\/tr>\n<tr class=\"odd\">\n<td>V\u00fd\u0161ka<\/td>\n<td>101 cm<\/td>\n<\/tr>\n<tr class=\"even\">\n<td>Vhodn\u00e1 miestnos\u0165<\/td>\n<td>ob\u00fdva\u010dka, spolo\u010densk\u00e1 miestnos\u0165, hotely, kaviarne<\/td>\n<\/tr>\n<tr class=\"odd\">\n<td>Typ n\u00e1bytku<\/td>\n<td>sedacia s\u00faprava v tvare U<\/td>\n<\/tr>\n<tr class=\"even\">\n<td>\u0160t\u00fdl n\u00e1bytku<\/td>\n<td>modern\u00fd<\/td>\n<\/tr>\n<tr class=\"odd\">\n<td>Z\u00e1ruka<\/td>\n<td>2 roky<\/td>\n<\/tr>\n<tr class=\"even\">\n<td>Sp\u00f4sob dodania<\/td>\n<td>demont v troch bal\u00edkoch<\/td>\n<\/tr>\n<tr class=\"odd\">\n<td>Hmotnos\u0165<\/td>\n<td>202 kg<\/td>\n<\/tr>\n<tr class=\"even\">\n<td>\u00dalo\u017en\u00fd priestor<\/td>\n<td>\u00e1no<\/td>\n<\/tr>\n<tr class=\"odd\">\n<td>Rohov\u00e9 prevedenie<\/td>\n<td>\u00e1no<\/td>\n<\/tr>\n<tr class=\"even\">\n<td>V\u00fd\u0161ka sed\u00e1ka<\/td>\n<td>44 cm<\/td>\n<\/tr>\n<tr class=\"odd\">\n<td>V\u00fd\u0161ka zadn\u00e9ho \u010dela<\/td>\n<td>max. 101 cm<\/td>\n<\/tr>\n<tr class=\"even\">\n<td>Mo\u017enos\u0165 rozkladania<\/td>\n<td>\u00e1no<\/td>\n<\/tr>\n<tr class=\"odd\">\n<td>Plocha po rozlo\u017een\u00ed<\/td>\n<td>120\u00d7250 cm<\/td>\n<\/tr>\n<tr class=\"even\">\n<td>Kon\u0161trukcia<\/td>\n<td>mas\u00edv<\/td>\n<\/tr>\n<tr class=\"odd\">\n<td>N\u00f4\u017eky<\/td>\n<td>kov<\/td>\n<\/tr>\n<tr class=\"even\">\n<td>Obsahuje vank\u00fa\u0161e<\/td>\n<td>nie<\/td>\n<\/tr>\n<tr class=\"odd\">\n<td>Nastavenie opierok<\/td>\n<td>nie<\/td>\n<\/tr>\n<tr class=\"even\">\n<td>V\u00fdpl\u0148 seda\u010dky<\/td>\n<td>pena+ pru\u017eina<\/td>\n<\/tr>\n<\/tbody>\n<\/table>\n<p style=\"text-align: left;\">\n","protected":false},"excerpt":{"rendered":"<p>BLADE je skuto\u010dn\u00fdm hitom a l\u00eddrom ma\u00a0v predaji u\u017e nieko\u013eko rokov. \u010co mu v\u010fa\u010d\u00ed za tak\u00fa\u00a0ob\u013e\u00fabenos\u0165? Klasick\u00fdm vzorom a dostupnosti mnoh\u00fdch\u00a0prvkov, ktor\u00e9 umo\u017e\u0148uj\u00fa vytv\u00e1ranie r\u00f4znych kombin\u00e1ci\u00ed\u00a0rohov\u00fdch sedac\u00edch s\u00faprav. Blade v\u00e1m pon\u00faka dokonal\u00e9 pohodlie pri seden\u00ed v\u010faka tvaru a v\u00fd\u0161ke chrbtovej opierky. Seda\u010dka Blade je samozrejme vybaven\u00e1 \u00falo\u017en\u00fdm priestorom aj rozkladan\u00edm, po rozlo\u017een\u00ed vznikne plocha na&#8230;<\/p>\n","protected":false},"featured_media":56308,"comment_status":"closed","ping_status":"closed","template":"","meta":{"_seopress_robots_primary_cat":"140","_seopress_titles_title":"","_seopress_titles_desc":"","_seopress_robots_index":""},"product_brand":[],"product_cat":[255,140],"product_tag":[],"class_list":{"0":"post-7280","1":"product","2":"type-product","3":"status-publish","4":"has-post-thumbnail","6":"product_cat-rohove-supravy","7":"product_cat-sedacie-supravy","9":"first","10":"onbackorder","11":"shipping-taxable","12":"purchasable","13":"product-type-variable"},"_links":{"self":[{"href":"https:\/\/nabytoklaguna.sk\/sk\/wp-json\/wp\/v2\/product\/7280","targetHints":{"allow":["GET"]}}],"collection":[{"href":"https:\/\/nabytoklaguna.sk\/sk\/wp-json\/wp\/v2\/product"}],"about":[{"href":"https:\/\/nabytoklaguna.sk\/sk\/wp-json\/wp\/v2\/types\/product"}],"replies":[{"embeddable":true,"href":"https:\/\/nabytoklaguna.sk\/sk\/wp-json\/wp\/v2\/comments?post=7280"}],"wp:featuredmedia":[{"embeddable":true,"href":"https:\/\/nabytoklaguna.sk\/sk\/wp-json\/wp\/v2\/media\/56308"}],"wp:attachment":[{"href":"https:\/\/nabytoklaguna.sk\/sk\/wp-json\/wp\/v2\/media?parent=7280"}],"wp:term":[{"taxonomy":"product_brand","embeddable":true,"href":"https:\/\/nabytoklaguna.sk\/sk\/wp-json\/wp\/v2\/product_brand?post=7280"},{"taxonomy":"product_cat","embeddable":true,"href":"https:\/\/nabytoklaguna.sk\/sk\/wp-json\/wp\/v2\/product_cat?post=7280"},{"taxonomy":"product_tag","embeddable":true,"href":"https:\/\/nabytoklaguna.sk\/sk\/wp-json\/wp\/v2\/product_tag?post=7280"}],"curies":[{"name":"wp","href":"https:\/\/api.w.org\/{rel}","templated":true}]}}