{"id":73347,"date":"2021-04-30T11:04:14","date_gmt":"2021-04-30T09:04:14","guid":{"rendered":"https:\/\/nabytoklaguna.sk\/sk\/?post_type=product&#038;p=73347"},"modified":"2025-03-26T11:30:00","modified_gmt":"2025-03-26T10:30:00","slug":"wip-kama","status":"publish","type":"product","link":"https:\/\/nabytoklaguna.sk\/sk\/produkt\/wip-kama\/","title":{"rendered":"W AMA"},"content":{"rendered":"<p><strong>Modern\u00fd sektorov\u00fd<\/strong> n\u00e1bytok <strong>W AMA<\/strong> vnesie luxus do va\u0161ho interi\u00e9ru. Sektorov\u00fd n\u00e1bytok <strong>W AMA<\/strong> sa vyzna\u010duje <strong>vysokou kvalitou<\/strong>. Je\u00a0 vhodn\u00fd na zariadenie ob\u00fdvac\u00edch izieb vo farebnom preveden\u00ed <strong>dub samargue\/\u010dierna<\/strong>. Dvierka a \u0161upl\u00edky sa otv\u00e1raj\u00fa pomocou<strong> kovov\u00fdch \u00fachytiek.<\/strong> Je mo\u017en\u00e9 si dok\u00fapi\u0165 <strong>LED osvetlenie<\/strong>, k vitr\u00edne 12, 10 a 15 za pr\u00edplatok<\/p>\n<p>Komoda 45\u00a0<strong>&#8211; Rozmery (\u0160xHxV) &#8211;\u00a0<\/strong>151x40x86 cm<br \/>\nKonferen\u010dn\u00fd stol\u00edk 41\u00a0<strong>&#8211; Rozmery (\u0160xHxV) &#8211;\u00a0<\/strong>110x60x45 cm<br \/>\nPolica 35 <strong>&#8211; Rozmery (\u0160xHxV) &#8211;\u00a0<\/strong>144x23x23 cm<br \/>\nTV stol\u00edk 25\u00a0<strong>&#8211; Rozmery (\u0160xHxV) &#8211;\u00a0<\/strong>171x40x56 cm<br \/>\nVitr\u00edna 10\u00a0<strong>&#8211; Rozmery (\u0160xHxV) &#8211;\u00a0<\/strong>67x40x199 cm<br \/>\nTV stol\u00edk 24\u00a0<strong>&#8211; Rozmery (\u0160xHxV) &#8211;\u00a0<\/strong>119x40x44 cm<br \/>\nSkri\u0148a 70\u00a0<strong>&#8211; Rozmery (\u0160xHxV) &#8211;\u00a0<\/strong>97x60x199 cm<br \/>\nVitr\u00edna 15\u00a0<strong>&#8211; Rozmery (\u0160xHxV) &#8211;\u00a0<\/strong>119x40x148 cm<\/p>\n<p>&nbsp;<\/p>\n","protected":false},"excerpt":{"rendered":"<p>Modern\u00fd sektorov\u00fd n\u00e1bytok W AMA vnesie luxus do va\u0161ho interi\u00e9ru. Sektorov\u00fd n\u00e1bytok W AMA sa vyzna\u010duje vysokou kvalitou. Je\u00a0 vhodn\u00fd na zariadenie ob\u00fdvac\u00edch izieb vo farebnom preveden\u00ed dub samargue\/\u010dierna. Dvierka a \u0161upl\u00edky sa otv\u00e1raj\u00fa pomocou kovov\u00fdch \u00fachytiek. Je mo\u017en\u00e9 si dok\u00fapi\u0165 LED osvetlenie, k vitr\u00edne 12, 10 a 15 za pr\u00edplatok Komoda 45\u00a0&#8211; Rozmery (\u0160xHxV)&#8230;<\/p>\n","protected":false},"featured_media":122599,"comment_status":"closed","ping_status":"closed","template":"","meta":{"_seopress_robots_primary_cat":"183","_seopress_titles_title":"","_seopress_titles_desc":"","_seopress_robots_index":""},"product_brand":[],"product_cat":[183,824,222],"product_tag":[],"class_list":{"0":"post-73347","1":"product","2":"type-product","3":"status-publish","4":"has-post-thumbnail","6":"product_cat-sektorove-obyvacie-steny","7":"product_cat-rtv-stoliky","8":"product_cat-komody","9":"pa_typ-produktu-komoda-45","10":"pa_typ-produktu-konferencny-stolik-41","11":"pa_typ-produktu-polica-35","12":"pa_typ-produktu-skrina-70","13":"pa_typ-produktu-tv-stolik-24","14":"pa_typ-produktu-tv-stolik-25","15":"pa_typ-produktu-vitrina-10","16":"pa_typ-produktu-vitrina-12","17":"pa_typ-produktu-vitrina-15","19":"first","20":"onbackorder","21":"shipping-taxable","22":"purchasable","23":"product-type-variable"},"_links":{"self":[{"href":"https:\/\/nabytoklaguna.sk\/sk\/wp-json\/wp\/v2\/product\/73347","targetHints":{"allow":["GET"]}}],"collection":[{"href":"https:\/\/nabytoklaguna.sk\/sk\/wp-json\/wp\/v2\/product"}],"about":[{"href":"https:\/\/nabytoklaguna.sk\/sk\/wp-json\/wp\/v2\/types\/product"}],"replies":[{"embeddable":true,"href":"https:\/\/nabytoklaguna.sk\/sk\/wp-json\/wp\/v2\/comments?post=73347"}],"wp:featuredmedia":[{"embeddable":true,"href":"https:\/\/nabytoklaguna.sk\/sk\/wp-json\/wp\/v2\/media\/122599"}],"wp:attachment":[{"href":"https:\/\/nabytoklaguna.sk\/sk\/wp-json\/wp\/v2\/media?parent=73347"}],"wp:term":[{"taxonomy":"product_brand","embeddable":true,"href":"https:\/\/nabytoklaguna.sk\/sk\/wp-json\/wp\/v2\/product_brand?post=73347"},{"taxonomy":"product_cat","embeddable":true,"href":"https:\/\/nabytoklaguna.sk\/sk\/wp-json\/wp\/v2\/product_cat?post=73347"},{"taxonomy":"product_tag","embeddable":true,"href":"https:\/\/nabytoklaguna.sk\/sk\/wp-json\/wp\/v2\/product_tag?post=73347"}],"curies":[{"name":"wp","href":"https:\/\/api.w.org\/{rel}","templated":true}]}}