{"id":73648,"date":"2021-04-30T11:04:14","date_gmt":"2021-04-30T09:04:14","guid":{"rendered":"https:\/\/nabytoklaguna.sk\/sk\/?post_type=product&#038;p=73648"},"modified":"2022-08-19T11:59:18","modified_gmt":"2022-08-19T09:59:18","slug":"aut-2010","status":"publish","type":"product","link":"https:\/\/nabytoklaguna.sk\/sk\/produkt\/aut-2010\/","title":{"rendered":"AUT AUT-2010"},"content":{"rendered":"<p><span id=\"ctl00_ctl00_PageCPH_MainCPH_PopisLb\">Modern\u00fd jed\u00e1lensk\u00fd set zlo\u017een\u00fd z dvoch stoli\u010diek a jed\u00e1lensk\u00e9ho stola. Doska stola z 1,5 cm vysokej MDF\u00a0 je pripevnen\u00e1 k modernej kovovej podno\u017ei, ktor\u00e1 je lakovan\u00e1 \u010diernou matnou farbou. S\u00fa\u010das\u0165ou podno\u017ee s\u00fa \u010dierne plastov\u00e9 klz\u00e1ky, ktor\u00e9 zni\u017euj\u00fa riziko po\u0161kodenia Va\u0161ej podlahy. Jed\u00e1lensk\u00e9 stoli\u010dky maj\u00fa sed\u00e1k a opierku z MDF v dekore stolovej dosky. Podno\u017e je z kovu lakovan\u00e1 \u010diernou matnou farbou. S\u00fa\u010das\u0165ou podno\u017ee s\u00fa plastov\u00e9 klz\u00e1ky, ktor\u00e9 zni\u017euj\u00fa riziko po\u0161kodenia podlahy.<\/span><\/p>\n<p><span id=\"ctl00_ctl00_PageCPH_MainCPH_PopisLb\">Nosnos\u0165 stoli\u010dky je 90 kg.<\/span><\/p>\n<p>Rozmer stola: 70 x 70 x 75 cm<\/p>\n<p><span id=\"ctl00_ctl00_PageCPH_MainCPH_PopisLb\">Dod\u00e1van\u00e9 v demonte<\/span><\/p>\n","protected":false},"excerpt":{"rendered":"<p>Modern\u00fd jed\u00e1lensk\u00fd set zlo\u017een\u00fd z dvoch stoli\u010diek a jed\u00e1lensk\u00e9ho stola. Doska stola z 1,5 cm vysokej MDF\u00a0 je pripevnen\u00e1 k modernej kovovej podno\u017ei, ktor\u00e1 je lakovan\u00e1 \u010diernou matnou farbou. S\u00fa\u010das\u0165ou podno\u017ee s\u00fa \u010dierne plastov\u00e9 klz\u00e1ky, ktor\u00e9 zni\u017euj\u00fa riziko po\u0161kodenia Va\u0161ej podlahy. Jed\u00e1lensk\u00e9 stoli\u010dky maj\u00fa sed\u00e1k a opierku z MDF v dekore stolovej dosky. Podno\u017e je&#8230;<\/p>\n","protected":false},"featured_media":73653,"comment_status":"closed","ping_status":"closed","template":"","meta":{"_seopress_robots_primary_cat":"246","_seopress_titles_title":"","_seopress_titles_desc":"","_seopress_robots_index":""},"product_brand":[],"product_cat":[246],"product_tag":[],"class_list":{"0":"post-73648","1":"product","2":"type-product","3":"status-publish","4":"has-post-thumbnail","6":"product_cat-jedalenske-sety","7":"pa_farba-beton","8":"pa_farba-dub","10":"first","11":"onbackorder","12":"shipping-taxable","13":"purchasable","14":"product-type-variable"},"_links":{"self":[{"href":"https:\/\/nabytoklaguna.sk\/sk\/wp-json\/wp\/v2\/product\/73648","targetHints":{"allow":["GET"]}}],"collection":[{"href":"https:\/\/nabytoklaguna.sk\/sk\/wp-json\/wp\/v2\/product"}],"about":[{"href":"https:\/\/nabytoklaguna.sk\/sk\/wp-json\/wp\/v2\/types\/product"}],"replies":[{"embeddable":true,"href":"https:\/\/nabytoklaguna.sk\/sk\/wp-json\/wp\/v2\/comments?post=73648"}],"wp:featuredmedia":[{"embeddable":true,"href":"https:\/\/nabytoklaguna.sk\/sk\/wp-json\/wp\/v2\/media\/73653"}],"wp:attachment":[{"href":"https:\/\/nabytoklaguna.sk\/sk\/wp-json\/wp\/v2\/media?parent=73648"}],"wp:term":[{"taxonomy":"product_brand","embeddable":true,"href":"https:\/\/nabytoklaguna.sk\/sk\/wp-json\/wp\/v2\/product_brand?post=73648"},{"taxonomy":"product_cat","embeddable":true,"href":"https:\/\/nabytoklaguna.sk\/sk\/wp-json\/wp\/v2\/product_cat?post=73648"},{"taxonomy":"product_tag","embeddable":true,"href":"https:\/\/nabytoklaguna.sk\/sk\/wp-json\/wp\/v2\/product_tag?post=73648"}],"curies":[{"name":"wp","href":"https:\/\/api.w.org\/{rel}","templated":true}]}}