{"id":73852,"date":"2021-04-30T11:04:14","date_gmt":"2021-04-30T09:04:14","guid":{"rendered":"https:\/\/nabytoklaguna.sk\/sk\/?post_type=product&#038;p=73852"},"modified":"2025-02-24T12:16:49","modified_gmt":"2025-02-24T11:16:49","slug":"tv-5060","status":"publish","type":"product","link":"https:\/\/nabytoklaguna.sk\/sk\/produkt\/tv-5060\/","title":{"rendered":"AUT TV-5060"},"content":{"rendered":"<p>Objavte \u010daro polohovacieho relaxa\u010dn\u00e9ho kresla, ktor\u00e9 sa v\u017edy prisp\u00f4sob\u00ed va\u0161im potreb\u00e1m. Kreslo je \u010dal\u00fanen\u00e9 kvalitnou l\u00e1tkou, stabilitu zabezpe\u010duje kovov\u00e1 podno\u017e \u010diernej farby. Kreslo je mechanicky polohovacie, jednoduch\u00fdm mechanizmom ho dok\u00e1\u017eete sklopi\u0165 do relaxa\u010dnej polohy.<\/p>\n<p>Rozmery: <span id=\"ctl00_ctl00_PageCPH_MainCPH_RozmeryLBL\" class=\"blue\">77x92x102 cm<br \/>\n<\/span><\/p>\n","protected":false},"excerpt":{"rendered":"<p>Objavte \u010daro polohovacieho relaxa\u010dn\u00e9ho kresla, ktor\u00e9 sa v\u017edy prisp\u00f4sob\u00ed va\u0161im potreb\u00e1m. Kreslo je \u010dal\u00fanen\u00e9 kvalitnou l\u00e1tkou, stabilitu zabezpe\u010duje kovov\u00e1 podno\u017e \u010diernej farby. Kreslo je mechanicky polohovacie, jednoduch\u00fdm mechanizmom ho dok\u00e1\u017eete sklopi\u0165 do relaxa\u010dnej polohy. Rozmery: 77x92x102 cm<\/p>\n","protected":false},"featured_media":73860,"comment_status":"closed","ping_status":"closed","template":"","meta":{"_seopress_robots_primary_cat":"231","_seopress_titles_title":"","_seopress_titles_desc":"","_seopress_robots_index":""},"product_brand":[],"product_cat":[231],"product_tag":[],"class_list":{"0":"post-73852","1":"product","2":"type-product","3":"status-publish","4":"has-post-thumbnail","6":"product_cat-kresla","7":"pa_farba-cappucino","8":"pa_farba-svetlosiva","9":"pa_farba-tmavosiva","11":"first","12":"onbackorder","13":"shipping-taxable","14":"purchasable","15":"product-type-variable"},"_links":{"self":[{"href":"https:\/\/nabytoklaguna.sk\/sk\/wp-json\/wp\/v2\/product\/73852","targetHints":{"allow":["GET"]}}],"collection":[{"href":"https:\/\/nabytoklaguna.sk\/sk\/wp-json\/wp\/v2\/product"}],"about":[{"href":"https:\/\/nabytoklaguna.sk\/sk\/wp-json\/wp\/v2\/types\/product"}],"replies":[{"embeddable":true,"href":"https:\/\/nabytoklaguna.sk\/sk\/wp-json\/wp\/v2\/comments?post=73852"}],"wp:featuredmedia":[{"embeddable":true,"href":"https:\/\/nabytoklaguna.sk\/sk\/wp-json\/wp\/v2\/media\/73860"}],"wp:attachment":[{"href":"https:\/\/nabytoklaguna.sk\/sk\/wp-json\/wp\/v2\/media?parent=73852"}],"wp:term":[{"taxonomy":"product_brand","embeddable":true,"href":"https:\/\/nabytoklaguna.sk\/sk\/wp-json\/wp\/v2\/product_brand?post=73852"},{"taxonomy":"product_cat","embeddable":true,"href":"https:\/\/nabytoklaguna.sk\/sk\/wp-json\/wp\/v2\/product_cat?post=73852"},{"taxonomy":"product_tag","embeddable":true,"href":"https:\/\/nabytoklaguna.sk\/sk\/wp-json\/wp\/v2\/product_tag?post=73852"}],"curies":[{"name":"wp","href":"https:\/\/api.w.org\/{rel}","templated":true}]}}