{"id":75215,"date":"2021-04-30T11:04:14","date_gmt":"2021-04-30T09:04:14","guid":{"rendered":"https:\/\/nabytoklaguna.sk\/sk\/?post_type=product&#038;p=75215"},"modified":"2024-04-15T12:16:51","modified_gmt":"2024-04-15T10:16:51","slug":"wip-markos-spalnova-zostava","status":"publish","type":"product","link":"https:\/\/nabytoklaguna.sk\/sk\/produkt\/wip-markos-spalnova-zostava\/","title":{"rendered":"W MAREK sp\u00e1l\u0148ov\u00e1 zostava"},"content":{"rendered":"<p>Sp\u00e1l\u0148a<strong> W MAREK<\/strong>\u00a0je ve\u013emi modern\u00e1 sp\u00e1l\u0148ov\u00e1 zostava, ktor\u00e1 sa vyr\u00e1ba v dvoch farebn\u00fdch prevedeniach: Dub sonoma\/biely mat, Borovica anderson\/dub. Je to sektorov\u00e1 sp\u00e1l\u0148a kde si m\u00f4\u017ete vybra\u0165 n\u00e1bytok pod\u013ea toho \u010do sa V\u00e1m najviac hod\u00ed. ABS hrany predl\u017euj\u00fa \u017eivotnos\u0165 n\u00e1bytku<\/p>\n<p>Skri\u0148a 4D je rozdelen\u00e1 na dve \u010dasti, v \u013eavej polovici je ty\u010d na ve\u0161anie, v pravej polovici s\u00fa police. Poste\u013e sa vyr\u00e1ba v dvoch rozmeroch 160,180 cm. K posteli je ro\u0161t dod\u00e1van\u00fd\u00a0 gr\u00e1tis, bez matraca. Matrac si m\u00f4\u017ete vybra\u0165 z na\u0161ej ponuky. S\u00fa\u010das\u0165ou ka\u017edej sp\u00e1lne s\u00fa no\u010dn\u00e9 stol\u00edky. No\u010dn\u00fd stol\u00edk sp\u00e1lne W Santos m\u00e1 odkladac\u00ed priestor a jednu z\u00e1suvku. Komoda W Santos V\u00e1m poskytne dostatok \u00falo\u017en\u00e9ho\u00a0 priestoru\u00a0 vo forme \u0161tyroch z\u00e1suviek<\/p>\n<p><strong>Sp\u00e1l\u0148ov\u00fd komplet\u00a0 obsahuje<\/strong>: Komoda, No\u010dn\u00fd stol\u00edk 2ks, Poste\u013e 160 s ro\u0161tom bez matraca, Skri\u0148a 4D. Mo\u017enos\u0165 objedna\u0165 sp\u00e1l\u0148ov\u00fd komplet, ktor\u00fd obsahuje :Komoda, No\u010dn\u00fd stol\u00edk 2ks, Poste\u013e 180 s ro\u0161tom bez matraca, Skri\u0148a 4D<\/p>\n<ul>\n<li><b>Materi\u00e1l:<\/b>\u00a0DTD laminovan\u00e1<\/li>\n<li>ABS hrany<\/li>\n<li><b>Farba:<\/b>\u00a0Dub sonoma\/biely mat, Borovica anderson\/dub<\/li>\n<li><b>Rozmery skri\u0148a 4D (\u0160xHxV):<\/b>\u00a0201x58x214 cm<\/li>\n<li>\u0160tvordverov\u00e1<\/li>\n<li>Ve\u0161iakov\u00e1 \u010das\u0165<\/li>\n<li>Policov\u00e1 \u010das\u0165<\/li>\n<li>So zrkadlom<\/li>\n<li><b>Rozmery no\u010dn\u00fd stol\u00edk(2ks) (\u0160xHxV):<\/b>\u00a051x37x45,5 cm<\/li>\n<li>Jeden \u0161ufl\u00edk<\/li>\n<li>Dod\u00e1van\u00e9 su v\u017edy dva no\u010dn\u00e9 stol\u00edky<\/li>\n<li><b>Rozmery poste\u013e (\u0160xHxV):<\/b>\u00a0166x204x85 cm, 186x204x85 cm<\/li>\n<li><b>Plocha na spanie (\u0160xD):<\/b>\u00a0160\u00d7200 cm, 180 x 200 cm<\/li>\n<li><b>Nosnos\u0165 na jedno l\u00f4\u017eko:<\/b>\u00a0100 kg<\/li>\n<li>Bez \u00falo\u017en\u00e9ho priestoru<\/li>\n<li>Dod\u00e1van\u00e1 s ro\u0161tom bez matracom<\/li>\n<li>Mo\u017enos\u0165 dok\u00fapi\u0165 matrac z na\u0161ej ponuky<\/li>\n<li><b>Rozmery komoda (\u0160xHxV):<\/b> 103x40x92 cm<\/li>\n<li>\u0160tyri z\u00e1suvky<\/li>\n<li>Dod\u00e1van\u00e9 v demonte<\/li>\n<\/ul>\n","protected":false},"excerpt":{"rendered":"<p>Sp\u00e1l\u0148a W MAREK\u00a0je ve\u013emi modern\u00e1 sp\u00e1l\u0148ov\u00e1 zostava, ktor\u00e1 sa vyr\u00e1ba v dvoch farebn\u00fdch prevedeniach: Dub sonoma\/biely mat, Borovica anderson\/dub. Je to sektorov\u00e1 sp\u00e1l\u0148a kde si m\u00f4\u017ete vybra\u0165 n\u00e1bytok pod\u013ea toho \u010do sa V\u00e1m najviac hod\u00ed. ABS hrany predl\u017euj\u00fa \u017eivotnos\u0165 n\u00e1bytku Skri\u0148a 4D je rozdelen\u00e1 na dve \u010dasti, v \u013eavej polovici je ty\u010d na ve\u0161anie, v&#8230;<\/p>\n","protected":false},"featured_media":75210,"comment_status":"closed","ping_status":"closed","template":"","meta":{"_seopress_robots_primary_cat":"223","_seopress_titles_title":"","_seopress_titles_desc":"","_seopress_robots_index":""},"product_brand":[],"product_cat":[615,223],"product_tag":[],"class_list":{"0":"post-75215","1":"product","2":"type-product","3":"status-publish","4":"has-post-thumbnail","6":"product_cat-spalnove-komplety","7":"product_cat-spalne","9":"first","10":"onbackorder","11":"shipping-taxable","12":"purchasable","13":"product-type-variable"},"_links":{"self":[{"href":"https:\/\/nabytoklaguna.sk\/sk\/wp-json\/wp\/v2\/product\/75215","targetHints":{"allow":["GET"]}}],"collection":[{"href":"https:\/\/nabytoklaguna.sk\/sk\/wp-json\/wp\/v2\/product"}],"about":[{"href":"https:\/\/nabytoklaguna.sk\/sk\/wp-json\/wp\/v2\/types\/product"}],"replies":[{"embeddable":true,"href":"https:\/\/nabytoklaguna.sk\/sk\/wp-json\/wp\/v2\/comments?post=75215"}],"wp:featuredmedia":[{"embeddable":true,"href":"https:\/\/nabytoklaguna.sk\/sk\/wp-json\/wp\/v2\/media\/75210"}],"wp:attachment":[{"href":"https:\/\/nabytoklaguna.sk\/sk\/wp-json\/wp\/v2\/media?parent=75215"}],"wp:term":[{"taxonomy":"product_brand","embeddable":true,"href":"https:\/\/nabytoklaguna.sk\/sk\/wp-json\/wp\/v2\/product_brand?post=75215"},{"taxonomy":"product_cat","embeddable":true,"href":"https:\/\/nabytoklaguna.sk\/sk\/wp-json\/wp\/v2\/product_cat?post=75215"},{"taxonomy":"product_tag","embeddable":true,"href":"https:\/\/nabytoklaguna.sk\/sk\/wp-json\/wp\/v2\/product_tag?post=75215"}],"curies":[{"name":"wp","href":"https:\/\/api.w.org\/{rel}","templated":true}]}}