{"id":7988,"date":"2021-02-13T11:35:32","date_gmt":"2021-02-13T10:35:32","guid":{"rendered":"http:\/\/nabytoklaguna.sk\/sk\/?post_type=product&#038;p=7988"},"modified":"2026-01-08T11:29:55","modified_gmt":"2026-01-08T10:29:55","slug":"k-eustach","status":"publish","type":"product","link":"https:\/\/nabytoklaguna.sk\/sk\/produkt\/k-eustach\/","title":{"rendered":"K EUSTACH"},"content":{"rendered":"<p>Po\u010d\u00edta\u010dov\u00fd stol\u00edk s ve\u013emi kvalitn\u00fdm a jednoduch\u00fdm spracovan\u00edm. 4 \u0161ufl\u00edky a 1 skrinka s dvierkami. Mo\u017enos\u0165 v\u00fdberu z troch preveden\u00ed. Slovensk\u00fd v\u00fdrobok.<\/p>\n<ul>\n<li><b>Materi\u00e1l:<\/b>\u00a0DTD laminovan\u00e1<\/li>\n<li><b>Farba:<\/b>\u00a0dub sonoma\/biela, buk, biela<\/li>\n<li><b>Hr\u00fabka pl\u00e1tu stola:<\/b>\u00a022 mm<\/li>\n<li><b>Rozmery (\u0160xHxV):<\/b>\u00a0137x60x76,3 cm<\/li>\n<li><b>Rozmery skrinky (\u0160xHxV):<\/b>\u00a037,8x60x76,3 cm<\/li>\n<li>\u0160tyri \u0161upl\u00edky, jedna skrinka<\/li>\n<li><b>V\u00fd\u0161ka plyt\u0161\u00edch \u0161upl\u00edkov:<\/b>\u00a016 cm<\/li>\n<li><b>V\u00fd\u0161ka hlb\u0161\u00edch \u0161upl\u00edkov:<\/b>\u00a019,4 cm<\/li>\n<li>Dod\u00e1van\u00e9 v demonte<\/li>\n<li><b>Kvalitn\u00fd slovensk\u00fd v\u00fdrobok<\/b><\/li>\n<\/ul>\n<p>&nbsp;<\/p>\n","protected":false},"excerpt":{"rendered":"<p>Po\u010d\u00edta\u010dov\u00fd stol\u00edk s ve\u013emi kvalitn\u00fdm a jednoduch\u00fdm spracovan\u00edm. 4 \u0161ufl\u00edky a 1 skrinka s dvierkami. Mo\u017enos\u0165 v\u00fdberu z troch preveden\u00ed. Slovensk\u00fd v\u00fdrobok. Materi\u00e1l:\u00a0DTD laminovan\u00e1 Farba:\u00a0dub sonoma\/biela, buk, biela Hr\u00fabka pl\u00e1tu stola:\u00a022 mm Rozmery (\u0160xHxV):\u00a0137x60x76,3 cm Rozmery skrinky (\u0160xHxV):\u00a037,8x60x76,3 cm \u0160tyri \u0161upl\u00edky, jedna skrinka V\u00fd\u0161ka plyt\u0161\u00edch \u0161upl\u00edkov:\u00a016 cm V\u00fd\u0161ka hlb\u0161\u00edch \u0161upl\u00edkov:\u00a019,4 cm Dod\u00e1van\u00e9 v demonte Kvalitn\u00fd&#8230;<\/p>\n","protected":false},"featured_media":8006,"comment_status":"closed","ping_status":"closed","template":"","meta":{"_seopress_robots_primary_cat":"247","_seopress_titles_title":"","_seopress_titles_desc":"","_seopress_robots_index":""},"product_brand":[],"product_cat":[247],"product_tag":[],"class_list":{"0":"post-7988","1":"product","2":"type-product","3":"status-publish","4":"has-post-thumbnail","6":"product_cat-pisacie-pocitacove-stoly","7":"pa_farba-biela","8":"pa_farba-buk","9":"pa_farba-dub-sonomabiela","11":"first","12":"onbackorder","13":"shipping-taxable","14":"purchasable","15":"product-type-variable"},"_links":{"self":[{"href":"https:\/\/nabytoklaguna.sk\/sk\/wp-json\/wp\/v2\/product\/7988","targetHints":{"allow":["GET"]}}],"collection":[{"href":"https:\/\/nabytoklaguna.sk\/sk\/wp-json\/wp\/v2\/product"}],"about":[{"href":"https:\/\/nabytoklaguna.sk\/sk\/wp-json\/wp\/v2\/types\/product"}],"replies":[{"embeddable":true,"href":"https:\/\/nabytoklaguna.sk\/sk\/wp-json\/wp\/v2\/comments?post=7988"}],"wp:featuredmedia":[{"embeddable":true,"href":"https:\/\/nabytoklaguna.sk\/sk\/wp-json\/wp\/v2\/media\/8006"}],"wp:attachment":[{"href":"https:\/\/nabytoklaguna.sk\/sk\/wp-json\/wp\/v2\/media?parent=7988"}],"wp:term":[{"taxonomy":"product_brand","embeddable":true,"href":"https:\/\/nabytoklaguna.sk\/sk\/wp-json\/wp\/v2\/product_brand?post=7988"},{"taxonomy":"product_cat","embeddable":true,"href":"https:\/\/nabytoklaguna.sk\/sk\/wp-json\/wp\/v2\/product_cat?post=7988"},{"taxonomy":"product_tag","embeddable":true,"href":"https:\/\/nabytoklaguna.sk\/sk\/wp-json\/wp\/v2\/product_tag?post=7988"}],"curies":[{"name":"wp","href":"https:\/\/api.w.org\/{rel}","templated":true}]}}