{"id":81135,"date":"2021-05-30T13:46:44","date_gmt":"2021-05-30T11:46:44","guid":{"rendered":"https:\/\/nabytoklaguna.sk\/sk\/?post_type=product&#038;p=81135"},"modified":"2024-04-17T12:24:31","modified_gmt":"2024-04-17T10:24:31","slug":"tamos-120-skrina-adrk","status":"publish","type":"product","link":"https:\/\/nabytoklaguna.sk\/sk\/produkt\/tamos-120-skrina-adrk\/","title":{"rendered":"TAMOS  120 skri\u0148a"},"content":{"rendered":"<p>Elegantn\u00e1 \u0161atn\u00edkov\u00e1\u00a0skri\u0148a, ktor\u00e1 je vyroben\u00e1 z kvalitn\u00fdch materi\u00e1lov(16mm laminovan\u00e1 doska),ktor\u00e9 s\u00fa odoln\u00e9 vo\u010di mechanick\u00e9mu po\u0161kodeniu,\u00a0lacobel a zrkadlo. Skri\u0148a je dvojdverov\u00e1-zas\u00favacia, \u010d\u00edm V\u00e1m u\u013eah\u010duje ka\u017edodenn\u00e9 pou\u017e\u00edvanie. \u00a0\u013dahkos\u0165 manipul\u00e1cie zabezpe\u010duj\u00fa\u00a0<strong>kovania<\/strong>\u00a0spolo\u010dnosti\u00a0<strong>Sevroll<\/strong>. T\u00e1to skri\u0148a V\u00e1m poskytuje dostatok priestoru na ulo\u017eenie Va\u0161ich vec\u00ed. Priestory skrine s\u00fa rozdelen\u00e9 do dvoch\u00a0<strong>sektorov<\/strong>\u00a0\u2013 v \u013eavej \u010dasti je \u0161atn\u00edkov\u00e1 ty\u010d v pravej s\u00fa police.<\/p>\n<p><strong>Mo\u017enos\u0165 dok\u00fapi\u0165 LED RGB osvetlenie za 35,- \u20ac\u00a0<\/strong>(pri objedn\u00e1vke potrebn\u00e9 uvies\u0165 v pozn\u00e1mke).<\/p>\n<p>Mo\u017enos\u0165 v\u00fdberu farebn\u00e9ho prevedenia.<\/p>\n<p>Rozmer (\u0160xVxH): 120 x 215 x 61 cm<\/p>\n<p><strong>Parametre v\u00fdrobku<\/strong><\/p>\n<table border=\"0\" cellspacing=\"5\" cellpadding=\"1\">\n<tbody>\n<tr>\n<td><strong>Typ v\u00fdrobku<\/strong><\/td>\n<td>Skri\u0148a s posuvn\u00fdmi dverami<\/td>\n<\/tr>\n<tr>\n<td><strong>Materi\u00e1l<\/strong><\/td>\n<td>DTD laminovan\u00e1, lacobel, zrkadlo<\/td>\n<\/tr>\n<tr>\n<td><strong>Rozmery \u0161\/v\/h<br \/>\n<\/strong><\/td>\n<td>120 x 215 x 61 cm<\/td>\n<\/tr>\n<tr>\n<td><strong>Balenie<\/strong><\/td>\n<td>demont<\/td>\n<\/tr>\n<\/tbody>\n<\/table>\n","protected":false},"excerpt":{"rendered":"<p>Elegantn\u00e1 \u0161atn\u00edkov\u00e1\u00a0skri\u0148a, ktor\u00e1 je vyroben\u00e1 z kvalitn\u00fdch materi\u00e1lov(16mm laminovan\u00e1 doska),ktor\u00e9 s\u00fa odoln\u00e9 vo\u010di mechanick\u00e9mu po\u0161kodeniu,\u00a0lacobel a zrkadlo. Skri\u0148a je dvojdverov\u00e1-zas\u00favacia, \u010d\u00edm V\u00e1m u\u013eah\u010duje ka\u017edodenn\u00e9 pou\u017e\u00edvanie. \u00a0\u013dahkos\u0165 manipul\u00e1cie zabezpe\u010duj\u00fa\u00a0kovania\u00a0spolo\u010dnosti\u00a0Sevroll. T\u00e1to skri\u0148a V\u00e1m poskytuje dostatok priestoru na ulo\u017eenie Va\u0161ich vec\u00ed. Priestory skrine s\u00fa rozdelen\u00e9 do dvoch\u00a0sektorov\u00a0\u2013 v \u013eavej \u010dasti je \u0161atn\u00edkov\u00e1 ty\u010d v pravej s\u00fa police. Mo\u017enos\u0165&#8230;<\/p>\n","protected":false},"featured_media":81153,"comment_status":"closed","ping_status":"closed","template":"","meta":{"_seopress_robots_primary_cat":"225","_seopress_titles_title":"                                    ","_seopress_titles_desc":"                                    ","_seopress_robots_index":""},"product_brand":[],"product_cat":[1585,225],"product_tag":[],"class_list":{"0":"post-81135","1":"product","2":"type-product","3":"status-publish","4":"has-post-thumbnail","6":"product_cat-s-posuvnymi-dverami","7":"product_cat-skrine","9":"first","10":"onbackorder","11":"shipping-taxable","12":"purchasable","13":"product-type-variable"},"_links":{"self":[{"href":"https:\/\/nabytoklaguna.sk\/sk\/wp-json\/wp\/v2\/product\/81135","targetHints":{"allow":["GET"]}}],"collection":[{"href":"https:\/\/nabytoklaguna.sk\/sk\/wp-json\/wp\/v2\/product"}],"about":[{"href":"https:\/\/nabytoklaguna.sk\/sk\/wp-json\/wp\/v2\/types\/product"}],"replies":[{"embeddable":true,"href":"https:\/\/nabytoklaguna.sk\/sk\/wp-json\/wp\/v2\/comments?post=81135"}],"wp:featuredmedia":[{"embeddable":true,"href":"https:\/\/nabytoklaguna.sk\/sk\/wp-json\/wp\/v2\/media\/81153"}],"wp:attachment":[{"href":"https:\/\/nabytoklaguna.sk\/sk\/wp-json\/wp\/v2\/media?parent=81135"}],"wp:term":[{"taxonomy":"product_brand","embeddable":true,"href":"https:\/\/nabytoklaguna.sk\/sk\/wp-json\/wp\/v2\/product_brand?post=81135"},{"taxonomy":"product_cat","embeddable":true,"href":"https:\/\/nabytoklaguna.sk\/sk\/wp-json\/wp\/v2\/product_cat?post=81135"},{"taxonomy":"product_tag","embeddable":true,"href":"https:\/\/nabytoklaguna.sk\/sk\/wp-json\/wp\/v2\/product_tag?post=81135"}],"curies":[{"name":"wp","href":"https:\/\/api.w.org\/{rel}","templated":true}]}}