{"id":8203,"date":"2021-02-13T11:35:32","date_gmt":"2021-02-13T10:35:32","guid":{"rendered":"http:\/\/nabytoklaguna.sk\/sk\/?post_type=product&#038;p=8203"},"modified":"2025-05-27T13:33:03","modified_gmt":"2025-05-27T11:33:03","slug":"mirela-2","status":"publish","type":"product","link":"https:\/\/nabytoklaguna.sk\/sk\/produkt\/mirela-2\/","title":{"rendered":"K MIRELA"},"content":{"rendered":"<p><b>Poste\u013e<\/b>\u00a0<b>MIRELA <\/b>je vyroben\u00e1 v preveden<b>\u00ed<\/b>\u00a0<b>strieborn\u00fd kov<\/b>\u00a0doplnen\u00fd prvkami z\u00a0<b>dreva<\/b>\u00a0vo farbe\u00a0<b>jel\u0161a<\/b>.\u00a0<b>Pevnos\u0165<\/b>\u00a0a\u00a0<b>odolnos\u0165<\/b> m\u00f4\u017eete sk\u00fa\u0161a\u0165 dennodenne. Poste\u013e je dod\u00e1van\u00e1 s\u00a0 <b>kvalitn\u00fdm lamelov\u00fdm ro\u0161tom ZDARMA. <\/b>Za\u017eite\u00a0<b>dlhotrvaj\u00faci<\/b>,\u00a0<b>plnohodnotn\u00fd<\/b> sp\u00e1nok a po prebuden\u00ed sa te\u0161te do nov\u00e9ho d\u0148a.<\/p>\n<div class=\"text\">\n<ul>\n<li><b>Materi\u00e1l<\/b>: kov\/drevo<\/li>\n<li><b>Farba<\/b>: strieborn\u00e1\/jel\u0161a<\/li>\n<li><b>Vonkaj\u0161ie rozmery (\u0160xHxV)<\/b>: 143,5x212x108 cm, <b>Plocha na spanie<\/b>: 140&#215;200 cm<\/li>\n<li><b>Vonkaj\u0161ie rozmery (\u0160xHxV)<\/b>: 163,5x212x108 cm, <b>Plocha na spanie<\/b>: 160&#215;200 cm<\/li>\n<li><b>Vonkaj\u0161ie rozmery (\u0160xHxV)<\/b>: 183,5x212x108 cm, <b>Plocha na spanie<\/b>: 180&#215;200 cm<\/li>\n<li><b>V\u00fd\u0161ka no\u017ei\u010diek<\/b>: predn\u00e9: 39,5 cm, zadn\u00e9 89 cm<\/li>\n<li><b>V\u00fd\u0161ka po ro\u0161t<\/b>: 26 cm<\/li>\n<li><b>Lamelov\u00fd ro\u0161t ZDARMA<\/b><\/li>\n<li>Dod\u00e1van\u00e9 v demonte<\/li>\n<\/ul>\n<\/div>\n<table border=\"0\" cellspacing=\"1\" cellpadding=\"1\">\n<tbody>\n<tr>\n<td style=\"width: 32.1945%;\"><\/td>\n<td style=\"width: 67.2799%;\"><\/td>\n<\/tr>\n<tr>\n<td style=\"width: 32.1945%;\"><img decoding=\"async\" src=\"https:\/\/nabytoklaguna.sk\/sk\/wp-content\/uploads\/2017\/11\/80x200-610x609.jpg\" \/><\/td>\n<td style=\"width: 67.2799%;\"><strong><u>Matrac BE KATARINA:<\/u><\/strong><\/p>\n<p><a href=\"https:\/\/nabytoklaguna.sk\/sk\/obchod\/spalne\/matrace\/tempo-kondela-katarina-10\/\">https:\/\/nabytoklaguna.sk\/sk\/obchod\/spalne\/matrace\/tempo-kondela-katarina-10\/<\/a><\/td>\n<\/tr>\n<\/tbody>\n<\/table>\n","protected":false},"excerpt":{"rendered":"<p>Poste\u013e\u00a0MIRELA je vyroben\u00e1 v preveden\u00ed\u00a0strieborn\u00fd kov\u00a0doplnen\u00fd prvkami z\u00a0dreva\u00a0vo farbe\u00a0jel\u0161a.\u00a0Pevnos\u0165\u00a0a\u00a0odolnos\u0165 m\u00f4\u017eete sk\u00fa\u0161a\u0165 dennodenne. Poste\u013e je dod\u00e1van\u00e1 s\u00a0 kvalitn\u00fdm lamelov\u00fdm ro\u0161tom ZDARMA. Za\u017eite\u00a0dlhotrvaj\u00faci,\u00a0plnohodnotn\u00fd sp\u00e1nok a po prebuden\u00ed sa te\u0161te do nov\u00e9ho d\u0148a. Materi\u00e1l: kov\/drevo Farba: strieborn\u00e1\/jel\u0161a Vonkaj\u0161ie rozmery (\u0160xHxV): 143,5x212x108 cm, Plocha na spanie: 140&#215;200 cm Vonkaj\u0161ie rozmery (\u0160xHxV): 163,5x212x108 cm, Plocha na spanie: 160&#215;200 cm Vonkaj\u0161ie&#8230;<\/p>\n","protected":false},"featured_media":8204,"comment_status":"closed","ping_status":"closed","template":"","meta":{"_seopress_robots_primary_cat":"618","_seopress_titles_title":"","_seopress_titles_desc":"","_seopress_robots_index":""},"product_brand":[],"product_cat":[4012,618],"product_tag":[],"class_list":{"0":"post-8203","1":"product","2":"type-product","3":"status-publish","4":"has-post-thumbnail","6":"product_cat-postele","7":"product_cat-kovove-postele","8":"pa_typ-produktu-s-matracmi-be-katarina-10-new-11","9":"pa_typ-produktu-s-matracmi-montana-11","10":"pa_typ-produktu-s-matracom-be-katarina-10-new","11":"pa_typ-produktu-s-rostom-bez-matraca-2","13":"first","14":"onbackorder","15":"shipping-taxable","16":"purchasable","17":"product-type-variable"},"_links":{"self":[{"href":"https:\/\/nabytoklaguna.sk\/sk\/wp-json\/wp\/v2\/product\/8203","targetHints":{"allow":["GET"]}}],"collection":[{"href":"https:\/\/nabytoklaguna.sk\/sk\/wp-json\/wp\/v2\/product"}],"about":[{"href":"https:\/\/nabytoklaguna.sk\/sk\/wp-json\/wp\/v2\/types\/product"}],"replies":[{"embeddable":true,"href":"https:\/\/nabytoklaguna.sk\/sk\/wp-json\/wp\/v2\/comments?post=8203"}],"wp:featuredmedia":[{"embeddable":true,"href":"https:\/\/nabytoklaguna.sk\/sk\/wp-json\/wp\/v2\/media\/8204"}],"wp:attachment":[{"href":"https:\/\/nabytoklaguna.sk\/sk\/wp-json\/wp\/v2\/media?parent=8203"}],"wp:term":[{"taxonomy":"product_brand","embeddable":true,"href":"https:\/\/nabytoklaguna.sk\/sk\/wp-json\/wp\/v2\/product_brand?post=8203"},{"taxonomy":"product_cat","embeddable":true,"href":"https:\/\/nabytoklaguna.sk\/sk\/wp-json\/wp\/v2\/product_cat?post=8203"},{"taxonomy":"product_tag","embeddable":true,"href":"https:\/\/nabytoklaguna.sk\/sk\/wp-json\/wp\/v2\/product_tag?post=8203"}],"curies":[{"name":"wp","href":"https:\/\/api.w.org\/{rel}","templated":true}]}}