{"id":8262,"date":"2021-02-13T11:35:32","date_gmt":"2021-02-13T10:35:32","guid":{"rendered":"http:\/\/nabytoklaguna.sk\/sk\/?post_type=product&#038;p=8262"},"modified":"2025-05-27T13:52:21","modified_gmt":"2025-05-27T11:52:21","slug":"k-burzum","status":"publish","type":"product","link":"https:\/\/nabytoklaguna.sk\/sk\/produkt\/k-burzum\/","title":{"rendered":"K BURZUM"},"content":{"rendered":"<p>Nad\u010dasov\u00e1, romantick\u00e1\u00a0 <b>kovov\u00e1 poste\u013e BURZUM<\/b>, ktor\u00e1 v\u00e1s ur\u010dite oh\u00fari. Kon\u0161trukcia je vyroben\u00e1 z kvalitn\u00e9ho\u00a0<b>kovu<\/b>, \u010do zabezpe\u010d\u00ed vysok\u00fa stabilitu a dlh\u00fa \u017eivotnos\u0165.\u00a0<b>Biele<\/b>\u00a0farebn\u00e9 prevedenie, neutr\u00e1lny a jemn\u00fd n\u00e1dych, ktor\u00fd jednoducho m\u00f4\u017eete zladi\u0165 ku r\u00f4znym farb\u00e1m aj materi\u00e1lom a v\u017edy to bude vyzera\u0165\u00a0<b>luxusne<\/b>.\u00a0 Poste\u013e je dod\u00e1van\u00e1 s <b>lamelov\u00fdm ro\u0161tom.<\/b> Poste\u013e je dod\u00e1van\u00e1 <b>bez matraca.<\/b>\u00a0 K posteli odpor\u00fa\u010dame zak\u00fapi\u0165 matrac s rozmerom <b><a href=\"https:\/\/www.kondela.sk\/spalna-matrace-a-rosty-matrace-90x200\/\">90&#215;200 cm<\/a><\/b> z na\u0161ej ponuky.\u00a0 <b>Nosnos\u0165:<\/b>\u00a0100 kg<\/p>\n<p>Vonkaj\u0161ie rozmery:104,8x208x101,5cm.<\/p>\n<p>Spacia plocha:90x200cm<\/p>\n<table border=\"0\" cellspacing=\"1\" cellpadding=\"1\">\n<tbody>\n<tr>\n<td style=\"width: 32.1945%;\"><\/td>\n<td style=\"width: 67.2799%;\"><\/td>\n<\/tr>\n<tr>\n<td style=\"width: 32.1945%;\"><img decoding=\"async\" src=\"https:\/\/nabytoklaguna.sk\/sk\/wp-content\/uploads\/2017\/11\/80x200-610x609.jpg\" \/><\/td>\n<td style=\"width: 67.2799%;\"><strong><u>Matrac BE KATARINA:<\/u><\/strong><\/p>\n<p><a href=\"https:\/\/nabytoklaguna.sk\/sk\/obchod\/spalne\/matrace\/tempo-kondela-katarina-10\/\">https:\/\/nabytoklaguna.sk\/sk\/obchod\/spalne\/matrace\/tempo-kondela-katarina-10\/<\/a><\/td>\n<\/tr>\n<\/tbody>\n<\/table>\n","protected":false},"excerpt":{"rendered":"<p>Nad\u010dasov\u00e1, romantick\u00e1\u00a0 kovov\u00e1 poste\u013e BURZUM, ktor\u00e1 v\u00e1s ur\u010dite oh\u00fari. Kon\u0161trukcia je vyroben\u00e1 z kvalitn\u00e9ho\u00a0kovu, \u010do zabezpe\u010d\u00ed vysok\u00fa stabilitu a dlh\u00fa \u017eivotnos\u0165.\u00a0Biele\u00a0farebn\u00e9 prevedenie, neutr\u00e1lny a jemn\u00fd n\u00e1dych, ktor\u00fd jednoducho m\u00f4\u017eete zladi\u0165 ku r\u00f4znym farb\u00e1m aj materi\u00e1lom a v\u017edy to bude vyzera\u0165\u00a0luxusne.\u00a0 Poste\u013e je dod\u00e1van\u00e1 s lamelov\u00fdm ro\u0161tom. Poste\u013e je dod\u00e1van\u00e1 bez matraca.\u00a0 K posteli odpor\u00fa\u010dame zak\u00fapi\u0165&#8230;<\/p>\n","protected":false},"featured_media":8267,"comment_status":"closed","ping_status":"closed","template":"","meta":{"_seopress_robots_primary_cat":"618","_seopress_titles_title":"","_seopress_titles_desc":"","_seopress_robots_index":""},"product_brand":[],"product_cat":[4012,618],"product_tag":[],"class_list":{"0":"post-8262","1":"product","2":"type-product","3":"status-publish","4":"has-post-thumbnail","6":"product_cat-postele","7":"product_cat-kovove-postele","8":"pa_typ-produktu-s-matracom-be-katarina-10-new","9":"pa_typ-produktu-s-matracom-montana","10":"pa_typ-produktu-s-rostom-bez-matraca-2","12":"first","13":"onbackorder","14":"shipping-taxable","15":"purchasable","16":"product-type-variable"},"_links":{"self":[{"href":"https:\/\/nabytoklaguna.sk\/sk\/wp-json\/wp\/v2\/product\/8262","targetHints":{"allow":["GET"]}}],"collection":[{"href":"https:\/\/nabytoklaguna.sk\/sk\/wp-json\/wp\/v2\/product"}],"about":[{"href":"https:\/\/nabytoklaguna.sk\/sk\/wp-json\/wp\/v2\/types\/product"}],"replies":[{"embeddable":true,"href":"https:\/\/nabytoklaguna.sk\/sk\/wp-json\/wp\/v2\/comments?post=8262"}],"wp:featuredmedia":[{"embeddable":true,"href":"https:\/\/nabytoklaguna.sk\/sk\/wp-json\/wp\/v2\/media\/8267"}],"wp:attachment":[{"href":"https:\/\/nabytoklaguna.sk\/sk\/wp-json\/wp\/v2\/media?parent=8262"}],"wp:term":[{"taxonomy":"product_brand","embeddable":true,"href":"https:\/\/nabytoklaguna.sk\/sk\/wp-json\/wp\/v2\/product_brand?post=8262"},{"taxonomy":"product_cat","embeddable":true,"href":"https:\/\/nabytoklaguna.sk\/sk\/wp-json\/wp\/v2\/product_cat?post=8262"},{"taxonomy":"product_tag","embeddable":true,"href":"https:\/\/nabytoklaguna.sk\/sk\/wp-json\/wp\/v2\/product_tag?post=8262"}],"curies":[{"name":"wp","href":"https:\/\/api.w.org\/{rel}","templated":true}]}}