{"id":8292,"date":"2021-02-22T16:54:36","date_gmt":"2021-02-22T15:54:36","guid":{"rendered":"http:\/\/nabytoklaguna.sk\/sk\/?post_type=product&#038;p=8292"},"modified":"2025-07-15T11:03:50","modified_gmt":"2025-07-15T09:03:50","slug":"rea-nasta","status":"publish","type":"product","link":"https:\/\/nabytoklaguna.sk\/sk\/produkt\/rea-nasta\/","title":{"rendered":"REA NAS\u0164A 90"},"content":{"rendered":"<p>Kvalitn\u00e1 poste\u013e<strong> REA NASTA\u00a0 <\/strong>bez \u00falo\u017en\u00e9ho priestoru.\u00a0 Materi\u00e1l: laminovan\u00e1 DTD. Mo\u017enos\u0165 v\u00fdberu farebn\u00e9ho prevedenia. Poste\u013e je dod\u00e1van\u00e1 bez ro\u0161tu a matraca. <strong>Rolovan\u00fd ro\u0161t je mo\u017en\u00e9 zak\u00fapi\u0165 za cenu 33 EUR (pros\u00edme uvies\u0165 do pozn\u00e1mky pri objedn\u00e1vke)\u00a0 <\/strong><\/p>\n<p><strong>Slovensk\u00fd v\u00fdrobca\u00a0<\/strong><\/p>\n<p>Rozmer: 95 x 210 x 86cm. Rozmer l\u00f4\u017eka: 90 x 200 cm<\/p>\n","protected":false},"excerpt":{"rendered":"<p>Kvalitn\u00e1 poste\u013e REA NASTA\u00a0 bez \u00falo\u017en\u00e9ho priestoru.\u00a0 Materi\u00e1l: laminovan\u00e1 DTD. Mo\u017enos\u0165 v\u00fdberu farebn\u00e9ho prevedenia. Poste\u013e je dod\u00e1van\u00e1 bez ro\u0161tu a matraca. Rolovan\u00fd ro\u0161t je mo\u017en\u00e9 zak\u00fapi\u0165 za cenu 33 EUR (pros\u00edme uvies\u0165 do pozn\u00e1mky pri objedn\u00e1vke)\u00a0 Slovensk\u00fd v\u00fdrobca\u00a0 Rozmer: 95 x 210 x 86cm. Rozmer l\u00f4\u017eka: 90 x 200 cm<\/p>\n","protected":false},"featured_media":8301,"comment_status":"closed","ping_status":"closed","template":"","meta":{"_seopress_robots_primary_cat":"616","_seopress_titles_title":"","_seopress_titles_desc":"","_seopress_robots_index":""},"product_brand":[],"product_cat":[4012,616],"product_tag":[],"class_list":{"0":"post-8292","1":"product","2":"type-product","3":"status-publish","4":"has-post-thumbnail","6":"product_cat-postele","7":"product_cat-drevene-postele","9":"first","10":"onbackorder","11":"shipping-taxable","12":"purchasable","13":"product-type-variable"},"_links":{"self":[{"href":"https:\/\/nabytoklaguna.sk\/sk\/wp-json\/wp\/v2\/product\/8292","targetHints":{"allow":["GET"]}}],"collection":[{"href":"https:\/\/nabytoklaguna.sk\/sk\/wp-json\/wp\/v2\/product"}],"about":[{"href":"https:\/\/nabytoklaguna.sk\/sk\/wp-json\/wp\/v2\/types\/product"}],"replies":[{"embeddable":true,"href":"https:\/\/nabytoklaguna.sk\/sk\/wp-json\/wp\/v2\/comments?post=8292"}],"wp:featuredmedia":[{"embeddable":true,"href":"https:\/\/nabytoklaguna.sk\/sk\/wp-json\/wp\/v2\/media\/8301"}],"wp:attachment":[{"href":"https:\/\/nabytoklaguna.sk\/sk\/wp-json\/wp\/v2\/media?parent=8292"}],"wp:term":[{"taxonomy":"product_brand","embeddable":true,"href":"https:\/\/nabytoklaguna.sk\/sk\/wp-json\/wp\/v2\/product_brand?post=8292"},{"taxonomy":"product_cat","embeddable":true,"href":"https:\/\/nabytoklaguna.sk\/sk\/wp-json\/wp\/v2\/product_cat?post=8292"},{"taxonomy":"product_tag","embeddable":true,"href":"https:\/\/nabytoklaguna.sk\/sk\/wp-json\/wp\/v2\/product_tag?post=8292"}],"curies":[{"name":"wp","href":"https:\/\/api.w.org\/{rel}","templated":true}]}}