{"id":83628,"date":"2021-05-30T13:46:44","date_gmt":"2021-05-30T11:46:44","guid":{"rendered":"https:\/\/nabytoklaguna.sk\/sk\/?post_type=product&#038;p=83628"},"modified":"2025-02-24T15:34:30","modified_gmt":"2025-02-24T14:34:30","slug":"tempo-kondela-rose","status":"publish","type":"product","link":"https:\/\/nabytoklaguna.sk\/sk\/produkt\/tempo-kondela-rose\/","title":{"rendered":"K ROSE"},"content":{"rendered":"<p>Niekedy m\u00e1me chu\u0165 sadn\u00fa\u0165 si a kone\u010dne si<b>\u00a0vylo\u017ei\u0165 nohy.<\/b>\u00a0Samozrejme, vyklada\u0165 si ich na st\u00f4l nie je pr\u00e1ve to najlep\u0161ie rie\u0161enie. Pre tak\u00fato \u010dinnos\u0165 s\u00fa najlep\u0161ie\u00a0<b>taburety.<\/b>\u00a0Aby ste nemuseli kombinova\u0165 alebo dokupova\u0165 \u010fal\u0161\u00ed n\u00e1bytok, m\u00e1me tu pre v\u00e1s\u00a0<b>ide\u00e1lnu kombin\u00e1ciu<\/b>\u00a0dvoch prvkov.\u00a0<b>Klubov\u00e9 kreslo s taburetom ROSE<\/b>\u00a0je spojenie toho najlep\u0161ieho. S\u00fa\u00a0<b>celo\u010dal\u00fanen\u00e9<\/b>.\u00a0Taburet je prisp\u00f4soben\u00fd tak, aby ste ho mohli kedyko\u013evek\u00a0<b>zasun\u00fa\u0165 pod kreslo<\/b>. Nezasahuje do priestoru, no v\u017edy je pripraven\u00fd posl\u00fa\u017ei\u0165 v\u00e1m. S ROSE v\u00e1\u0161 relax dostane in\u00fd rozmer.<\/p>\n<p>V\u00fd\u0161ka x h\u013abka sedu: 45&#215;45 cm<\/p>\n<p>ROZMER:<br \/>\nKreslo(\u0160xHxV): 65x60x77cm, Taburet(\u0160xHxV): 47x38x30 cm<\/p>\n<p>Mo\u017enos\u0165 objednania v \u010fal\u0161\u00edch farebn\u00fdch prevedeniach ekoko\u017ee a l\u00e1tky pod\u013ea vzorkovn\u00edka.<\/p>\n<ul>\n<li>l\u00e1tky\u00a0<b>Soro, Savana a Kronos<\/b>\u00a0za cenu 139 Eur<\/li>\n<li>l\u00e1tky\u00a0<b>mikrof\u00e1za<\/b>\u00a0za cenu 129 Eur<\/li>\n<li><b>ekoko\u017ee<\/b>\u00a0za cenu 145 Eur<\/li>\n<\/ul>\n<p>&nbsp;<\/p>\n","protected":false},"excerpt":{"rendered":"<p>Niekedy m\u00e1me chu\u0165 sadn\u00fa\u0165 si a kone\u010dne si\u00a0vylo\u017ei\u0165 nohy.\u00a0Samozrejme, vyklada\u0165 si ich na st\u00f4l nie je pr\u00e1ve to najlep\u0161ie rie\u0161enie. Pre tak\u00fato \u010dinnos\u0165 s\u00fa najlep\u0161ie\u00a0taburety.\u00a0Aby ste nemuseli kombinova\u0165 alebo dokupova\u0165 \u010fal\u0161\u00ed n\u00e1bytok, m\u00e1me tu pre v\u00e1s\u00a0ide\u00e1lnu kombin\u00e1ciu\u00a0dvoch prvkov.\u00a0Klubov\u00e9 kreslo s taburetom ROSE\u00a0je spojenie toho najlep\u0161ieho. S\u00fa\u00a0celo\u010dal\u00fanen\u00e9.\u00a0Taburet je prisp\u00f4soben\u00fd tak, aby ste ho mohli kedyko\u013evek\u00a0zasun\u00fa\u0165 pod&#8230;<\/p>\n","protected":false},"featured_media":83630,"comment_status":"closed","ping_status":"closed","template":"","meta":{"_seopress_robots_primary_cat":"231","_seopress_titles_title":"","_seopress_titles_desc":"","_seopress_robots_index":""},"product_brand":[],"product_cat":[231],"product_tag":[],"class_list":{"0":"post-83628","1":"product","2":"type-product","3":"status-publish","4":"has-post-thumbnail","6":"product_cat-kresla","8":"first","9":"onbackorder","10":"shipping-taxable","11":"purchasable","12":"product-type-variable"},"_links":{"self":[{"href":"https:\/\/nabytoklaguna.sk\/sk\/wp-json\/wp\/v2\/product\/83628","targetHints":{"allow":["GET"]}}],"collection":[{"href":"https:\/\/nabytoklaguna.sk\/sk\/wp-json\/wp\/v2\/product"}],"about":[{"href":"https:\/\/nabytoklaguna.sk\/sk\/wp-json\/wp\/v2\/types\/product"}],"replies":[{"embeddable":true,"href":"https:\/\/nabytoklaguna.sk\/sk\/wp-json\/wp\/v2\/comments?post=83628"}],"wp:featuredmedia":[{"embeddable":true,"href":"https:\/\/nabytoklaguna.sk\/sk\/wp-json\/wp\/v2\/media\/83630"}],"wp:attachment":[{"href":"https:\/\/nabytoklaguna.sk\/sk\/wp-json\/wp\/v2\/media?parent=83628"}],"wp:term":[{"taxonomy":"product_brand","embeddable":true,"href":"https:\/\/nabytoklaguna.sk\/sk\/wp-json\/wp\/v2\/product_brand?post=83628"},{"taxonomy":"product_cat","embeddable":true,"href":"https:\/\/nabytoklaguna.sk\/sk\/wp-json\/wp\/v2\/product_cat?post=83628"},{"taxonomy":"product_tag","embeddable":true,"href":"https:\/\/nabytoklaguna.sk\/sk\/wp-json\/wp\/v2\/product_tag?post=83628"}],"curies":[{"name":"wp","href":"https:\/\/api.w.org\/{rel}","templated":true}]}}