{"id":8376,"date":"2021-02-22T16:54:36","date_gmt":"2021-02-22T15:54:36","guid":{"rendered":"http:\/\/nabytoklaguna.sk\/sk\/?post_type=product&#038;p=8376"},"modified":"2025-07-15T10:59:58","modified_gmt":"2025-07-15T08:59:58","slug":"rea-larisa","status":"publish","type":"product","link":"https:\/\/nabytoklaguna.sk\/sk\/produkt\/rea-larisa\/","title":{"rendered":"REA LARISA"},"content":{"rendered":"<p>Jednol\u00f4\u017eko\u00a0 <strong>REA LARISA\u00a0<\/strong> s \u00falo\u017en\u00fdm priestorom so vstavan\u00fdm no\u010dn\u00fdm stol\u00edkom. UNIVERZ\u00c1LNE \u013eav\u00e9 aj prav\u00e9. Materi\u00e1l:laminovan\u00e1 DTD. ABS hrany. Poste\u013e je dod\u00e1van\u00e1 bez ro\u0161tu a matraca.\u00a0 Mo\u017enos\u0165 v\u00fdberu farebn\u00e9ho prevedenia.<strong>\u00a0 Rolovan\u00fd ro\u0161t\u00a0 v CENE ! <\/strong><\/p>\n<p><strong>Slovensk\u00fd v\u00fdrobca\u00a0<\/strong><\/p>\n<p>Mo\u017enos\u0165 v\u00fdberu farebn\u00e9ho \u010dela na z\u00e1suvky za pr\u00edplatok. Farebn\u00e9 prevedenie n\u00e1jdete v na\u0161ej gal\u00e9rii.<\/p>\n<p>Rozmer: 95 x 89 x 205 cm. Spacia plocha: 90x200cm<\/p>\n","protected":false},"excerpt":{"rendered":"<p>Jednol\u00f4\u017eko\u00a0 REA LARISA\u00a0 s \u00falo\u017en\u00fdm priestorom so vstavan\u00fdm no\u010dn\u00fdm stol\u00edkom. UNIVERZ\u00c1LNE \u013eav\u00e9 aj prav\u00e9. Materi\u00e1l:laminovan\u00e1 DTD. ABS hrany. Poste\u013e je dod\u00e1van\u00e1 bez ro\u0161tu a matraca.\u00a0 Mo\u017enos\u0165 v\u00fdberu farebn\u00e9ho prevedenia.\u00a0 Rolovan\u00fd ro\u0161t\u00a0 v CENE ! Slovensk\u00fd v\u00fdrobca\u00a0 Mo\u017enos\u0165 v\u00fdberu farebn\u00e9ho \u010dela na z\u00e1suvky za pr\u00edplatok. Farebn\u00e9 prevedenie n\u00e1jdete v na\u0161ej gal\u00e9rii. Rozmer: 95 x 89 x&#8230;<\/p>\n","protected":false},"featured_media":8382,"comment_status":"closed","ping_status":"closed","template":"","meta":{"_seopress_robots_primary_cat":"616","_seopress_titles_title":"","_seopress_titles_desc":"","_seopress_robots_index":""},"product_brand":[],"product_cat":[234,616],"product_tag":[],"class_list":{"0":"post-8376","1":"product","2":"type-product","3":"status-publish","4":"has-post-thumbnail","6":"product_cat-detske-postele","7":"product_cat-drevene-postele","9":"first","10":"onbackorder","11":"shipping-taxable","12":"purchasable","13":"product-type-variable"},"_links":{"self":[{"href":"https:\/\/nabytoklaguna.sk\/sk\/wp-json\/wp\/v2\/product\/8376","targetHints":{"allow":["GET"]}}],"collection":[{"href":"https:\/\/nabytoklaguna.sk\/sk\/wp-json\/wp\/v2\/product"}],"about":[{"href":"https:\/\/nabytoklaguna.sk\/sk\/wp-json\/wp\/v2\/types\/product"}],"replies":[{"embeddable":true,"href":"https:\/\/nabytoklaguna.sk\/sk\/wp-json\/wp\/v2\/comments?post=8376"}],"wp:featuredmedia":[{"embeddable":true,"href":"https:\/\/nabytoklaguna.sk\/sk\/wp-json\/wp\/v2\/media\/8382"}],"wp:attachment":[{"href":"https:\/\/nabytoklaguna.sk\/sk\/wp-json\/wp\/v2\/media?parent=8376"}],"wp:term":[{"taxonomy":"product_brand","embeddable":true,"href":"https:\/\/nabytoklaguna.sk\/sk\/wp-json\/wp\/v2\/product_brand?post=8376"},{"taxonomy":"product_cat","embeddable":true,"href":"https:\/\/nabytoklaguna.sk\/sk\/wp-json\/wp\/v2\/product_cat?post=8376"},{"taxonomy":"product_tag","embeddable":true,"href":"https:\/\/nabytoklaguna.sk\/sk\/wp-json\/wp\/v2\/product_tag?post=8376"}],"curies":[{"name":"wp","href":"https:\/\/api.w.org\/{rel}","templated":true}]}}