{"id":8415,"date":"2021-02-22T16:54:36","date_gmt":"2021-02-22T15:54:36","guid":{"rendered":"http:\/\/nabytoklaguna.sk\/sk\/?post_type=product&#038;p=8415"},"modified":"2026-02-18T08:29:48","modified_gmt":"2026-02-18T07:29:48","slug":"ava-tab","status":"publish","type":"product","link":"https:\/\/nabytoklaguna.sk\/sk\/produkt\/ava-tab\/","title":{"rendered":"Drevona AVA TAB"},"content":{"rendered":"<p>Rozkladacia taburetka vhodn\u00e1 na pr\u00edle\u017eitostn\u00e9 spanie. Mo\u017enos\u0165 v\u00fdberu po\u0165ahov\u00fdch l\u00e1tok pod\u013ea ponuky.<\/p>\n<p>Rozmery: \u0161xvxd:65x40x65 cm.<br \/>\nPlocha na spanie: 65&#215;195 cm<\/p>\n","protected":false},"excerpt":{"rendered":"<p><img loading=\"lazy\" decoding=\"async\" class=\"alignnone size-full wp-image-5100\" src=\"http:\/\/nabytoklaguna.sk\/sk\/wp-content\/uploads\/2017\/01\/slovensk\u00fd-znak.png\" alt=\"\" width=\"126\" height=\"126\" srcset=\"https:\/\/nabytoklaguna.sk\/sk\/wp-content\/uploads\/2017\/01\/slovensk\u00fd-znak.png 126w, https:\/\/nabytoklaguna.sk\/sk\/wp-content\/uploads\/2017\/01\/slovensk\u00fd-znak-100x100.png 100w\" sizes=\"auto, (max-width: 126px) 100vw, 126px\" \/><\/p>\n","protected":false},"featured_media":84036,"comment_status":"closed","ping_status":"closed","template":"","meta":{"_seopress_robots_primary_cat":"232","_seopress_titles_title":"","_seopress_titles_desc":"","_seopress_robots_index":""},"product_brand":[],"product_cat":[231,232],"product_tag":[],"class_list":{"0":"post-8415","1":"product","2":"type-product","3":"status-publish","4":"has-post-thumbnail","6":"product_cat-kresla","7":"product_cat-taburetky","8":"pa_farba-inari-23","9":"pa_farba-inari-91","10":"pa_farba-inari-96","12":"first","13":"onbackorder","14":"shipping-taxable","15":"purchasable","16":"product-type-variable"},"_links":{"self":[{"href":"https:\/\/nabytoklaguna.sk\/sk\/wp-json\/wp\/v2\/product\/8415","targetHints":{"allow":["GET"]}}],"collection":[{"href":"https:\/\/nabytoklaguna.sk\/sk\/wp-json\/wp\/v2\/product"}],"about":[{"href":"https:\/\/nabytoklaguna.sk\/sk\/wp-json\/wp\/v2\/types\/product"}],"replies":[{"embeddable":true,"href":"https:\/\/nabytoklaguna.sk\/sk\/wp-json\/wp\/v2\/comments?post=8415"}],"wp:featuredmedia":[{"embeddable":true,"href":"https:\/\/nabytoklaguna.sk\/sk\/wp-json\/wp\/v2\/media\/84036"}],"wp:attachment":[{"href":"https:\/\/nabytoklaguna.sk\/sk\/wp-json\/wp\/v2\/media?parent=8415"}],"wp:term":[{"taxonomy":"product_brand","embeddable":true,"href":"https:\/\/nabytoklaguna.sk\/sk\/wp-json\/wp\/v2\/product_brand?post=8415"},{"taxonomy":"product_cat","embeddable":true,"href":"https:\/\/nabytoklaguna.sk\/sk\/wp-json\/wp\/v2\/product_cat?post=8415"},{"taxonomy":"product_tag","embeddable":true,"href":"https:\/\/nabytoklaguna.sk\/sk\/wp-json\/wp\/v2\/product_tag?post=8415"}],"curies":[{"name":"wp","href":"https:\/\/api.w.org\/{rel}","templated":true}]}}