{"id":84183,"date":"2021-05-30T13:46:44","date_gmt":"2021-05-30T11:46:44","guid":{"rendered":"https:\/\/nabytoklaguna.sk\/sk\/?post_type=product&#038;p=84183"},"modified":"2024-10-23T14:12:44","modified_gmt":"2024-10-23T12:12:44","slug":"system-antica","status":"publish","type":"product","link":"https:\/\/nabytoklaguna.sk\/sk\/produkt\/system-antica\/","title":{"rendered":"SYST\u00c9M ANTICA"},"content":{"rendered":"<p>Syst\u00e9m ANTICA sa vyzna\u010duje svojou dokonalos\u0165ou a prec\u00edzn\u00fdm spracovan\u00edm. Z jednotliv\u00fdch komponentov si m\u00f4\u017ete vysklada\u0165 sp\u00e1l\u0148ov\u00fa zostavu ale taktie\u017e si zariadite ob\u00fdvaciu izbu. Syst\u00e9m ANTICA je vyroben\u00fd z kvalitn\u00fdch materi\u00e1lov: kombin\u00e1cia mas\u00edv\/lamino\/kov. Z\u00e1suvky maj\u00fa plnov\u00fdsuv. Kovov\u00e9 \u00fachytky na n\u00e1bytku dod\u00e1vaj\u00fa ten spr\u00e1vny \u0161mrnc. Led osvetlenie nieje v cene, je mo\u017en\u00e9 si ho dok\u00fapi\u0165<\/p>\n<p>Syst\u00e9m Antica sa vyr\u00e1ba v dvoch farebn\u00fdch prevedeniach:\u00a0 craft zlat\u00fd<\/p>\n<p>Rozmery(\u0160xHxV):<\/p>\n<p>Skri\u0148a A16 &#8211; 107x58x198cm<br \/>\nSkri\u0148a A17 &#8211;\u00a0 67x58x198cm<br \/>\nVitr\u00edna A10 &#8211; 97x42x198cm<br \/>\nVitr\u00edna A11 &#8211; 67x42x198cm<br \/>\nVitr\u00edna A12 &#8211; 97x42x140,5cm<br \/>\nKomoda A3 &#8211; 82x42x127cm<br \/>\nKomoda A1 &#8211; 142x42x95,5 cm<br \/>\nKomoda A2 &#8211; 114x42x95,5cm<br \/>\nRTV stolik A4\u00a0 &#8211; 142x42x50cm<br \/>\nRTV stol\u00edk A15 &#8211; 162x42x50cm<br \/>\nZrkadlo A8 &#8211; 126x77cm<br \/>\nNo\u010dn\u00fd stol\u00edk A7 &#8211; 38,5x37x50cm<br \/>\nKonferen\u010dn\u00fd stol\u00edk A13 &#8211; 120x60x59cm<br \/>\nKonferen\u010dn\u00fd stol\u00edk A14 &#8211; 90x60x59cm<br \/>\nPoste\u013e A5 &#8211; 205x176x102. plocha na spanie, Poste\u013e je dod\u00e1van\u00e1 s ro\u0161tom, bez \u00falo\u017en\u00e9ho priestoru a bez matraca<br \/>\nZ\u00e1suvka pod poste\u013e\u00a0 A6 1ks &#8211; 150x48x19,5cm<\/p>\n<p>Poli\u010dka A19 &#8211; 120x18x32 cm<\/p>\n<p>&nbsp;<\/p>\n<p>&nbsp;<\/p>\n<p>Fotky s\u00fa ilustra\u010dn\u00e9 &#8211; nastavenie displeja m\u00f4\u017ee sp\u00f4sobi\u0165 odch\u00fdlku vo farbe produktu<\/p>\n","protected":false},"excerpt":{"rendered":"<p>Syst\u00e9m ANTICA sa vyzna\u010duje svojou dokonalos\u0165ou a prec\u00edzn\u00fdm spracovan\u00edm. Z jednotliv\u00fdch komponentov si m\u00f4\u017ete vysklada\u0165 sp\u00e1l\u0148ov\u00fa zostavu ale taktie\u017e si zariadite ob\u00fdvaciu izbu. Syst\u00e9m ANTICA je vyroben\u00fd z kvalitn\u00fdch materi\u00e1lov: kombin\u00e1cia mas\u00edv\/lamino\/kov. Z\u00e1suvky maj\u00fa plnov\u00fdsuv. Kovov\u00e9 \u00fachytky na n\u00e1bytku dod\u00e1vaj\u00fa ten spr\u00e1vny \u0161mrnc. Led osvetlenie nieje v cene, je mo\u017en\u00e9 si ho dok\u00fapi\u0165 Syst\u00e9m Antica&#8230;<\/p>\n","protected":false},"featured_media":118418,"comment_status":"closed","ping_status":"closed","template":"","meta":{"_seopress_robots_primary_cat":"none","_seopress_titles_title":"                                    ","_seopress_titles_desc":"                                    ","_seopress_robots_index":""},"product_brand":[],"product_cat":[182,183],"product_tag":[],"class_list":{"0":"post-84183","1":"product","2":"type-product","3":"status-publish","4":"has-post-thumbnail","6":"product_cat-obyvacie-steny","7":"product_cat-sektorove-obyvacie-steny","8":"pa_typ-produktu-antica-2","9":"pa_typ-produktu-antica-a1","10":"pa_typ-produktu-antica-a10","11":"pa_typ-produktu-antica-a11","12":"pa_typ-produktu-antica-a12","13":"pa_typ-produktu-antica-a13","14":"pa_typ-produktu-antica-a14","15":"pa_typ-produktu-antica-a15","16":"pa_typ-produktu-antica-a16","17":"pa_typ-produktu-antica-a17","18":"pa_typ-produktu-antica-a19","19":"pa_typ-produktu-antica-a3","20":"pa_typ-produktu-antica-a4","21":"pa_typ-produktu-antica-a5","22":"pa_typ-produktu-antica-a6","23":"pa_typ-produktu-antica-a7","24":"pa_typ-produktu-antica-a8","26":"first","27":"instock","28":"sale","29":"shipping-taxable","30":"purchasable","31":"product-type-variable"},"_links":{"self":[{"href":"https:\/\/nabytoklaguna.sk\/sk\/wp-json\/wp\/v2\/product\/84183","targetHints":{"allow":["GET"]}}],"collection":[{"href":"https:\/\/nabytoklaguna.sk\/sk\/wp-json\/wp\/v2\/product"}],"about":[{"href":"https:\/\/nabytoklaguna.sk\/sk\/wp-json\/wp\/v2\/types\/product"}],"replies":[{"embeddable":true,"href":"https:\/\/nabytoklaguna.sk\/sk\/wp-json\/wp\/v2\/comments?post=84183"}],"wp:featuredmedia":[{"embeddable":true,"href":"https:\/\/nabytoklaguna.sk\/sk\/wp-json\/wp\/v2\/media\/118418"}],"wp:attachment":[{"href":"https:\/\/nabytoklaguna.sk\/sk\/wp-json\/wp\/v2\/media?parent=84183"}],"wp:term":[{"taxonomy":"product_brand","embeddable":true,"href":"https:\/\/nabytoklaguna.sk\/sk\/wp-json\/wp\/v2\/product_brand?post=84183"},{"taxonomy":"product_cat","embeddable":true,"href":"https:\/\/nabytoklaguna.sk\/sk\/wp-json\/wp\/v2\/product_cat?post=84183"},{"taxonomy":"product_tag","embeddable":true,"href":"https:\/\/nabytoklaguna.sk\/sk\/wp-json\/wp\/v2\/product_tag?post=84183"}],"curies":[{"name":"wp","href":"https:\/\/api.w.org\/{rel}","templated":true}]}}