{"id":84283,"date":"2021-05-30T13:46:44","date_gmt":"2021-05-30T11:46:44","guid":{"rendered":"https:\/\/nabytoklaguna.sk\/sk\/?post_type=product&#038;p=84283"},"modified":"2025-03-27T11:27:49","modified_gmt":"2025-03-27T10:27:49","slug":"system-mediolan","status":"publish","type":"product","link":"https:\/\/nabytoklaguna.sk\/sk\/produkt\/system-mediolan\/","title":{"rendered":"Syst\u00e9m MEDIOLAN"},"content":{"rendered":"<p><strong>Syst\u00e9m MEDIOLAN<\/strong> je elegantn\u00fd a vk\u00fasn\u00fd sekt\u00f3rov\u00fd n\u00e1bytok- je to novinka na trhu. \u013dahko s n\u00edm zariadite ob\u00fdvaciu izbu \u010di sp\u00e1l\u0148u. Je vyroben\u00fd z kvalitn\u00fdch materi\u00e1lov: mas\u00edv\/DTD laminovan\u00e1.\u010cierne dekorat\u00edvne prvky kr\u00e1sne kontrastuj\u00fa s tepl\u00fdm odtie\u0148om dreva &#8211; natural hikora. Syst\u00e9m MEDIOLAN m\u00e1<strong> jedine\u010dn\u00fd charakter<\/strong> ktor\u00fd umoc\u0148uje <strong>mo\u017enos\u0165<\/strong><span class=\"Y2IQFc\" lang=\"sk\"><strong> prida\u0165 za pr\u00edplatok \u010dierne nohy, LED osvetlenie pol\u00edc a kr\u00e1snu vyrez\u00e1van\u00fa dubov\u00fa dosku ako \u010delo z\u00e1suvky.<\/strong> Z\u00e1suvka m\u00f4\u017ee by\u0165 aj osvetlen\u00e1, \u010do vytvor\u00ed zauj\u00edmav\u00fa atmosf\u00e9ru v na\u0161ich interi\u00e9roch. <\/span>Vrchn\u00e9 dosky maj\u00fa hr\u00fabku 32 mm. Ka\u017edy sektor obsahuje ABS hrany, ktor\u00e9 predl\u017euj\u00fa \u017eivotnos\u0165 tohto n\u00e1bytku. Z\u00e1suvky obsahuj\u00fa syst\u00e9m <strong>PUSH TO CLICK<\/strong>. Syst\u00e9m Mediolan je vyroben\u00fd vo farebnom peveden\u00ed <strong>natural hikora.\u00a0<\/strong><\/p>\n<p>ROZMER (\u0160xHxV):<\/p>\n<p><strong>Skri\u0148a ve\u0161ikov\u00e1 M19<\/strong> &#8211; 177,2&#215;58,5x221cm <strong>dekora\u010dn\u00e1 DREVEN\u00c1 LI\u0160TA<\/strong> za pr\u00edplatok 90 eur;<br \/>\n<strong>Skri\u0148a ve\u0161iakov\u00e1 M1<\/strong> &#8211; 92,2&#215;58,5&#215;197 cm;\u00a0<strong>kovov\u00e9 \u010dierne nohy<\/strong>\u00a0(10cm) za pr\u00edplatok 29 eur<br \/>\n<strong>Skri\u0148a rohov\u00e1 univerz\u00e1lna M14<\/strong> &#8211; 85\/102,5&#215;58,5\/41&#215;197 cm <b>;<\/b>\u00a0<strong>kovov\u00e9 \u010dierne nohy<\/strong> (10cm) za pr\u00edplatok 32 eur<br \/>\n<strong>Vitr\u00edna M3<\/strong> &#8211; 92,2x41x197 cm; <strong>dekora\u010dn\u00e1 DREVEN\u00c1 LI\u0160TA<\/strong> za pr\u00edplatok 45 eur; <strong>kovov\u00e9 \u010dierne nohy<\/strong>\u00a0(10cm) za pr\u00edplatok 29 eur<br \/>\n<strong>Vitr\u00edna M4<\/strong> &#8211; 49,5x41x197 cm; <strong>dekora\u010dn\u00e1 DREVEN\u00c1 LI\u0160TA<\/strong> za pr\u00edplatok 30 eur; <strong>kovov\u00e9 \u010dierne nohy<\/strong>\u00a0(10cm) za pr\u00edplatok 29 eur<br \/>\n<strong>Skri\u0148a ve\u0161iakov\u00e1 M2<\/strong> &#8211; 49,5&#215;58,5&#215;197 cm ; <strong>kovov\u00e9 \u010dierne nohy<\/strong> (10cm) za pr\u00edplatok 25 eur<br \/>\n<strong>Vitr\u00edna M5<\/strong> &#8211; 92,2x41x157cm ; <strong>dekora\u010dn\u00e1 DREVEN\u00c1 LI\u0160TA<\/strong> za pr\u00edplatok 45 eur; <strong>kovov\u00e9 \u010dierne nohy<\/strong>\u00a0(10cm) za pr\u00edplatok 29 eur<br \/>\n<strong>Komoda M6<\/strong> &#8211; 92,2x41x120cm ; <strong>dekora\u010dn\u00e1 DREVEN\u00c1 LI\u0160TA<\/strong>\u00a0za pr\u00edplatok 90 eur;\u00a0<strong>kovov\u00e9 \u010dierne nohy<\/strong>\u00a0(10cm) za pr\u00edplatok 29 eur<br \/>\n<strong>Komoda M8<\/strong> &#8211; 177,2x41x101 cm; <strong>dekora\u010dn\u00e1 DREVEN\u00c1 LI\u0160TA<\/strong>\u00a0za pr\u00edplatok 90 eur;\u00a0<strong>kovov\u00e9 \u010dierne nohy<\/strong>\u00a0(10cm) za pr\u00edplatok 29 eur<br \/>\n<strong>Komoda M7<\/strong> &#8211; 135x41x101 cm; <strong>dekora\u010dn\u00e1 DREVEN\u00c1 LI\u0160TA<\/strong> za pr\u00edplatok 80 eur;\u00a0<strong>kovov\u00e9 \u010dierne nohy<\/strong>\u00a0(10cm) za pr\u00edplatok 29 eur<br \/>\n<strong>Rohov\u00e1 komda M15 <\/strong>&#8211; 127,5\/85x41x101 cm. Mo\u017enos\u0165 objedna\u0165 v opa\u010dnom preveden\u00ed; <strong>dekora\u010dn\u00e1 DREVEN\u00c1 LI\u0160TA<\/strong> za pr\u00edplatok 80 eur; <strong>kovov\u00e9 \u010dierne nohy<\/strong>\u00a0(10cm) za pr\u00edplatok 29 eur<br \/>\n<strong>RTV stol\u00edk M12<\/strong> &#8211; 139x41x47,5 cm; <strong>dekora\u010dn\u00e1 DREVEN\u00c1 LI\u0160TA<\/strong> za pr\u00edplatok 25 eur; <strong>kovov\u00e9 \u010dierne nohy<\/strong>\u00a0(10cm) za pr\u00edplatok 29 eur<br \/>\n<strong>RTV stol\u00edk M13<\/strong> &#8211; 181x41x47,5 cm; <strong>dekora\u010dn\u00e1 DREVEN\u00c1 LI\u0160TA<\/strong> za pr\u00edplatok 50 eur; <strong>kovov\u00e9 \u010dierne nohy<\/strong>\u00a0(10cm) za pr\u00edplatok 29 eur<br \/>\n<strong>Konferen\u010dn\u00fd stol\u00edk M18\u00a0<\/strong>-120x65x57cm<br \/>\n<strong>Konferen\u010dn\u00fd stol\u00edk M17<\/strong> &#8211; 65x65x57 cm<br \/>\n<strong>Polica M11<\/strong> &#8211; 120x18x32 cm<br \/>\n<strong>Zrkadlo M10<\/strong> &#8211; 115x70cm<br \/>\n<strong>Poste\u013e 160 M9<\/strong> &#8211; 167,3x207x40cm. plocha na spanie 160&#215;200. Poste\u013e je dod\u00e1van\u00e1 s ro\u0161tom bez matraca; <strong>dekora\u010dn\u00e1 DREVEN\u00c1 LI\u0160TA<\/strong> za pr\u00edplatok 90 eur;<br \/>\n<strong>No\u010dn\u00fd stol\u00edk M16<\/strong> &#8211; 40x41x41cm; \u00a0<strong>kovov\u00e9 \u010dierne nohy<\/strong>\u00a0(10cm) za pr\u00edplatok 29 eur<\/p>\n","protected":false},"excerpt":{"rendered":"<p>Syst\u00e9m MEDIOLAN je elegantn\u00fd a vk\u00fasn\u00fd sekt\u00f3rov\u00fd n\u00e1bytok- je to novinka na trhu. \u013dahko s n\u00edm zariadite ob\u00fdvaciu izbu \u010di sp\u00e1l\u0148u. Je vyroben\u00fd z kvalitn\u00fdch materi\u00e1lov: mas\u00edv\/DTD laminovan\u00e1.\u010cierne dekorat\u00edvne prvky kr\u00e1sne kontrastuj\u00fa s tepl\u00fdm odtie\u0148om dreva &#8211; natural hikora. Syst\u00e9m MEDIOLAN m\u00e1 jedine\u010dn\u00fd charakter ktor\u00fd umoc\u0148uje mo\u017enos\u0165 prida\u0165 za pr\u00edplatok \u010dierne nohy, LED osvetlenie pol\u00edc&#8230;<\/p>\n","protected":false},"featured_media":118530,"comment_status":"closed","ping_status":"closed","template":"","meta":{"_seopress_robots_primary_cat":"182","_seopress_titles_title":"                                    ","_seopress_titles_desc":"                                    ","_seopress_robots_index":""},"product_brand":[],"product_cat":[182,183],"product_tag":[],"class_list":{"0":"post-84283","1":"product","2":"type-product","3":"status-publish","4":"has-post-thumbnail","6":"product_cat-obyvacie-steny","7":"product_cat-sektorove-obyvacie-steny","8":"pa_typ-produktu-mediolan-m1","9":"pa_typ-produktu-mediolan-m10","10":"pa_typ-produktu-mediolan-m11","11":"pa_typ-produktu-mediolan-m12","12":"pa_typ-produktu-mediolan-m13","13":"pa_typ-produktu-mediolan-m14","14":"pa_typ-produktu-mediolan-m15","15":"pa_typ-produktu-mediolan-m16","16":"pa_typ-produktu-mediolan-m17","17":"pa_typ-produktu-mediolan-m18","18":"pa_typ-produktu-mediolan-m19","19":"pa_typ-produktu-mediolan-m2","20":"pa_typ-produktu-mediolan-m3","21":"pa_typ-produktu-mediolan-m4","22":"pa_typ-produktu-mediolan-m5","23":"pa_typ-produktu-mediolan-m6","24":"pa_typ-produktu-mediolan-m7","25":"pa_typ-produktu-mediolan-m8","26":"pa_typ-produktu-mediolan-m9","28":"first","29":"onbackorder","30":"sale","31":"shipping-taxable","32":"purchasable","33":"product-type-variable"},"_links":{"self":[{"href":"https:\/\/nabytoklaguna.sk\/sk\/wp-json\/wp\/v2\/product\/84283","targetHints":{"allow":["GET"]}}],"collection":[{"href":"https:\/\/nabytoklaguna.sk\/sk\/wp-json\/wp\/v2\/product"}],"about":[{"href":"https:\/\/nabytoklaguna.sk\/sk\/wp-json\/wp\/v2\/types\/product"}],"replies":[{"embeddable":true,"href":"https:\/\/nabytoklaguna.sk\/sk\/wp-json\/wp\/v2\/comments?post=84283"}],"wp:featuredmedia":[{"embeddable":true,"href":"https:\/\/nabytoklaguna.sk\/sk\/wp-json\/wp\/v2\/media\/118530"}],"wp:attachment":[{"href":"https:\/\/nabytoklaguna.sk\/sk\/wp-json\/wp\/v2\/media?parent=84283"}],"wp:term":[{"taxonomy":"product_brand","embeddable":true,"href":"https:\/\/nabytoklaguna.sk\/sk\/wp-json\/wp\/v2\/product_brand?post=84283"},{"taxonomy":"product_cat","embeddable":true,"href":"https:\/\/nabytoklaguna.sk\/sk\/wp-json\/wp\/v2\/product_cat?post=84283"},{"taxonomy":"product_tag","embeddable":true,"href":"https:\/\/nabytoklaguna.sk\/sk\/wp-json\/wp\/v2\/product_tag?post=84283"}],"curies":[{"name":"wp","href":"https:\/\/api.w.org\/{rel}","templated":true}]}}