{"id":84483,"date":"2021-05-30T13:46:44","date_gmt":"2021-05-30T11:46:44","guid":{"rendered":"https:\/\/nabytoklaguna.sk\/sk\/?post_type=product&#038;p=84483"},"modified":"2025-03-13T14:19:20","modified_gmt":"2025-03-13T13:19:20","slug":"system-natural","status":"publish","type":"product","link":"https:\/\/nabytoklaguna.sk\/sk\/produkt\/system-natural\/","title":{"rendered":"SYST\u00c9M TURAN"},"content":{"rendered":"<p>Syst\u00e9m <strong>TURAN<\/strong>\u00a0 sa vyr\u00e1ba vo farebnom preveden\u00ed <strong>dub ribbeck<\/strong>,ktor\u00fd sa dokonale hod\u00ed do tmav\u00e9ho \u010di svetl\u00e9ho interi\u00e9ru. Z jednotliv\u00fdch komponentov si m\u00f4\u017ete vysklada\u0165 ob\u00fdvaciu izbu \u010di sp\u00e1lnu. Ur\u010dite ocen\u00edte tich\u00e9 zatv\u00e1ranie dver\u00ed, \u010del\u00e1 z\u00e1suviek vybaven\u00e9 otv\u00e1rac\u00edm sys\u00e9mon <strong>PUSH TO OPEN<\/strong>. Syst\u00e9m je vyroben\u00fd\u00a0\u00a0z laminovanej drevotriesky s hr\u00fabkou 16 mm <strong>v kombin\u00e1cii z mas\u00edvom.<\/strong> Predn\u00e1 vlo\u017eka n\u00e1bytku je dekorovan\u00e1 mrie\u017ekou. Osvetlenie nieje v cene n\u00e1bytku, je mo\u017en\u00e9 si doobjedna\u0165.<\/p>\n<p>Rozmery jednotliv\u00fdch komponentov (\u0160xHxV):<\/p>\n<p><strong>Ve\u0161iakov\u00e1 skri\u0148a N3<\/strong> &#8211; 195,5&#215;57,5&#215;200,5cm, mo\u017enos\u0165 dok\u00fapi\u0165 <strong>Led<\/strong> osvetlenie za cenu <strong>42\u20ac<\/strong><br \/>\n<strong>Rohov\u00e1 skri\u0148a N14<\/strong> &#8211; 87\/109&#215;53,5\/40,5&#215;200,5 cm<br \/>\n<strong>Ve\u0161iakov\u00e1 Skri\u0148a N1<\/strong> &#8211; 102&#215;57,5&#215;200,5 cm<br \/>\n<strong>Vitr\u00edna N4<\/strong> &#8211; 57&#215;40,5&#215;200,5cm,\u00a0mo\u017enos\u0165 dok\u00fapi\u0165 <strong>Led<\/strong> osvetlenie za cenu<strong> 37\u20ac<\/strong><br \/>\n<strong>Skri\u0148a na ve\u0161anie N2<\/strong> &#8211; 57x57x,5&#215;200,5cm<br \/>\n<strong>Vitr\u00edna N5<\/strong> &#8211; 102&#215;40,5&#215;159,5 cm,\u00a0mo\u017enos\u0165 dok\u00fapi\u0165 <strong>Led<\/strong> osvetlenie za cenu <strong>42\u20ac<\/strong><br \/>\n<strong>Komoda N6<\/strong> &#8211; 102&#215;40,5&#215;118,5cm,\u00a0mo\u017enos\u0165 dok\u00fapi\u0165 <strong>Led<\/strong> osvetlenie za cenu <strong>42\u20ac<\/strong><br \/>\n<strong>komoda N9<\/strong> &#8211; 191,5&#215;40,5x99cm,\u00a0mo\u017enos\u0165 dok\u00fapi\u0165 <strong>Led<\/strong> osvetlenie za cenu <strong>49\u20ac<\/strong><br \/>\n<strong>Komoda N8<\/strong> &#8211; 146,5&#215;40,5&#215;99 cm,\u00a0mo\u017enos\u0165 dok\u00fapi\u0165 <strong>Led<\/strong> osvetlenie za cenu <strong>49\u20ac<\/strong><br \/>\n<strong>Komoda N7<\/strong> &#8211; 102&#215;40,5&#215;99 cm,\u00a0mo\u017enos\u0165 dok\u00fapi\u0165 <strong>Led<\/strong> osvetlenie za cenu <strong>42\u20ac<\/strong><br \/>\n<strong>Rohov\u00e1 komoda N15<\/strong> &#8211; 132\/95,5&#215;40,5&#215;99 cm,\u00a0mo\u017enos\u0165 dok\u00fapi\u0165 <strong>Led<\/strong> osvetlenie za cenu <strong>49\u20ac<\/strong><br \/>\n<strong>RTV stol\u00edk N3<\/strong> &#8211; 195,5&#215;40,5&#215;51 cm,\u00a0mo\u017enos\u0165 dok\u00fapi\u0165 <strong>Led<\/strong> osvetlenie za cenu <strong>42\u20ac<\/strong><br \/>\n<strong>RTV stol\u00edk N12<\/strong> &#8211; 150 ,5&#215;40,5&#215;51 cm,\u00a0mo\u017enos\u0165 dok\u00fapi\u0165 <strong>Led<\/strong> osvetlenie za cenu <strong>38\u20ac<\/strong><br \/>\n<strong>P\u00edsac\u00ed stol\u00edk N16<\/strong> &#8211; 120x60x78 cm<br \/>\n<strong>Konferen\u010dn\u00fd stol\u00edk N20<\/strong> &#8211; 120x65x57cm<br \/>\n<strong>Konferen\u010dn\u00fd stol\u00edk N19<\/strong> &#8211; 65x65x57 cm<br \/>\n<strong>Poste\u013e N17<\/strong> &#8211; 167,7x207x40cm, poste\u013e s plochou na spanie 160&#215;200, dod\u00e1van\u00e1 s ro\u0161tom bez matraca. mo\u017enos\u0165 dok\u00fapi\u0165 <strong>LED za cenu 62 \u20ac<br \/>\nNo\u010dn\u00fd stol\u00edk N18 <\/strong>&#8211; 57&#215;40,5x51cm<br \/>\n<strong>Zrkadlo N10 <\/strong>&#8211; 120x80cm<br \/>\n<strong>Polica N11<\/strong> &#8211; 120x18x32 cm<\/p>\n","protected":false},"excerpt":{"rendered":"<p>Syst\u00e9m TURAN\u00a0 sa vyr\u00e1ba vo farebnom preveden\u00ed dub ribbeck,ktor\u00fd sa dokonale hod\u00ed do tmav\u00e9ho \u010di svetl\u00e9ho interi\u00e9ru. Z jednotliv\u00fdch komponentov si m\u00f4\u017ete vysklada\u0165 ob\u00fdvaciu izbu \u010di sp\u00e1lnu. Ur\u010dite ocen\u00edte tich\u00e9 zatv\u00e1ranie dver\u00ed, \u010del\u00e1 z\u00e1suviek vybaven\u00e9 otv\u00e1rac\u00edm sys\u00e9mon PUSH TO OPEN. Syst\u00e9m je vyroben\u00fd\u00a0\u00a0z laminovanej drevotriesky s hr\u00fabkou 16 mm v kombin\u00e1cii z mas\u00edvom. Predn\u00e1 vlo\u017eka&#8230;<\/p>\n","protected":false},"featured_media":116492,"comment_status":"closed","ping_status":"closed","template":"","meta":{"_seopress_robots_primary_cat":"182","_seopress_titles_title":"","_seopress_titles_desc":"","_seopress_robots_index":""},"product_brand":[],"product_cat":[182,183],"product_tag":[],"class_list":{"0":"post-84483","1":"product","2":"type-product","3":"status-publish","4":"has-post-thumbnail","6":"product_cat-obyvacie-steny","7":"product_cat-sektorove-obyvacie-steny","8":"pa_typ-produktu-n1","9":"pa_typ-produktu-n10","10":"pa_typ-produktu-n11","11":"pa_typ-produktu-n12","12":"pa_typ-produktu-n13","13":"pa_typ-produktu-n14","14":"pa_typ-produktu-n15","15":"pa_typ-produktu-n16","16":"pa_typ-produktu-n17","17":"pa_typ-produktu-n18","18":"pa_typ-produktu-n19","19":"pa_typ-produktu-n2","20":"pa_typ-produktu-n20","21":"pa_typ-produktu-n3","22":"pa_typ-produktu-n4","23":"pa_typ-produktu-n5","24":"pa_typ-produktu-n6","25":"pa_typ-produktu-n7","26":"pa_typ-produktu-n8","27":"pa_typ-produktu-n9","29":"first","30":"onbackorder","31":"sale","32":"shipping-taxable","33":"purchasable","34":"product-type-variable"},"_links":{"self":[{"href":"https:\/\/nabytoklaguna.sk\/sk\/wp-json\/wp\/v2\/product\/84483","targetHints":{"allow":["GET"]}}],"collection":[{"href":"https:\/\/nabytoklaguna.sk\/sk\/wp-json\/wp\/v2\/product"}],"about":[{"href":"https:\/\/nabytoklaguna.sk\/sk\/wp-json\/wp\/v2\/types\/product"}],"replies":[{"embeddable":true,"href":"https:\/\/nabytoklaguna.sk\/sk\/wp-json\/wp\/v2\/comments?post=84483"}],"wp:featuredmedia":[{"embeddable":true,"href":"https:\/\/nabytoklaguna.sk\/sk\/wp-json\/wp\/v2\/media\/116492"}],"wp:attachment":[{"href":"https:\/\/nabytoklaguna.sk\/sk\/wp-json\/wp\/v2\/media?parent=84483"}],"wp:term":[{"taxonomy":"product_brand","embeddable":true,"href":"https:\/\/nabytoklaguna.sk\/sk\/wp-json\/wp\/v2\/product_brand?post=84483"},{"taxonomy":"product_cat","embeddable":true,"href":"https:\/\/nabytoklaguna.sk\/sk\/wp-json\/wp\/v2\/product_cat?post=84483"},{"taxonomy":"product_tag","embeddable":true,"href":"https:\/\/nabytoklaguna.sk\/sk\/wp-json\/wp\/v2\/product_tag?post=84483"}],"curies":[{"name":"wp","href":"https:\/\/api.w.org\/{rel}","templated":true}]}}