{"id":84874,"date":"2021-05-30T13:46:44","date_gmt":"2021-05-30T11:46:44","guid":{"rendered":"https:\/\/nabytoklaguna.sk\/sk\/?post_type=product&#038;p=84874"},"modified":"2023-06-27T15:41:48","modified_gmt":"2023-06-27T13:41:48","slug":"system-dallas-2","status":"publish","type":"product","link":"https:\/\/nabytoklaguna.sk\/sk\/produkt\/system-dallas-2\/","title":{"rendered":"Syst\u00e9m DALLAS"},"content":{"rendered":"<p>DALLAS je ve\u013emi origin\u00e1lna a elegantn\u00e1 sektorov\u00e1 zostava n\u00e1bytku, ktor\u00e1 je vhodn\u00e1 na zariadenie ob\u00fdvac\u00edch izieb, jed\u00e1lni \u010di \u0161tudentsk\u00fdch izieb. Tento luxusn\u00fd modern\u00fd n\u00e1bytok DALLAS\u00a0je vhodn\u00fd najm\u00e4 pre milovn\u00edkov nad\u010dasovej m\u00f3dy a n\u00e1padit\u00e9ho dizajnu.\u00a0Kolekcia\u00a0DALLAS m\u00e1 jednoduch\u00e9 tvary a \u010dist\u00e9 l\u00ednie, ktor\u00e9 dod\u00e1vaj\u00fa domovu harm\u00f3niu a \u00fatulnos\u0165. Boky s\u00fa zdoben\u00e9 MDF li\u0161tou, ABS hrany predl\u017euj\u00fa \u017eivotnos\u0165 n\u00e1bytku.\u00a0 T\u00e1to<strong>\u00a0<\/strong>kolekcia<strong>\u00a0\u00a0<\/strong>DALLAS\u00a0pon\u00faka naozaj \u0161irok\u00fd v\u00fdber pod\u013ea vlastnej predstavy \u010di potreby.\u00a0Zaria\u010fte si svoj domov p\u00f4vabne a c\u00ed\u0165te sa v \u0148om ako v rozpr\u00e1vke s n\u00e1bytkom DALLAS.<\/p>\n<p><strong>Materi\u00e1l:\u00a0\u00a0<\/strong>LTD 16 mm \/ li\u0161ty MDF 48 mm<\/p>\n<p><strong>Farebn\u00e9 prevedenie:<\/strong><\/p>\n<ul>\n<li>dub sonoma<\/li>\n<li>dub truflov\u00e1<\/li>\n<\/ul>\n<p><strong>Rozmery jednotliv\u00fdch komponentov(\u0160xHxV):<\/strong><\/p>\n<p><strong>Rohov\u00e1 univerz\u00e1lna skri\u0148a DALLAS D21<\/strong> &#8211; 100\/114&#215;58\/43,5&#215;192 cm<br \/>\n<strong>Ve\u0161iakov\u00e1 skri\u0148a DALLAS D20<\/strong> &#8211; 97x58x192cm<br \/>\n<strong style=\"font-size: 15.008px\">Vitr\u00edna DALLAS D23<\/strong><span style=\"font-size: 15.008px\"> &#8211; 97&#215;43,5x192cm<br \/>\n<\/span><strong>Vitr\u00edna DALLAS D 17<\/strong> &#8211; 97&#215;43,5&#215;192 cm, mo\u017enos\u0165 doobjedna\u0165 LED osvetlenie za cenu 59 EUR<br \/>\n<strong>Vitr\u00edna DALLAS D16<\/strong> &#8211; 58x43x192 cm, mo\u017enos\u0165 doobjedna\u0165 LED osvetlenie za cenu 35 EUR<br \/>\n<strong>Ve\u0161iakov\u00e1 skri\u0148a DALLAS D19<\/strong> &#8211; 58x58x192 cm<br \/>\n<strong>Komoda DALLAS D6-\u00a0<\/strong>97&#215;43,5x123cm<br \/>\n<strong>Komoda DALLAS D4<\/strong> &#8211; 80,5&#215;43,5x91cm<br \/>\n<strong>Komoda DALLAS D3<\/strong> &#8211; 117&#215;43,5x91cm<br \/>\n<strong>Komoda DALLAS D2<\/strong> &#8211; 107&#215;43,5x91cm<br \/>\n<strong>Komoda DALLAS D7<\/strong>\u00a0 -157&#215;43,5&#215;111 cm, mo\u017enos\u0165 doobjedna\u0165 LED osvetlenie za cenu 40EUR<br \/>\n<strong>Komoda DALLAS<\/strong> <strong>D5<\/strong> &#8211; 137&#215;43,5&#215;91 cm,<br \/>\n<strong>Komoda DALLAS D1<\/strong> &#8211; 157&#215;43,5&#215;91 cm<br \/>\n<strong>PC stol\u00edk DALLAS D13<\/strong> &#8211; 126x59x77cm<br \/>\n<strong>RTV stol\u00edk DALLAS D12<\/strong> &#8211; 137&#215;43,5x53cm<br \/>\n<strong>RTV stol\u00edk DALLAS D11<\/strong> &#8211; 107x48x72 cm<br \/>\n<strong>Konferen\u010dn\u00fd stol\u00edk DALLAS D15<\/strong> &#8211; 120x60x61cm<br \/>\n<strong>Konferen\u010dn\u00fd stol\u00edk DALLAS D<\/strong>14 &#8211; 90x60x61cm<br \/>\n<strong>Zrkadlo DALLAS D9 -115x82cm<\/strong><br \/>\n<strong>Polica DALLAS D3<\/strong>0 &#8211; 77x18x63,5cm<br \/>\n<strong>Polica DALLAS D8<\/strong>&#8211; 137&#215;33,5x48cm<br \/>\n<strong>Polica DALLAS D10<\/strong> &#8211; 107x20cm, v\u00fd\u0161ka :48mm<\/p>\n","protected":false},"excerpt":{"rendered":"<p>DALLAS je ve\u013emi origin\u00e1lna a elegantn\u00e1 sektorov\u00e1 zostava n\u00e1bytku, ktor\u00e1 je vhodn\u00e1 na zariadenie ob\u00fdvac\u00edch izieb, jed\u00e1lni \u010di \u0161tudentsk\u00fdch izieb. Tento luxusn\u00fd modern\u00fd n\u00e1bytok DALLAS\u00a0je vhodn\u00fd najm\u00e4 pre milovn\u00edkov nad\u010dasovej m\u00f3dy a n\u00e1padit\u00e9ho dizajnu.\u00a0Kolekcia\u00a0DALLAS m\u00e1 jednoduch\u00e9 tvary a \u010dist\u00e9 l\u00ednie, ktor\u00e9 dod\u00e1vaj\u00fa domovu harm\u00f3niu a \u00fatulnos\u0165. Boky s\u00fa zdoben\u00e9 MDF li\u0161tou, ABS hrany predl\u017euj\u00fa \u017eivotnos\u0165&#8230;<\/p>\n","protected":false},"featured_media":114772,"comment_status":"closed","ping_status":"closed","template":"","meta":{"_seopress_robots_primary_cat":"182","_seopress_titles_title":"                                    ","_seopress_titles_desc":"                                    ","_seopress_robots_index":""},"product_brand":[],"product_cat":[182,183],"product_tag":[],"class_list":{"0":"post-84874","1":"product","2":"type-product","3":"status-publish","4":"has-post-thumbnail","6":"product_cat-obyvacie-steny","7":"product_cat-sektorove-obyvacie-steny","8":"pa_typ-produktu-dallas-d1","9":"pa_typ-produktu-dallas-d10","10":"pa_typ-produktu-dallas-d11","11":"pa_typ-produktu-dallas-d12","12":"pa_typ-produktu-dallas-d13","13":"pa_typ-produktu-dallas-d14","14":"pa_typ-produktu-dallas-d15","15":"pa_typ-produktu-dallas-d16","16":"pa_typ-produktu-dallas-d17","17":"pa_typ-produktu-dallas-d19","18":"pa_typ-produktu-dallas-d2","19":"pa_typ-produktu-dallas-d20","20":"pa_typ-produktu-dallas-d21","21":"pa_typ-produktu-dallas-d23","22":"pa_typ-produktu-dallas-d3","23":"pa_typ-produktu-dallas-d30","24":"pa_typ-produktu-dallas-d4","25":"pa_typ-produktu-dallas-d5","26":"pa_typ-produktu-dallas-d6","27":"pa_typ-produktu-dallas-d7","28":"pa_typ-produktu-dallas-d8","29":"pa_typ-produktu-dallas-d9","30":"pa_typ-produktu-zrkadlo-typ-50","32":"first","33":"onbackorder","34":"sale","35":"shipping-taxable","36":"purchasable","37":"product-type-variable"},"_links":{"self":[{"href":"https:\/\/nabytoklaguna.sk\/sk\/wp-json\/wp\/v2\/product\/84874","targetHints":{"allow":["GET"]}}],"collection":[{"href":"https:\/\/nabytoklaguna.sk\/sk\/wp-json\/wp\/v2\/product"}],"about":[{"href":"https:\/\/nabytoklaguna.sk\/sk\/wp-json\/wp\/v2\/types\/product"}],"replies":[{"embeddable":true,"href":"https:\/\/nabytoklaguna.sk\/sk\/wp-json\/wp\/v2\/comments?post=84874"}],"wp:featuredmedia":[{"embeddable":true,"href":"https:\/\/nabytoklaguna.sk\/sk\/wp-json\/wp\/v2\/media\/114772"}],"wp:attachment":[{"href":"https:\/\/nabytoklaguna.sk\/sk\/wp-json\/wp\/v2\/media?parent=84874"}],"wp:term":[{"taxonomy":"product_brand","embeddable":true,"href":"https:\/\/nabytoklaguna.sk\/sk\/wp-json\/wp\/v2\/product_brand?post=84874"},{"taxonomy":"product_cat","embeddable":true,"href":"https:\/\/nabytoklaguna.sk\/sk\/wp-json\/wp\/v2\/product_cat?post=84874"},{"taxonomy":"product_tag","embeddable":true,"href":"https:\/\/nabytoklaguna.sk\/sk\/wp-json\/wp\/v2\/product_tag?post=84874"}],"curies":[{"name":"wp","href":"https:\/\/api.w.org\/{rel}","templated":true}]}}