{"id":85670,"date":"2021-06-19T14:40:08","date_gmt":"2021-06-19T12:40:08","guid":{"rendered":"https:\/\/nabytoklaguna.sk\/sk\/?post_type=product&#038;p=85670"},"modified":"2025-07-15T10:56:02","modified_gmt":"2025-07-15T08:56:02","slug":"sydney-postel","status":"publish","type":"product","link":"https:\/\/nabytoklaguna.sk\/sk\/produkt\/sydney-postel\/","title":{"rendered":"SYDNEY poste\u013e"},"content":{"rendered":"<p>Poste\u013e SYDNEY V\u00e1s z\u00e1ujme svojimi \u010dist\u00fdmi a jednoduch\u00fdmi\u00a0 l\u00edniami. Vyroben\u00e1 je z kvalitnej laminovanej DTD, ABS hrany pred\u017euj\u00fa jej \u017eivotnos\u0165. V\u00e1\u0161mu oku neunikne zauj\u00edmavo tvarovan\u00e9 \u010delo postele. Ve\u013ekou v\u00fdhodou tejto postele je v\u00fdber farebnej kombin\u00e1cie Dub bergamo. Poste\u013e nem\u00e1 \u00falo\u017en\u00fd priestor. K posteli je mo\u017en\u00e9 zak\u00fapi\u0165 no\u010dn\u00fd stol\u00edk za cenu 78,- \u20ac\/1ks<\/p>\n<table style=\"height: 499px; width: 1077px;\">\n<tbody>\n<tr style=\"height: 50px;\">\n<td style=\"height: 50px; width: 475px;\"><strong>VLASTNOSTI<\/strong><\/td>\n<td style=\"height: 50px; width: 602px;\"><\/td>\n<\/tr>\n<tr style=\"height: 50px;\">\n<td style=\"height: 50px; width: 475px;\"><\/td>\n<td style=\"height: 50px; width: 602px;\"><\/td>\n<\/tr>\n<tr style=\"height: 50px;\">\n<td style=\"height: 50px; width: 475px;\"><strong>Rozmer postele(\u0160xDxV):180<\/strong><\/td>\n<td style=\"height: 50px; width: 602px;\">187 x 215 x94 cm<\/td>\n<\/tr>\n<tr style=\"height: 50px;\">\n<td style=\"height: 50px; width: 475px;\"><strong>Plocha na spanie:180<\/strong><\/td>\n<td style=\"height: 50px; width: 602px;\">180x200cm<\/td>\n<\/tr>\n<tr style=\"height: 50px;\">\n<td style=\"height: 50px; width: 475px;\"><strong>\u00dalo\u017en\u00fd priestor:<\/strong><\/td>\n<td style=\"height: 50px; width: 602px;\">NIE<\/td>\n<\/tr>\n<tr style=\"height: 50px;\">\n<td style=\"height: 50px; width: 475px;\"><strong>Ro\u0161t:<\/strong><\/td>\n<td style=\"height: 50px; width: 602px;\">NIE<\/td>\n<\/tr>\n<tr style=\"height: 50px;\">\n<td style=\"height: 50px; width: 475px;\"><strong>Materi\u00e1l:<\/strong><\/td>\n<td style=\"height: 50px; width: 602px;\">DTD laminovan\u00e1, ABS<\/td>\n<\/tr>\n<tr style=\"height: 50px;\">\n<td style=\"height: 50px; width: 475px;\"><strong>Farebn\u00e9 prevedenie:<\/strong><\/td>\n<td style=\"height: 50px; width: 602px;\">Dub bergamo\/biely lesk<\/td>\n<\/tr>\n<tr style=\"height: 50px;\">\n<td style=\"height: 50px; width: 475px;\"><strong>V\u00fd\u0161ka sedu:<\/strong><\/td>\n<td style=\"height: 50px; width: 602px;\">41 cm<\/td>\n<\/tr>\n<tr style=\"height: 49px;\">\n<td style=\"height: 49px; width: 475px;\"><strong>No\u010dn\u00fd stol\u00edk\u00a0(\u0160xHxV):<\/strong><\/td>\n<td style=\"height: 49px; width: 602px;\">57 x 42 x 41 cm<\/td>\n<\/tr>\n<\/tbody>\n<\/table>\n<p>&nbsp;<\/p>\n","protected":false},"excerpt":{"rendered":"<p>Poste\u013e SYDNEY V\u00e1s z\u00e1ujme svojimi \u010dist\u00fdmi a jednoduch\u00fdmi\u00a0 l\u00edniami. Vyroben\u00e1 je z kvalitnej laminovanej DTD, ABS hrany pred\u017euj\u00fa jej \u017eivotnos\u0165. V\u00e1\u0161mu oku neunikne zauj\u00edmavo tvarovan\u00e9 \u010delo postele. Ve\u013ekou v\u00fdhodou tejto postele je v\u00fdber farebnej kombin\u00e1cie Dub bergamo. Poste\u013e nem\u00e1 \u00falo\u017en\u00fd priestor. K posteli je mo\u017en\u00e9 zak\u00fapi\u0165 no\u010dn\u00fd stol\u00edk za cenu 78,- \u20ac\/1ks VLASTNOSTI Rozmer postele(\u0160xDxV):180&#8230;<\/p>\n","protected":false},"featured_media":112547,"comment_status":"closed","ping_status":"closed","template":"","meta":{"_seopress_robots_primary_cat":"4012","_seopress_titles_title":"","_seopress_titles_desc":"","_seopress_robots_index":""},"product_brand":[],"product_cat":[4012,616],"product_tag":[],"class_list":{"0":"post-85670","1":"product","2":"type-product","3":"status-publish","4":"has-post-thumbnail","6":"product_cat-postele","7":"product_cat-drevene-postele","9":"first","10":"outofstock","11":"shipping-taxable","12":"purchasable","13":"product-type-variable"},"_links":{"self":[{"href":"https:\/\/nabytoklaguna.sk\/sk\/wp-json\/wp\/v2\/product\/85670","targetHints":{"allow":["GET"]}}],"collection":[{"href":"https:\/\/nabytoklaguna.sk\/sk\/wp-json\/wp\/v2\/product"}],"about":[{"href":"https:\/\/nabytoklaguna.sk\/sk\/wp-json\/wp\/v2\/types\/product"}],"replies":[{"embeddable":true,"href":"https:\/\/nabytoklaguna.sk\/sk\/wp-json\/wp\/v2\/comments?post=85670"}],"wp:featuredmedia":[{"embeddable":true,"href":"https:\/\/nabytoklaguna.sk\/sk\/wp-json\/wp\/v2\/media\/112547"}],"wp:attachment":[{"href":"https:\/\/nabytoklaguna.sk\/sk\/wp-json\/wp\/v2\/media?parent=85670"}],"wp:term":[{"taxonomy":"product_brand","embeddable":true,"href":"https:\/\/nabytoklaguna.sk\/sk\/wp-json\/wp\/v2\/product_brand?post=85670"},{"taxonomy":"product_cat","embeddable":true,"href":"https:\/\/nabytoklaguna.sk\/sk\/wp-json\/wp\/v2\/product_cat?post=85670"},{"taxonomy":"product_tag","embeddable":true,"href":"https:\/\/nabytoklaguna.sk\/sk\/wp-json\/wp\/v2\/product_tag?post=85670"}],"curies":[{"name":"wp","href":"https:\/\/api.w.org\/{rel}","templated":true}]}}