{"id":89762,"date":"2021-05-30T13:46:44","date_gmt":"2021-05-30T11:46:44","guid":{"rendered":"https:\/\/nabytoklaguna.sk\/sk\/?post_type=product&#038;p=89762"},"modified":"2025-02-12T13:45:34","modified_gmt":"2025-02-12T12:45:34","slug":"stg-cuba","status":"publish","type":"product","link":"https:\/\/nabytoklaguna.sk\/sk\/produkt\/stg-cuba\/","title":{"rendered":"STG CUBA"},"content":{"rendered":"<p><strong>Kr\u00e1sna rohov\u00e1<\/strong> sedacia s\u00faprava <strong>CUBA<\/strong> s\u00faprava pon\u00faka <strong>modern\u00fd dizajn<\/strong> a <strong>pohodln\u00e9 sedenie<\/strong>. V\u00e1\u0161mu oku neunikn\u00fa <strong>elegantn\u00e9 chromov\u00e9 no\u017ei\u010dky.<\/strong> Samozrejmos\u0165ou je <strong>\u00falo\u017en\u00fd priestor<\/strong> a <strong>funkcia rozkladu<\/strong>. Miesto na ulo\u017eenie n\u00e1v\u0161tevy u\u017e nebude \u017eiaden probl\u00e9m. V\u00fdhodou je <strong>v\u00fdber po\u0165ahov\u00fdch l\u00e1tok<\/strong>, ktor\u00e9 s\u00fa ve\u013emi kvalitn\u00e9. O pohodln\u00e9 sedenie sa post\u00e1ra pru\u017eina<strong> BONELL<\/strong> v kombin\u00e1cii s Pur penou. Taktie\u017e si m\u00f4\u017ete vybra\u0165 <strong>prav\u00e9 \u010di \u013eav\u00e9<\/strong> prevedenie rohu. V\u010faka tomu nebudete ma\u0165 probl\u00e9m umiestni\u0165 <strong>kr\u00e1snu rohov\u00fa sedaciu<\/strong> s\u00fapravu <strong>CUBA<\/strong> do va\u0161ej ob\u00fdva\u010dky. Fotka je len ilustra\u010dn\u00e1.<\/p>\n<p><strong>Cena<\/strong>\u00a0<strong>sa men\u00ed v z\u00e1vislosti od v\u00fdberu po\u0165ahovej l\u00e1tky. Cena je uveden\u00e1 v cenovej skupine 0.<\/strong><\/p>\n<p><strong>VZORKOVN\u00cdK L\u00c1TOK<\/strong><\/p>\n<p><a href=\"https:\/\/nabytoklaguna.sk\/sk\/wp-content\/uploads\/2021\/02\/stagra-vzorkovniky.docx\"><img loading=\"lazy\" decoding=\"async\" class=\"alignnone size-full wp-image-100592\" src=\"https:\/\/nabytoklaguna.sk\/sk\/wp-content\/uploads\/2021\/01\/tlacidlo-vzorkovnik-latok-2.jpg\" alt=\"tlacidlo vzorkovnik latok (2)\" width=\"100\" height=\"100\" \/><\/a><\/p>\n<h3 class=\"page-product-heading\">VLASTNOSTI<\/h3>\n<table class=\"table-data-sheet\">\n<tbody>\n<tr class=\"odd\">\n<td>H\u013abka<\/td>\n<td>160 cm<\/td>\n<\/tr>\n<tr class=\"even\">\n<td>\u0160\u00edrka<\/td>\n<td>225 cm<\/td>\n<\/tr>\n<tr class=\"odd\">\n<td>V\u00fd\u0161ka<\/td>\n<td>90cm<\/td>\n<\/tr>\n<tr class=\"even\">\n<td>Vhodn\u00e1 miestnos\u0165<\/td>\n<td>ob\u00fdva\u010dka, spolo\u010densk\u00e1 miestnos\u0165, hotely, kaviarne<\/td>\n<\/tr>\n<tr class=\"odd\">\n<td>Typ n\u00e1bytku<\/td>\n<td>rohov\u00e1 sedacia s\u00faprava<\/td>\n<\/tr>\n<tr class=\"even\">\n<td>\u0160t\u00fdl n\u00e1bytku<\/td>\n<td>modern\u00fd<\/td>\n<\/tr>\n<tr class=\"odd\">\n<td>Z\u00e1ruka<\/td>\n<td>2 roky<\/td>\n<\/tr>\n<tr class=\"even\">\n<td>Sp\u00f4sob dodania<\/td>\n<td>demont v dvoch bal\u00edkoch<\/td>\n<\/tr>\n<tr class=\"odd\">\n<td>Hmotnos\u0165<\/td>\n<td>120 kg<\/td>\n<\/tr>\n<tr class=\"even\">\n<td>\u00dalo\u017en\u00fd priestor<\/td>\n<td>\u00e1no<\/td>\n<\/tr>\n<tr class=\"odd\">\n<td>Rohov\u00e9 prevedenie<\/td>\n<td>\u00e1no<\/td>\n<\/tr>\n<tr class=\"even\">\n<td>V\u00fd\u0161ka sed\u00e1ka<\/td>\n<td>45 cm<\/td>\n<\/tr>\n<tr class=\"odd\">\n<td>V\u00fd\u0161ka zadn\u00e9ho \u010dela<\/td>\n<td>max. 90 cm<\/td>\n<\/tr>\n<tr class=\"even\">\n<td>Mo\u017enos\u0165 rozkladania<\/td>\n<td>\u00e1no<\/td>\n<\/tr>\n<tr class=\"odd\">\n<td>Plocha po rozlo\u017een\u00ed<\/td>\n<td>140\u00d7200 cm<\/td>\n<\/tr>\n<tr class=\"even\">\n<td>Kon\u0161trukcia<\/td>\n<td>mas\u00edv<\/td>\n<\/tr>\n<tr class=\"odd\">\n<td>N\u00f4\u017eky<\/td>\n<td>chrom<\/td>\n<\/tr>\n<tr class=\"even\">\n<td>Obsahuje vank\u00fa\u0161e<\/td>\n<td>\u00e1no<\/td>\n<\/tr>\n<tr class=\"odd\">\n<td>Nastavenie opierok<\/td>\n<td>nie<\/td>\n<\/tr>\n<tr class=\"even\">\n<td>V\u00fdpl\u0148 seda\u010dky<\/td>\n<td>pena+ pru\u017eina<\/td>\n<\/tr>\n<\/tbody>\n<\/table>\n<p>&nbsp;<\/p>\n<div id=\"jp-relatedposts\" class=\"jp-relatedposts\"><img loading=\"lazy\" decoding=\"async\" class=\"alignnone size-medium wp-image-89763\" src=\"https:\/\/nabytoklaguna.sk\/sk\/wp-content\/uploads\/2020\/12\/bucco-500x289.gif\" alt=\"\" width=\"500\" height=\"289\" \/><\/div>\n<p>&nbsp;<\/p>\n","protected":false},"excerpt":{"rendered":"<p>Kr\u00e1sna rohov\u00e1 sedacia s\u00faprava CUBA s\u00faprava pon\u00faka modern\u00fd dizajn a pohodln\u00e9 sedenie. V\u00e1\u0161mu oku neunikn\u00fa elegantn\u00e9 chromov\u00e9 no\u017ei\u010dky. Samozrejmos\u0165ou je \u00falo\u017en\u00fd priestor a funkcia rozkladu. Miesto na ulo\u017eenie n\u00e1v\u0161tevy u\u017e nebude \u017eiaden probl\u00e9m. V\u00fdhodou je v\u00fdber po\u0165ahov\u00fdch l\u00e1tok, ktor\u00e9 s\u00fa ve\u013emi kvalitn\u00e9. O pohodln\u00e9 sedenie sa post\u00e1ra pru\u017eina BONELL v kombin\u00e1cii s Pur penou. Taktie\u017e&#8230;<\/p>\n","protected":false},"featured_media":89764,"comment_status":"closed","ping_status":"closed","template":"","meta":{"_seopress_robots_primary_cat":"140","_seopress_titles_title":"","_seopress_titles_desc":"","_seopress_robots_index":""},"product_brand":[],"product_cat":[255,140],"product_tag":[],"class_list":{"0":"post-89762","1":"product","2":"type-product","3":"status-publish","4":"has-post-thumbnail","6":"product_cat-rohove-supravy","7":"product_cat-sedacie-supravy","9":"first","10":"onbackorder","11":"shipping-taxable","12":"purchasable","13":"product-type-variable"},"_links":{"self":[{"href":"https:\/\/nabytoklaguna.sk\/sk\/wp-json\/wp\/v2\/product\/89762","targetHints":{"allow":["GET"]}}],"collection":[{"href":"https:\/\/nabytoklaguna.sk\/sk\/wp-json\/wp\/v2\/product"}],"about":[{"href":"https:\/\/nabytoklaguna.sk\/sk\/wp-json\/wp\/v2\/types\/product"}],"replies":[{"embeddable":true,"href":"https:\/\/nabytoklaguna.sk\/sk\/wp-json\/wp\/v2\/comments?post=89762"}],"wp:featuredmedia":[{"embeddable":true,"href":"https:\/\/nabytoklaguna.sk\/sk\/wp-json\/wp\/v2\/media\/89764"}],"wp:attachment":[{"href":"https:\/\/nabytoklaguna.sk\/sk\/wp-json\/wp\/v2\/media?parent=89762"}],"wp:term":[{"taxonomy":"product_brand","embeddable":true,"href":"https:\/\/nabytoklaguna.sk\/sk\/wp-json\/wp\/v2\/product_brand?post=89762"},{"taxonomy":"product_cat","embeddable":true,"href":"https:\/\/nabytoklaguna.sk\/sk\/wp-json\/wp\/v2\/product_cat?post=89762"},{"taxonomy":"product_tag","embeddable":true,"href":"https:\/\/nabytoklaguna.sk\/sk\/wp-json\/wp\/v2\/product_tag?post=89762"}],"curies":[{"name":"wp","href":"https:\/\/api.w.org\/{rel}","templated":true}]}}