{"id":89868,"date":"2021-05-30T13:46:44","date_gmt":"2021-05-30T11:46:44","guid":{"rendered":"https:\/\/nabytoklaguna.sk\/sk\/?post_type=product&#038;p=89868"},"modified":"2025-06-03T15:25:42","modified_gmt":"2025-06-03T13:25:42","slug":"stg-ewa","status":"publish","type":"product","link":"https:\/\/nabytoklaguna.sk\/sk\/produkt\/stg-ewa\/","title":{"rendered":"STG EWA"},"content":{"rendered":"<p><strong>Pohodln\u00e1 rohov\u00e1<\/strong> sedacia s\u00faprava\u00a0 <strong>EWA<\/strong>\u00a0vhodn\u00e9 do modern\u00e9ho \u010di tradi\u010dn\u00e9ho interi\u00e9ru. Sedacia \u010das\u0165 a opierkov\u00e1 \u010das\u0165<strong> s\u00fa pre\u0161\u00edvan\u00e9<\/strong>, \u010do p\u00f4sobi ve\u013emi <strong>elegantne<\/strong>.\u00a0 O pohodlie pri seden\u00ed sa postar\u00e1<strong> z\u00e1hlavn\u00edk<\/strong> (1ks), ktor\u00fd je v cene .V\u00e1\u0161mu oku neunikn\u00fa netradi\u010dn\u00e9 <strong>kovov\u00e9 no\u017ei\u010dky.<\/strong> Sedacia s\u00faprava <strong>m\u00e1 funkciu rozkladu<\/strong>, jednoduch\u00fdmi krokmi ju rozlo\u017e\u00edte, \u010d\u00edm V\u00e1m vznikne plocha pre pr\u00edle\u017eitostn\u00e9 spanie. <strong>\u00dalo\u017en\u00fd priestor je s\u00fa\u010das\u0165ou<\/strong> tejto sedacej s\u00fapravy. Sedenie je<strong> stredne m\u00e4kk\u00e9<\/strong> a to v\u010faka pru\u017eine <strong>FALISTA<\/strong> a polyuret\u00e1novej peny, ktor\u00e9 tvoria jadro sedacej s\u00fapravy. Mo\u017enos\u0165 v\u00fdberu prav\u00e9ho alebo \u013eav\u00e9ho prevedenie.<\/p>\n<p>Mo\u017enos\u0165 dok\u00fapi\u0165 z\u00e1hlavn\u00edk cena<strong> 1ks\/58 EUR<\/strong><\/p>\n<p>Fotka sedacej s\u00fapravy je len\u00a0<strong>ilustra\u010dn\u00e1.\u00a0 \u00a0 \u00a0<\/strong><\/p>\n<p><strong>Cena<\/strong>\u00a0<strong>sedacej s\u00fapravy sa men\u00ed v z\u00e1vislosti od v\u00fdberu po\u0165ahovej l\u00e1tky.\u00a0 Cena za sedaciu s\u00fapravu je v cenovej skupine 0.<\/strong><\/p>\n<p><strong>VZORKOVN\u00cdK L\u00c1TOK<\/strong><\/p>\n<p><a href=\"https:\/\/nabytoklaguna.sk\/sk\/wp-content\/uploads\/2021\/02\/stagra-vzorkovniky.docx\"><img loading=\"lazy\" decoding=\"async\" class=\"alignnone size-full wp-image-100592\" src=\"https:\/\/nabytoklaguna.sk\/sk\/wp-content\/uploads\/2021\/01\/tlacidlo-vzorkovnik-latok-2.jpg\" alt=\"tlacidlo vzorkovnik latok (2)\" width=\"100\" height=\"100\" \/><\/a><\/p>\n<h3 class=\"page-product-heading\">VLASTNOSTI<\/h3>\n<table class=\"table-data-sheet\">\n<tbody>\n<tr class=\"odd\">\n<td>H\u013abka<\/td>\n<td>185cm<\/td>\n<\/tr>\n<tr class=\"even\">\n<td>\u0160\u00edrka<\/td>\n<td>240 cm<\/td>\n<\/tr>\n<tr class=\"odd\">\n<td>V\u00fd\u0161ka<\/td>\n<td>57-86cm<\/td>\n<\/tr>\n<tr class=\"even\">\n<td>Vhodn\u00e1 miestnos\u0165<\/td>\n<td>ob\u00fdva\u010dka, spolo\u010densk\u00e1 miestnos\u0165, hotely, kaviarne<\/td>\n<\/tr>\n<tr class=\"odd\">\n<td>Typ n\u00e1bytku<\/td>\n<td>rohov\u00e1 sedacia s\u00faprava<\/td>\n<\/tr>\n<tr class=\"even\">\n<td>\u0160t\u00fdl n\u00e1bytku<\/td>\n<td>modern\u00fd<\/td>\n<\/tr>\n<tr class=\"odd\">\n<td>Z\u00e1ruka<\/td>\n<td>2 roky<\/td>\n<\/tr>\n<tr class=\"even\">\n<td>Sp\u00f4sob dodania<\/td>\n<td>demont v\u00a0 dvoch bal\u00edkoch<\/td>\n<\/tr>\n<tr class=\"odd\">\n<td>Hmotnos\u0165<\/td>\n<td>125 kg<\/td>\n<\/tr>\n<tr class=\"even\">\n<td>\u00dalo\u017en\u00fd priestor<\/td>\n<td>\u00e1no<\/td>\n<\/tr>\n<tr class=\"odd\">\n<td>Rohov\u00e9 prevedenie<\/td>\n<td>\u00e1no<\/td>\n<\/tr>\n<tr class=\"even\">\n<td>V\u00fd\u0161ka sed\u00e1ka<\/td>\n<td>44 cm<\/td>\n<\/tr>\n<tr class=\"odd\">\n<td>V\u00fd\u0161ka zadn\u00e9ho \u010dela<\/td>\n<td>80 -max. 86 cm<\/td>\n<\/tr>\n<tr class=\"even\">\n<td>Mo\u017enos\u0165 rozkladania<\/td>\n<td>\u00e1no<\/td>\n<\/tr>\n<tr class=\"odd\">\n<td>Plocha po rozlo\u017een\u00ed<\/td>\n<td>143\u00d7206 cm<\/td>\n<\/tr>\n<tr class=\"even\">\n<td>Kon\u0161trukcia<\/td>\n<td>DTD<\/td>\n<\/tr>\n<tr class=\"odd\">\n<td>N\u00f4\u017eky<\/td>\n<td>kov<\/td>\n<\/tr>\n<tr class=\"even\">\n<td>Obsahuje vank\u00fa\u0161e<\/td>\n<td>nie<\/td>\n<\/tr>\n<tr class=\"odd\">\n<td>Nastavenie opierok<\/td>\n<td>\u00e1no<\/td>\n<\/tr>\n<tr class=\"even\">\n<td>V\u00fdpl\u0148 seda\u010dky<\/td>\n<td>pena+ pru\u017eina<\/td>\n<\/tr>\n<\/tbody>\n<\/table>\n","protected":false},"excerpt":{"rendered":"<p>Pohodln\u00e1 rohov\u00e1 sedacia s\u00faprava\u00a0 EWA\u00a0vhodn\u00e9 do modern\u00e9ho \u010di tradi\u010dn\u00e9ho interi\u00e9ru. Sedacia \u010das\u0165 a opierkov\u00e1 \u010das\u0165 s\u00fa pre\u0161\u00edvan\u00e9, \u010do p\u00f4sobi ve\u013emi elegantne.\u00a0 O pohodlie pri seden\u00ed sa postar\u00e1 z\u00e1hlavn\u00edk (1ks), ktor\u00fd je v cene .V\u00e1\u0161mu oku neunikn\u00fa netradi\u010dn\u00e9 kovov\u00e9 no\u017ei\u010dky. Sedacia s\u00faprava m\u00e1 funkciu rozkladu, jednoduch\u00fdmi krokmi ju rozlo\u017e\u00edte, \u010d\u00edm V\u00e1m vznikne plocha pre pr\u00edle\u017eitostn\u00e9 spanie&#8230;.<\/p>\n","protected":false},"featured_media":89869,"comment_status":"closed","ping_status":"closed","template":"","meta":{"_seopress_robots_primary_cat":"140","_seopress_titles_title":"","_seopress_titles_desc":"","_seopress_robots_index":""},"product_brand":[],"product_cat":[255,140],"product_tag":[],"class_list":{"0":"post-89868","1":"product","2":"type-product","3":"status-publish","4":"has-post-thumbnail","6":"product_cat-rohove-supravy","7":"product_cat-sedacie-supravy","9":"first","10":"instock","11":"shipping-taxable","12":"purchasable","13":"product-type-variable"},"_links":{"self":[{"href":"https:\/\/nabytoklaguna.sk\/sk\/wp-json\/wp\/v2\/product\/89868","targetHints":{"allow":["GET"]}}],"collection":[{"href":"https:\/\/nabytoklaguna.sk\/sk\/wp-json\/wp\/v2\/product"}],"about":[{"href":"https:\/\/nabytoklaguna.sk\/sk\/wp-json\/wp\/v2\/types\/product"}],"replies":[{"embeddable":true,"href":"https:\/\/nabytoklaguna.sk\/sk\/wp-json\/wp\/v2\/comments?post=89868"}],"wp:featuredmedia":[{"embeddable":true,"href":"https:\/\/nabytoklaguna.sk\/sk\/wp-json\/wp\/v2\/media\/89869"}],"wp:attachment":[{"href":"https:\/\/nabytoklaguna.sk\/sk\/wp-json\/wp\/v2\/media?parent=89868"}],"wp:term":[{"taxonomy":"product_brand","embeddable":true,"href":"https:\/\/nabytoklaguna.sk\/sk\/wp-json\/wp\/v2\/product_brand?post=89868"},{"taxonomy":"product_cat","embeddable":true,"href":"https:\/\/nabytoklaguna.sk\/sk\/wp-json\/wp\/v2\/product_cat?post=89868"},{"taxonomy":"product_tag","embeddable":true,"href":"https:\/\/nabytoklaguna.sk\/sk\/wp-json\/wp\/v2\/product_tag?post=89868"}],"curies":[{"name":"wp","href":"https:\/\/api.w.org\/{rel}","templated":true}]}}