{"id":89891,"date":"2021-05-30T13:46:44","date_gmt":"2021-05-30T11:46:44","guid":{"rendered":"https:\/\/nabytoklaguna.sk\/sk\/?post_type=product&#038;p=89891"},"modified":"2025-11-18T09:43:40","modified_gmt":"2025-11-18T08:43:40","slug":"stg-ester-2","status":"publish","type":"product","link":"https:\/\/nabytoklaguna.sk\/sk\/produkt\/stg-ester-2\/","title":{"rendered":"STG PESCARA 2"},"content":{"rendered":"<p>Klasika v modernom dizajne, aj takto s\u00e1 d\u00e1 pomenova\u0165 t\u00e1to kr\u00e1sna pohovka <strong>PESCARA 2<\/strong>. Luxus tejto pohovke dod\u00e1vaj\u00e9 trendov\u00e9 vysok\u00e9 kovov\u00e9 no\u017ei\u010dky. Pohovka je pevn\u00e1, bez rozkladu a \u00falo\u017en\u00e9ho priestoru. V\u00fdpl\u0148 pohovky tvor\u00ed pru\u017eina FALISTA a v kombin\u00e1cii s polyuret\u00e1novou penou zaru\u010duje komfortn\u00e9 sedenie-stredne m\u00e4kk\u00e9.Ocen\u00edte polohovate\u013en\u00e9 opierky hlavy, v\u010faka ktor\u00fdm bude Va\u0161e sedenie pohodlnej\u0161ie.<\/p>\n<p>Pri tejto pohovke je mo\u017en\u00e9 si vybra\u0165 typ no\u017ei\u010diek: \u010dierne alebo chr\u00f3move(pros\u00edm pri objedn\u00e1vke, uvies\u0165 do pozn\u00e1mky)<\/p>\n<p>K pohovke je mo\u017en\u00e9 doobjedna\u0165:<\/p>\n<p><strong>Pohovka PESCARA \u00a03<br \/>\nKreslo\u00a0 \u00a0 \u00a0PESCARA rozmer \u0160xHxV-100x95x77\/96 cm, v\u00fd\u0161ka sedu 45 cm)<br \/>\nTaburet\u00a0 \u00a0PESCARA\u00a0 rozmer \u0160xHxV-76x64x45cm)<br \/>\n<\/strong><\/p>\n<p>Fotka je len <strong>ilustra\u010dn\u00e1.\u00a0 \u00a0 \u00a0<\/strong><\/p>\n<p><strong>Cena<\/strong> <strong>sa men\u00ed v z\u00e1vislosti od v\u00fdberu po\u0165ahovej l\u00e1tky. Cena je uveden\u00e1 v cenovej skupine 0.<\/strong><\/p>\n<p><strong>VZORKOVN\u00cdK L\u00c1TOK<\/strong><\/p>\n<p><a href=\"https:\/\/nabytoklaguna.sk\/sk\/wp-content\/uploads\/2021\/02\/stagra-vzorkovniky.docx\"><img loading=\"lazy\" decoding=\"async\" class=\"alignnone size-full wp-image-100592\" src=\"https:\/\/nabytoklaguna.sk\/sk\/wp-content\/uploads\/2021\/01\/tlacidlo-vzorkovnik-latok-2.jpg\" alt=\"tlacidlo vzorkovnik latok (2)\" width=\"100\" height=\"100\" \/><\/a><\/p>\n<h3 class=\"page-product-heading\">VLASTNOSTI<\/h3>\n<table class=\"table-data-sheet\">\n<tbody>\n<tr class=\"odd\">\n<td>H\u013abka<\/td>\n<td>95 cm<\/td>\n<\/tr>\n<tr class=\"even\">\n<td>\u0160\u00edrka<\/td>\n<td>161 cm<\/td>\n<\/tr>\n<tr class=\"odd\">\n<td>V\u00fd\u0161ka<\/td>\n<td>77-96cm<\/td>\n<\/tr>\n<tr class=\"even\">\n<td>Vhodn\u00e1 miestnos\u0165<\/td>\n<td>ob\u00fdva\u010dka, spolo\u010densk\u00e1 miestnos\u0165, hotely, kaviarne<\/td>\n<\/tr>\n<tr class=\"odd\">\n<td>Typ n\u00e1bytku<\/td>\n<td>pohovka<\/td>\n<\/tr>\n<tr class=\"even\">\n<td>\u0160t\u00fdl n\u00e1bytku<\/td>\n<td>modern\u00fd<\/td>\n<\/tr>\n<tr class=\"odd\">\n<td>Z\u00e1ruka<\/td>\n<td>2 roky<\/td>\n<\/tr>\n<tr class=\"even\">\n<td>Sp\u00f4sob dodania<\/td>\n<td>demont v jednom bal\u00edkoch<\/td>\n<\/tr>\n<tr class=\"odd\">\n<td>Hmotnos\u0165<\/td>\n<td>100 kg<\/td>\n<\/tr>\n<tr class=\"even\">\n<td>\u00dalo\u017en\u00fd priestor<\/td>\n<td>nie<\/td>\n<\/tr>\n<tr class=\"odd\">\n<td>Rohov\u00e9 prevedenie<\/td>\n<td>nie<\/td>\n<\/tr>\n<tr class=\"even\">\n<td>V\u00fd\u0161ka sed\u00e1ka<\/td>\n<td>45 cm<\/td>\n<\/tr>\n<tr class=\"odd\">\n<td>V\u00fd\u0161ka zadn\u00e9ho \u010dela<\/td>\n<td>max. 96 cm<\/td>\n<\/tr>\n<tr class=\"even\">\n<td>Mo\u017enos\u0165 rozkladania<\/td>\n<td>nie<\/td>\n<\/tr>\n<tr class=\"odd\">\n<td><\/td>\n<td><\/td>\n<\/tr>\n<tr class=\"even\">\n<td>Kon\u0161trukcia<\/td>\n<td>DTD<\/td>\n<\/tr>\n<tr class=\"odd\">\n<td>N\u00f4\u017eky<\/td>\n<td>kov<\/td>\n<\/tr>\n<tr class=\"even\">\n<td>Obsahuje vank\u00fa\u0161e<\/td>\n<td>nie<\/td>\n<\/tr>\n<tr class=\"odd\">\n<td>Nastavenie opierok<\/td>\n<td>\u00e1no<\/td>\n<\/tr>\n<tr class=\"even\">\n<td>V\u00fdpl\u0148 seda\u010dky<\/td>\n<td>pena+ pru\u017eina<\/td>\n<\/tr>\n<\/tbody>\n<\/table>\n<p>&nbsp;<\/p>\n","protected":false},"excerpt":{"rendered":"<p>Klasika v modernom dizajne, aj takto s\u00e1 d\u00e1 pomenova\u0165 t\u00e1to kr\u00e1sna pohovka PESCARA 2. Luxus tejto pohovke dod\u00e1vaj\u00e9 trendov\u00e9 vysok\u00e9 kovov\u00e9 no\u017ei\u010dky. Pohovka je pevn\u00e1, bez rozkladu a \u00falo\u017en\u00e9ho priestoru. V\u00fdpl\u0148 pohovky tvor\u00ed pru\u017eina FALISTA a v kombin\u00e1cii s polyuret\u00e1novou penou zaru\u010duje komfortn\u00e9 sedenie-stredne m\u00e4kk\u00e9.Ocen\u00edte polohovate\u013en\u00e9 opierky hlavy, v\u010faka ktor\u00fdm bude Va\u0161e sedenie pohodlnej\u0161ie. Pri&#8230;<\/p>\n","protected":false},"featured_media":89893,"comment_status":"closed","ping_status":"closed","template":"","meta":{"_seopress_robots_primary_cat":"219","_seopress_titles_title":"","_seopress_titles_desc":"","_seopress_robots_index":""},"product_brand":[],"product_cat":[140,219],"product_tag":[],"class_list":{"0":"post-89891","1":"product","2":"type-product","3":"status-publish","4":"has-post-thumbnail","6":"product_cat-sedacie-supravy","7":"product_cat-pohovky","8":"pa_typ-produktu-pohovka-ester-2","9":"pa_typ-produktu-kreslo","10":"pa_typ-produktu-pohovka","11":"pa_typ-produktu-taburetka","13":"first","14":"onbackorder","15":"shipping-taxable","16":"purchasable","17":"product-type-variable"},"_links":{"self":[{"href":"https:\/\/nabytoklaguna.sk\/sk\/wp-json\/wp\/v2\/product\/89891","targetHints":{"allow":["GET"]}}],"collection":[{"href":"https:\/\/nabytoklaguna.sk\/sk\/wp-json\/wp\/v2\/product"}],"about":[{"href":"https:\/\/nabytoklaguna.sk\/sk\/wp-json\/wp\/v2\/types\/product"}],"replies":[{"embeddable":true,"href":"https:\/\/nabytoklaguna.sk\/sk\/wp-json\/wp\/v2\/comments?post=89891"}],"wp:featuredmedia":[{"embeddable":true,"href":"https:\/\/nabytoklaguna.sk\/sk\/wp-json\/wp\/v2\/media\/89893"}],"wp:attachment":[{"href":"https:\/\/nabytoklaguna.sk\/sk\/wp-json\/wp\/v2\/media?parent=89891"}],"wp:term":[{"taxonomy":"product_brand","embeddable":true,"href":"https:\/\/nabytoklaguna.sk\/sk\/wp-json\/wp\/v2\/product_brand?post=89891"},{"taxonomy":"product_cat","embeddable":true,"href":"https:\/\/nabytoklaguna.sk\/sk\/wp-json\/wp\/v2\/product_cat?post=89891"},{"taxonomy":"product_tag","embeddable":true,"href":"https:\/\/nabytoklaguna.sk\/sk\/wp-json\/wp\/v2\/product_tag?post=89891"}],"curies":[{"name":"wp","href":"https:\/\/api.w.org\/{rel}","templated":true}]}}