{"id":90489,"date":"2021-01-05T16:11:46","date_gmt":"2021-01-05T15:11:46","guid":{"rendered":"https:\/\/nabytoklaguna.sk\/sk\/?post_type=product&#038;p=90489"},"modified":"2025-09-25T11:09:32","modified_gmt":"2025-09-25T09:09:32","slug":"kaisa","status":"publish","type":"product","link":"https:\/\/nabytoklaguna.sk\/sk\/produkt\/kaisa\/","title":{"rendered":"K KAISA"},"content":{"rendered":"<p><b>Modern\u00e1 poste\u013e KAISA<\/b> s nad\u010dasov\u00fdm elegantn\u00fdm dizajnom je \u010dal\u00fanen\u00e1 luxusnou zamatovou l\u00e1tkou Velvet, ktor\u00e1 je pr\u00edjemn\u00e1 na dotyk. Poste\u013e<b> skr\u00e1\u0161\u013euje vysok\u00e9 \u010dal\u00fanen\u00e9 \u010delo s dekorat\u00edvnym<\/b> <b>pre\u0161it\u00edm<\/b>, rovnako pre\u0161it\u00e9 je aj <b>predn\u00e9 \u010delo.<\/b> Poste\u013e zdobia <b>kovov\u00e9 nohy<\/b> v preveden\u00ed <b>gold chr\u00f3m zlat\u00fd matn\u00fd<\/b> a dod\u00e1vaj\u00fa jej punc luxusu. Poste\u013e KAISA je dod\u00e1van\u00e1 <b>s lamelov\u00fdm ro\u0161tom ZDARMA.<\/b> Odpor\u00fa\u010dame zak\u00fapi\u0165 spolu s 23 cm vysok\u00fdm luxusn\u00fdm matracom<strong> VENDY<\/strong>, \u010d\u00edm bude poste\u013e<strong> KAISA<\/strong> nielen luxusn\u00fdm, oku lahodiacim prvkom,\u00a0 ale aj maxim\u00e1lne komfortn\u00fdm miestom odpo\u010dinku.<\/p>\n<div class=\"text\">\n<ul>\n<li><b>\u010cal\u00fanenie:<\/b> Velvet l\u00e1tka<\/li>\n<li><b>Materi\u00e1l nohy:<\/b> kov chr\u00f3m gold zlat\u00fd matn\u00fd<\/li>\n<li><b>Rozmery (\u0160xHxV):<\/b> 150x210x110 cm &#8211; Plocha na spanie (\u0160xH): 140&#215;200 cm<\/li>\n<li><b>Rozmery (\u0160xHxV):<\/b> 170x210x110 cm &#8211; Plocha na spanie (\u0160xH): 160&#215;200 cm<\/li>\n<li><b>Rozmery (\u0160xHxV):<\/b> 190x210x110 cm &#8211; Plocha na spanie (\u0160xH): 180&#215;200 cm<\/li>\n<li><b>V\u00fd\u0161ka po ro\u0161t :<\/b> 28 cm<\/li>\n<li>Lamelov\u00fd ro\u0161t <strong>ZDARMA<\/strong><\/li>\n<li>Nosnos\u0165 na jedno l\u00f4\u017eko: 110 kg<\/li>\n<li>Dod\u00e1van\u00e9 v demonte<\/li>\n<\/ul>\n<table style=\"width: 85.9793%; height: 413px;\" border=\"0\" cellspacing=\"1\" cellpadding=\"1\">\n<tbody>\n<tr style=\"height: 218px;\">\n<td style=\"width: 34.2645%; height: 218px;\">&nbsp;<\/p>\n<p><img loading=\"lazy\" decoding=\"async\" class=\"\" src=\"https:\/\/nabytoklaguna.sk\/sk\/wp-content\/uploads\/2021\/01\/matrac-LENNA-160x160.jpg\" width=\"286\" height=\"286\" \/><\/td>\n<td style=\"width: 121.489%; height: 218px;\"><u><strong>Matrac LENNA:<\/strong><\/u><\/p>\n<p>Kvalitn\u00fd 5-z\u00f3nov\u00fd profilovan\u00fd matrac Lenna je z\u00e1stupcom matracov bez pou\u017eitia lepidiel. \u0160peci\u00e1lne jadro tvoria dva d\u00f4myselne rezan\u00e9 diely z kvalitn\u00fdch polyuret\u00e1nov\u00fdch Sleepfoam pien. Pri sp\u00e1nku umo\u017e\u0148uje tento matrac bez lepidiel pohyb pien v\u010faka vo\u013en\u00e9mu ulo\u017eeniu a t\u00fdm vyhovuje individu\u00e1lnym potreb\u00e1m u\u017e\u00edvate\u013ea. V\u010faka rozdielnym objemov\u00fdm hmotnostiam Sleepfoam pien tento matrac poskytuje tvrd\u0161iu a m\u00e4k\u0161iu stranu. Matrac je ur\u010den\u00fd pre v\u00e1hov\u00fa kateg\u00f3riu do 100 kg. Celkov\u00e1 v\u00fd\u0161ka matraca je 17 cm. Po\u0165ah je z kvalitn\u00e9ho \u00fapletu, z\u00f3novo pre\u0161it\u00fd, delite\u013en\u00fd a na jeho v\u00fdrobu je pou\u017eit\u00e9 r\u00fano vysokej gram\u00e1\u017ee. Po\u0165ah je prate\u013en\u00fd na 60 \u00baC.<\/td>\n<\/tr>\n<tr style=\"height: 195px;\">\n<td style=\"width: 34.2645%; height: 195px;\">&nbsp;<\/p>\n<p><img loading=\"lazy\" decoding=\"async\" class=\"\" src=\"https:\/\/nabytoklaguna.sk\/sk\/wp-content\/uploads\/2021\/01\/matrac-VENDY-160x160.jpg\" width=\"302\" height=\"302\" \/><\/td>\n<td style=\"width: 121.489%; height: 195px;\"><strong><u>Matrac VENDY:<\/u><\/strong><\/p>\n<p>Luxusn\u00fd matrac tvor\u00ed\u00a0 z oboch str\u00e1n a\u017e 9 cm vysok\u00e1 vrstva polyuret\u00e1novej peny. Ru\u017eov\u00e1 (m\u00e4kk\u0161ia) pena je gram\u00e1\u017ee 25 kg \/ m3 a zelen\u00e1 ( tvrd\u0161ia ) a\u017e 28 kg \/ m3. V\u00fdrazn\u00e9 profilovanie povrchu oboch pien zabezpe\u010d\u00ed spr\u00e1vny a z\u00e1rove\u0148 ve\u013emi kvalitn\u00fd sp\u00e1nkov\u00fd komfort, v\u010faka ktor\u00e9mu je zaru\u010den\u00e9 od\u013eah\u010denie exponovan\u00fdch miest na tele. T\u00fdm sa zrete\u013ene zlep\u0161uje prekrvenie poko\u017eky a uvo\u013enenie svalov. Pre dosiahnutie nosnosti 130 kg je matrac spevnen\u00fd 4 cm vrstvou RE peny. Celkov\u00e1 v\u00fd\u0161ka vr\u00e1tane po\u0165ahu ALOE VERA je 23 cm. Po\u0165ah je z ALOE VERA. Po\u0165ah je prate\u013en\u00fd na 60 \u00baC.<\/td>\n<\/tr>\n<\/tbody>\n<\/table>\n<p>&nbsp;<\/p>\n<\/div>\n","protected":false},"excerpt":{"rendered":"<p>Modern\u00e1 poste\u013e KAISA s nad\u010dasov\u00fdm elegantn\u00fdm dizajnom je \u010dal\u00fanen\u00e1 luxusnou zamatovou l\u00e1tkou Velvet, ktor\u00e1 je pr\u00edjemn\u00e1 na dotyk. Poste\u013e skr\u00e1\u0161\u013euje vysok\u00e9 \u010dal\u00fanen\u00e9 \u010delo s dekorat\u00edvnym pre\u0161it\u00edm, rovnako pre\u0161it\u00e9 je aj predn\u00e9 \u010delo. Poste\u013e zdobia kovov\u00e9 nohy v preveden\u00ed gold chr\u00f3m zlat\u00fd matn\u00fd a dod\u00e1vaj\u00fa jej punc luxusu. Poste\u013e KAISA je dod\u00e1van\u00e1 s lamelov\u00fdm ro\u0161tom ZDARMA&#8230;.<\/p>\n","protected":false},"featured_media":90574,"comment_status":"closed","ping_status":"closed","template":"","meta":{"_seopress_robots_primary_cat":"4012","_seopress_titles_title":"","_seopress_titles_desc":"","_seopress_robots_index":""},"product_brand":[],"product_cat":[4012,228],"product_tag":[],"class_list":{"0":"post-90489","1":"product","2":"type-product","3":"status-publish","4":"has-post-thumbnail","6":"product_cat-postele","7":"product_cat-calunene-postele","8":"pa_farba-neomint","9":"pa_farba-ruzova","10":"pa_farba-sivohneda","11":"pa_typ-produktu-s-matracom-lenna-140-x-200-cm","12":"pa_typ-produktu-s-matracom-lenna-2-ks-80-x-200-cm-11-zdarma","13":"pa_typ-produktu-s-matracom-lenna-2-ks-90-x-200-cm-11-zdarma","14":"pa_typ-produktu-s-matracom-vendy-140-x-200-cm","15":"pa_typ-produktu-s-matracom-vendy-2-ks-80-x-200-cm-11-zdarma","16":"pa_typ-produktu-s-matracom-vendy-2-ks-90-x-200-cm-11-zdarma","17":"pa_typ-produktu-s-rostom-bez-matraca-2","18":"pa_typ-produktu-bez-matraca","20":"first","21":"onbackorder","22":"shipping-taxable","23":"purchasable","24":"product-type-variable"},"_links":{"self":[{"href":"https:\/\/nabytoklaguna.sk\/sk\/wp-json\/wp\/v2\/product\/90489","targetHints":{"allow":["GET"]}}],"collection":[{"href":"https:\/\/nabytoklaguna.sk\/sk\/wp-json\/wp\/v2\/product"}],"about":[{"href":"https:\/\/nabytoklaguna.sk\/sk\/wp-json\/wp\/v2\/types\/product"}],"replies":[{"embeddable":true,"href":"https:\/\/nabytoklaguna.sk\/sk\/wp-json\/wp\/v2\/comments?post=90489"}],"wp:featuredmedia":[{"embeddable":true,"href":"https:\/\/nabytoklaguna.sk\/sk\/wp-json\/wp\/v2\/media\/90574"}],"wp:attachment":[{"href":"https:\/\/nabytoklaguna.sk\/sk\/wp-json\/wp\/v2\/media?parent=90489"}],"wp:term":[{"taxonomy":"product_brand","embeddable":true,"href":"https:\/\/nabytoklaguna.sk\/sk\/wp-json\/wp\/v2\/product_brand?post=90489"},{"taxonomy":"product_cat","embeddable":true,"href":"https:\/\/nabytoklaguna.sk\/sk\/wp-json\/wp\/v2\/product_cat?post=90489"},{"taxonomy":"product_tag","embeddable":true,"href":"https:\/\/nabytoklaguna.sk\/sk\/wp-json\/wp\/v2\/product_tag?post=90489"}],"curies":[{"name":"wp","href":"https:\/\/api.w.org\/{rel}","templated":true}]}}