{"id":9109,"date":"2021-02-22T16:54:36","date_gmt":"2021-02-22T15:54:36","guid":{"rendered":"http:\/\/nabytoklaguna.sk\/sk\/shop\/pohovky\/bolivia-cokoladova\/"},"modified":"2026-02-23T13:04:39","modified_gmt":"2026-02-23T12:04:39","slug":"bolivia","status":"publish","type":"product","link":"https:\/\/nabytoklaguna.sk\/sk\/produkt\/bolivia\/","title":{"rendered":"K BOLIVIA"},"content":{"rendered":"<p>H\u013ead\u00e1te pohovku, ktor\u00e1 je modern\u00e1, prec\u00edzne spracovan\u00e1 a e\u0161te aj praktick\u00e1? <strong>Pohovka BOLIVIA<\/strong> je vyroben\u00e1 pr\u00edve pre V\u00e1s a spln\u00ed Va\u0161e po\u017eiadavky.\u00a0 Vyr\u00e1ba sa v kombin\u00e1cii dvoch spr\u00e1vne zvolen\u00fdch farieb, \u010dal\u00fanen\u00e1 je l\u00e1tkou <strong>COSMIC alebo Savana<\/strong>. O pohodln\u00e9 sedenie sa postaraj\u00fa pru\u017einy BONELL. Dva vank\u00fa\u0161e sl\u00fa\u017eia ako opierka chrbta pr\u00edpadne hlavy. Spom\u00ednali sme, \u017ee je aj praktick\u00e1. \u00c1no funkcia rozkladu \u010di \u00falo\u017en\u00fd priestor tejto kr\u00e1ske nech\u00fdbaj\u00fa. Jednoduch\u00fdmi krokmi , v\u010faka mechanizmu<strong> AUTOMAT<\/strong>, premen\u00edte pohovku na plochu <strong>na ka\u017edodenn\u00e9 spanie.<\/strong> Je vhodn\u00e1 aj do men\u0161\u00edch priestorov, kde dokonale nahrad\u00ed poste\u013e. Deky \u010di papl\u00f3ny m\u00f4\u017eete ulo\u017ei\u0165 <strong>v \u00falo\u017enom priestore<\/strong> pohovky \u010dim si u\u0161etrite miesto v skrini. Nebojte sa ulo\u017ei\u0165 pohovku do priestoru, <strong>je celo\u010dal\u00fanen\u00e1<\/strong>. V\u00fd\u0161ka spodn\u00e9ho priestoru od podlahy je 5 cm<\/p>\n<h3 class=\"page-product-heading\">VLASTNOSTI<\/h3>\n<table class=\"table-data-sheet\">\n<tbody>\n<tr class=\"odd\">\n<td>H\u013abka<\/td>\n<td>105 cm<\/td>\n<\/tr>\n<tr class=\"even\">\n<td>\u0160\u00edrka<\/td>\n<td>200 cm<\/td>\n<\/tr>\n<tr class=\"odd\">\n<td>V\u00fd\u0161ka<\/td>\n<td>88 cm<\/td>\n<\/tr>\n<tr class=\"even\">\n<td>Vhodn\u00e1 miestnos\u0165<\/td>\n<td>ob\u00fdva\u010dka, spolo\u010densk\u00e1 miestnos\u0165, hotely, kaviarne<\/td>\n<\/tr>\n<tr class=\"odd\">\n<td>Typ n\u00e1bytku<\/td>\n<td>pohovka<\/td>\n<\/tr>\n<tr class=\"even\">\n<td>\u0160t\u00fdl n\u00e1bytku<\/td>\n<td>modern\u00fd<\/td>\n<\/tr>\n<tr class=\"odd\">\n<td>Z\u00e1ruka<\/td>\n<td>2 roky<\/td>\n<\/tr>\n<tr class=\"even\">\n<td>Sp\u00f4sob dodania<\/td>\n<td>demont v dvoch bal\u00edkoch<\/td>\n<\/tr>\n<tr class=\"odd\">\n<td>Hmotnos\u0165<\/td>\n<td>120 kg<\/td>\n<\/tr>\n<tr class=\"even\">\n<td>\u00dalo\u017en\u00fd priestor<\/td>\n<td>\u00e1no<\/td>\n<\/tr>\n<tr class=\"odd\">\n<td>Rohov\u00e9 prevedenie<\/td>\n<td>nie<\/td>\n<\/tr>\n<tr class=\"even\">\n<td>V\u00fd\u0161ka sed\u00e1ka<\/td>\n<td>43 cm<\/td>\n<\/tr>\n<tr class=\"odd\">\n<td>V\u00fd\u0161ka zadn\u00e9ho \u010dela<\/td>\n<td>max.88 cm<\/td>\n<\/tr>\n<tr class=\"even\">\n<td>Mo\u017enos\u0165 rozkladania<\/td>\n<td>\u00e1no<\/td>\n<\/tr>\n<tr class=\"odd\">\n<td>Plocha po rozlo\u017een\u00ed<\/td>\n<td>145\u00d7198 cm<\/td>\n<\/tr>\n<tr class=\"even\">\n<td>Kon\u0161trukcia<\/td>\n<td>DTD<\/td>\n<\/tr>\n<tr class=\"odd\">\n<td><\/td>\n<td><\/td>\n<\/tr>\n<tr class=\"even\">\n<td>Obsahuje vank\u00fa\u0161e<\/td>\n<td>\u00e1no<\/td>\n<\/tr>\n<tr class=\"odd\">\n<td>Nastavenie opierok<\/td>\n<td>nie<\/td>\n<\/tr>\n<tr class=\"even\">\n<td>V\u00fdpl\u0148 seda\u010dky<\/td>\n<td>pena+ pru\u017eina<\/td>\n<\/tr>\n<\/tbody>\n<\/table>\n<p>&nbsp;<\/p>\n","protected":false},"excerpt":{"rendered":"<p>H\u013ead\u00e1te pohovku, ktor\u00e1 je modern\u00e1, prec\u00edzne spracovan\u00e1 a e\u0161te aj praktick\u00e1? Pohovka BOLIVIA je vyroben\u00e1 pr\u00edve pre V\u00e1s a spln\u00ed Va\u0161e po\u017eiadavky.\u00a0 Vyr\u00e1ba sa v kombin\u00e1cii dvoch spr\u00e1vne zvolen\u00fdch farieb, \u010dal\u00fanen\u00e1 je l\u00e1tkou COSMIC alebo Savana. O pohodln\u00e9 sedenie sa postaraj\u00fa pru\u017einy BONELL. Dva vank\u00fa\u0161e sl\u00fa\u017eia ako opierka chrbta pr\u00edpadne hlavy. Spom\u00ednali sme, \u017ee je&#8230;<\/p>\n","protected":false},"featured_media":91830,"comment_status":"closed","ping_status":"closed","template":"","meta":{"_seopress_robots_primary_cat":"219","_seopress_titles_title":"","_seopress_titles_desc":"","_seopress_robots_index":""},"product_brand":[],"product_cat":[219],"product_tag":[],"class_list":{"0":"post-9109","1":"product","2":"type-product","3":"status-publish","4":"has-post-thumbnail","6":"product_cat-pohovky","8":"first","9":"onbackorder","10":"shipping-taxable","11":"purchasable","12":"product-type-variable"},"_links":{"self":[{"href":"https:\/\/nabytoklaguna.sk\/sk\/wp-json\/wp\/v2\/product\/9109","targetHints":{"allow":["GET"]}}],"collection":[{"href":"https:\/\/nabytoklaguna.sk\/sk\/wp-json\/wp\/v2\/product"}],"about":[{"href":"https:\/\/nabytoklaguna.sk\/sk\/wp-json\/wp\/v2\/types\/product"}],"replies":[{"embeddable":true,"href":"https:\/\/nabytoklaguna.sk\/sk\/wp-json\/wp\/v2\/comments?post=9109"}],"wp:featuredmedia":[{"embeddable":true,"href":"https:\/\/nabytoklaguna.sk\/sk\/wp-json\/wp\/v2\/media\/91830"}],"wp:attachment":[{"href":"https:\/\/nabytoklaguna.sk\/sk\/wp-json\/wp\/v2\/media?parent=9109"}],"wp:term":[{"taxonomy":"product_brand","embeddable":true,"href":"https:\/\/nabytoklaguna.sk\/sk\/wp-json\/wp\/v2\/product_brand?post=9109"},{"taxonomy":"product_cat","embeddable":true,"href":"https:\/\/nabytoklaguna.sk\/sk\/wp-json\/wp\/v2\/product_cat?post=9109"},{"taxonomy":"product_tag","embeddable":true,"href":"https:\/\/nabytoklaguna.sk\/sk\/wp-json\/wp\/v2\/product_tag?post=9109"}],"curies":[{"name":"wp","href":"https:\/\/api.w.org\/{rel}","templated":true}]}}