{"id":91557,"date":"2021-01-20T16:03:52","date_gmt":"2021-01-20T15:03:52","guid":{"rendered":"https:\/\/nabytoklaguna.sk\/sk\/?post_type=product&#038;p=91557"},"modified":"2022-04-23T10:00:09","modified_gmt":"2022-04-23T08:00:09","slug":"spring-lamelovy-rost","status":"publish","type":"product","link":"https:\/\/nabytoklaguna.sk\/sk\/produkt\/spring-lamelovy-rost\/","title":{"rendered":"SPRING lamelov\u00fd ro\u0161t"},"content":{"rendered":"<p>Dreven\u00fd lamelov\u00fd ro\u0161t, pru\u017einov\u00fd. Bo\u010dn\u00fd vyklop bez polohovania. Nosnos\u0165: 130 kg<\/p>\n<p>Rozmer(\u0161xd): 80x200cm alebo 90x200cm<\/p>\n","protected":false},"excerpt":{"rendered":"<p>Dreven\u00fd lamelov\u00fd ro\u0161t, pru\u017einov\u00fd. Bo\u010dn\u00fd vyklop bez polohovania. Nosnos\u0165: 130 kg Rozmer(\u0161xd): 80x200cm alebo 90x200cm<\/p>\n","protected":false},"featured_media":91604,"comment_status":"closed","ping_status":"closed","template":"","meta":{"_seopress_robots_primary_cat":"227","_seopress_titles_title":"","_seopress_titles_desc":"","_seopress_robots_index":""},"product_brand":[],"product_cat":[227],"product_tag":[],"class_list":{"0":"post-91557","1":"product","2":"type-product","3":"status-publish","4":"has-post-thumbnail","6":"product_cat-rosty-matrace","8":"first","9":"onbackorder","10":"shipping-taxable","11":"purchasable","12":"product-type-variable"},"_links":{"self":[{"href":"https:\/\/nabytoklaguna.sk\/sk\/wp-json\/wp\/v2\/product\/91557","targetHints":{"allow":["GET"]}}],"collection":[{"href":"https:\/\/nabytoklaguna.sk\/sk\/wp-json\/wp\/v2\/product"}],"about":[{"href":"https:\/\/nabytoklaguna.sk\/sk\/wp-json\/wp\/v2\/types\/product"}],"replies":[{"embeddable":true,"href":"https:\/\/nabytoklaguna.sk\/sk\/wp-json\/wp\/v2\/comments?post=91557"}],"wp:featuredmedia":[{"embeddable":true,"href":"https:\/\/nabytoklaguna.sk\/sk\/wp-json\/wp\/v2\/media\/91604"}],"wp:attachment":[{"href":"https:\/\/nabytoklaguna.sk\/sk\/wp-json\/wp\/v2\/media?parent=91557"}],"wp:term":[{"taxonomy":"product_brand","embeddable":true,"href":"https:\/\/nabytoklaguna.sk\/sk\/wp-json\/wp\/v2\/product_brand?post=91557"},{"taxonomy":"product_cat","embeddable":true,"href":"https:\/\/nabytoklaguna.sk\/sk\/wp-json\/wp\/v2\/product_cat?post=91557"},{"taxonomy":"product_tag","embeddable":true,"href":"https:\/\/nabytoklaguna.sk\/sk\/wp-json\/wp\/v2\/product_tag?post=91557"}],"curies":[{"name":"wp","href":"https:\/\/api.w.org\/{rel}","templated":true}]}}