{"id":91687,"date":"2021-01-21T11:36:26","date_gmt":"2021-01-21T10:36:26","guid":{"rendered":"https:\/\/nabytoklaguna.sk\/sk\/?post_type=product&#038;p=91687"},"modified":"2026-02-18T08:33:17","modified_gmt":"2026-02-18T07:33:17","slug":"tempo-kondela-kokos-medium","status":"publish","type":"product","link":"https:\/\/nabytoklaguna.sk\/sk\/produkt\/tempo-kondela-kokos-medium\/","title":{"rendered":"TK KOKOS MEDIUM"},"content":{"rendered":"<p>Princ\u00edpom tohto\u00a0<b>typu matraca<\/b>\u00a0je\u00a0<b>pru\u017einov\u00e9 jadro<\/b>, kde pru\u017einy s\u00fa navz\u00e1jom posp\u00e1jan\u00e9. Pru\u017einov\u00e9 jadro v matraci s jednostrannou kokosovou doskou je oblo\u017een\u00e9 z jednej strany\u00a0<b>latexovanou kokosovou doskou<\/b>,\u00a0<b>polyuretanovou penou T25 -15 mm<\/b>\u00a0a\u00a0<b>lisovanou pls\u0165ou<\/b>, z druhej strany vrstvou\u00a0<b>stla\u010denej plste a polyuret\u00e1novou penou T25-20 so zv\u00fd\u0161enou pru\u017enos\u0165ou<\/b>.\u00a0<b>Kokosov\u00e1 doska<\/b>\u00a0je vyroben\u00e1 z pr\u00edrodn\u00fdch\u00a0<b>kokosov\u00fdch vl\u00e1kien<\/b>. Tieto vl\u00e1kna sa z\u00edskavaj\u00fa z vl\u00e1knit\u00e9ho obalu\u00a0<b>kokosov\u00e9ho orecha<\/b>.<\/p>\n<p><b>Polyuret\u00e1nov\u00e1 pena<\/b>\u00a0patr\u00ed medzi z\u00e1kladn\u00e9 materi\u00e1ly pri v\u00fdrobe matracov. Jej vlastnosti sa pou\u017e\u00edvan\u00edm menia. Pri prvom pou\u017eit\u00ed vynik\u00e1 tuhos\u0165ou, ktor\u00e1 sa pou\u017e\u00edvan\u00edm men\u00ed k pr\u00edjemnej\u0161iemu\u00a0<b>komfortu pri le\u017ean\u00ed<\/b>. Je vyr\u00e1ban\u00e1 z\u00a0<b>kvalitn\u00fdch surov\u00edn<\/b>\u00a0a\u00a0<b>materi\u00e1lov<\/b>, bezpe\u010dnou technol\u00f3giou nepo\u0161kodzuj\u00facou oz\u00f3nov\u00fa vrstvu. Je to zdravotne nez\u00e1vadn\u00fd materi\u00e1l, ktor\u00fd sa be\u017ene pou\u017e\u00edva v detsk\u00fdch postie\u013ekach, v nemocniciach a aj v na\u0161ich matracoch.<\/p>\n<p><b>Bonelov\u00e9 pru\u017einy<\/b>\u00a0v tvare pres\u00fdpac\u00edch hod\u00edn s\u00fa\u00a0<b>navz\u00e1jom posp\u00e1jan\u00e9 oce\u013eovou cievkou a zabezpe\u010duj\u00fa rovnak\u00fa tvrdos\u0165 matraca po dlh\u00e9 roky pou\u017e\u00edvania<\/b>. T\u00fdm sa zara\u010fuj\u00fa medzi najodolnej\u0161ie matrace. Siln\u00e1 \u0161trukt\u00fara viazania zabra\u0148uje vyt\u00e1\u010daniu pru\u017e\u00edn a r\u00fdchlemu znehodnoteniu matraca. Matrace s\u00a0<b>bonelov\u00fdmi pru\u017einami<\/b>\u00a0poskytuj\u00fa telu pri le\u017ean\u00ed pevn\u00fa oporu, ergonomick\u00e9 vlastnosti nadob\u00fadaj\u00fa \u010dlenen\u00edm na z\u00f3ny. V\u010faka\u00a0<b>vysokej vzdu\u0161nosti<\/b>\u00a0je znemo\u017enen\u00e9 mno\u017eenie mikroorganizmov, \u010do ocenia najm\u00e4 alergici.<\/p>\n<p>Nosnos\u0165 matraca je na\u00a0<b>molitanovej strane 80 kg<\/b>, na strane\u00a0<b>s kokosovou doskou 100 kg<\/b>. Po\u0165ah je vyroben\u00fd z\u00a0<b>\u010dal\u00fannickej l\u00e1tky<\/b>, obojstranne pre\u0161\u00edvan\u00fd\u00a0<b>antialergick\u00fdm jokom 80g\/m2<\/b>.<\/p>\n<p><img decoding=\"async\" src=\"https:\/\/www.temponabytok.sk\/uploads\/images\/piktogramy_popis\/kokosova_doska.jpg\" \/>\u00a0<img decoding=\"async\" src=\"https:\/\/www.temponabytok.sk\/uploads\/images\/piktogramy_popis\/bonelove_pruziny.jpg\" \/>\u00a0<img decoding=\"async\" src=\"https:\/\/www.temponabytok.sk\/uploads\/images\/piktogramy_popis\/polyuretanova.jpg\" \/>\u00a0<img decoding=\"async\" src=\"https:\/\/www.temponabytok.sk\/uploads\/images\/piktogramy_popis\/plst.jpg\" \/>\u00a0<img decoding=\"async\" src=\"https:\/\/www.temponabytok.sk\/uploads\/images\/piktogramy_popis\/nosnost.jpg\" \/>\u00a0<img decoding=\"async\" src=\"https:\/\/www.temponabytok.sk\/uploads\/images\/piktogramy_popis\/antialergicky.jpg\" \/>\u00a0<img decoding=\"async\" src=\"https:\/\/www.temponabytok.sk\/uploads\/images\/piktogramy_popis\/nosnost_80.jpg\" \/><\/p>\n<p>&nbsp;<\/p>\n<ul>\n<li><b>Materi\u00e1l:<\/b>\u00a0bonelov\u00e9 pru\u017einy 2,2 cm\/pls\u0165\/polyuret\u00e1nov\u00e1 pena\/latexov\u00e1 kokosov\u00e1 doska<\/li>\n<li><b>Rozmery (\u0160xD):<\/b>\u00a090&#215;200 cm<\/li>\n<li><b>V\u00fd\u0161ka matraca:<\/b>\u00a016 cm<\/li>\n<li><b>Nosnos\u0165 na molitanovej strane:<\/b>\u00a080 kg<\/li>\n<li><b>Nosnos\u0165 na strane s kokosovou doskou:<\/b>\u00a0100 kg<\/li>\n<li>Po\u0165ah z bavlnenej \u010dal\u00fannickej l\u00e1tky pre\u0161\u00edvan\u00fd antialergick\u00fdm jokom<\/li>\n<\/ul>\n","protected":false},"excerpt":{"rendered":"<p>Princ\u00edpom tohto\u00a0typu matraca\u00a0je\u00a0pru\u017einov\u00e9 jadro, kde pru\u017einy s\u00fa navz\u00e1jom posp\u00e1jan\u00e9. Pru\u017einov\u00e9 jadro v matraci s jednostrannou kokosovou doskou je oblo\u017een\u00e9 z jednej strany\u00a0latexovanou kokosovou doskou,\u00a0polyuretanovou penou T25 -15 mm\u00a0a\u00a0lisovanou pls\u0165ou, z druhej strany vrstvou\u00a0stla\u010denej plste a polyuret\u00e1novou penou T25-20 so zv\u00fd\u0161enou pru\u017enos\u0165ou.\u00a0Kokosov\u00e1 doska\u00a0je vyroben\u00e1 z pr\u00edrodn\u00fdch\u00a0kokosov\u00fdch vl\u00e1kien. Tieto vl\u00e1kna sa z\u00edskavaj\u00fa z vl\u00e1knit\u00e9ho obalu\u00a0kokosov\u00e9ho orecha. Polyuret\u00e1nov\u00e1&#8230;<\/p>\n","protected":false},"featured_media":91688,"comment_status":"closed","ping_status":"closed","template":"","meta":{"_seopress_robots_primary_cat":"229","_seopress_titles_title":"","_seopress_titles_desc":"","_seopress_robots_index":""},"product_brand":[],"product_cat":[1100,227,229],"product_tag":[],"class_list":{"0":"post-91687","1":"product","2":"type-product","3":"status-publish","4":"has-post-thumbnail","6":"product_cat-klasicke","7":"product_cat-rosty-matrace","8":"product_cat-matrace","10":"first","11":"onbackorder","12":"shipping-taxable","13":"purchasable","14":"product-type-variable"},"_links":{"self":[{"href":"https:\/\/nabytoklaguna.sk\/sk\/wp-json\/wp\/v2\/product\/91687","targetHints":{"allow":["GET"]}}],"collection":[{"href":"https:\/\/nabytoklaguna.sk\/sk\/wp-json\/wp\/v2\/product"}],"about":[{"href":"https:\/\/nabytoklaguna.sk\/sk\/wp-json\/wp\/v2\/types\/product"}],"replies":[{"embeddable":true,"href":"https:\/\/nabytoklaguna.sk\/sk\/wp-json\/wp\/v2\/comments?post=91687"}],"wp:featuredmedia":[{"embeddable":true,"href":"https:\/\/nabytoklaguna.sk\/sk\/wp-json\/wp\/v2\/media\/91688"}],"wp:attachment":[{"href":"https:\/\/nabytoklaguna.sk\/sk\/wp-json\/wp\/v2\/media?parent=91687"}],"wp:term":[{"taxonomy":"product_brand","embeddable":true,"href":"https:\/\/nabytoklaguna.sk\/sk\/wp-json\/wp\/v2\/product_brand?post=91687"},{"taxonomy":"product_cat","embeddable":true,"href":"https:\/\/nabytoklaguna.sk\/sk\/wp-json\/wp\/v2\/product_cat?post=91687"},{"taxonomy":"product_tag","embeddable":true,"href":"https:\/\/nabytoklaguna.sk\/sk\/wp-json\/wp\/v2\/product_tag?post=91687"}],"curies":[{"name":"wp","href":"https:\/\/api.w.org\/{rel}","templated":true}]}}