{"id":91724,"date":"2021-01-21T12:53:41","date_gmt":"2021-01-21T11:53:41","guid":{"rendered":"https:\/\/nabytoklaguna.sk\/sk\/?post_type=product&#038;p=91724"},"modified":"2025-01-29T15:03:59","modified_gmt":"2025-01-29T14:03:59","slug":"tempo-kondela-alida","status":"publish","type":"product","link":"https:\/\/nabytoklaguna.sk\/sk\/produkt\/tempo-kondela-alida\/","title":{"rendered":"TK ALIDA"},"content":{"rendered":"<p>Jednoduch\u00e1 a modern\u00e1 pohovka ALIDA si ur\u010dite n\u00e1jde miesto v modernej \u010di tradi\u010dnej dom\u00e1cnosti. Pohovka je \u010dal\u00fanen\u00e1 pr\u00edjemnou VELVET l\u00e1tkou, na v\u00fdber m\u00e1te 4 farebn\u00e9 prevedenia. Pohovka stoj\u00ed na pevn\u00fdch dreven\u00fdch no\u017ei\u010dk\u00e1ch, ktor\u00e9 zaru\u010duj\u00fa stabilitu pohovky. Pohovka je navy\u0161e aj praktick\u00e1. Jednoduch\u00fdmi krokmi premen\u00edte pohovku na plochu na pr\u00edle\u017eitostn\u00e9 spanie. Nev\u00e1hajte a objednajte e\u0161te dnes! K\u00fapou tejto pohovky ni\u010d nepokaz\u00edte. V\u00fd\u0161ka spodn\u00e9ho priestoru od podlahy je 19 cm<\/p>\n<h3 class=\"page-product-heading\">VLASTNOSTI<\/h3>\n<table class=\"table-data-sheet\">\n<tbody>\n<tr class=\"odd\">\n<td>H\u013abka<\/td>\n<td>68 cm<\/td>\n<\/tr>\n<tr class=\"even\">\n<td>\u0160\u00edrka<\/td>\n<td>178 cm<\/td>\n<\/tr>\n<tr class=\"odd\">\n<td>V\u00fd\u0161ka<\/td>\n<td>66 cm<\/td>\n<\/tr>\n<tr class=\"even\">\n<td>Vhodn\u00e1 miestnos\u0165<\/td>\n<td>ob\u00fdva\u010dka, spolo\u010densk\u00e1 miestnos\u0165, hotely, kaviarne<\/td>\n<\/tr>\n<tr class=\"odd\">\n<td>Typ n\u00e1bytku<\/td>\n<td>pohovka<\/td>\n<\/tr>\n<tr class=\"even\">\n<td>\u0160t\u00fdl n\u00e1bytku<\/td>\n<td>modern\u00fd<\/td>\n<\/tr>\n<tr class=\"odd\">\n<td>Z\u00e1ruka<\/td>\n<td>2 roky<\/td>\n<\/tr>\n<tr class=\"even\">\n<td>Sp\u00f4sob dodania<\/td>\n<td>demont v jednom bal\u00edku<\/td>\n<\/tr>\n<tr class=\"odd\">\n<td>Hmotnos\u0165<\/td>\n<td>100 kg<\/td>\n<\/tr>\n<tr class=\"even\">\n<td>\u00dalo\u017en\u00fd priestor<\/td>\n<td>nie<\/td>\n<\/tr>\n<tr class=\"odd\">\n<td>Rohov\u00e9 prevedenie<\/td>\n<td>nie<\/td>\n<\/tr>\n<tr class=\"even\">\n<td>V\u00fd\u0161ka sed\u00e1ka<\/td>\n<td>34 cm<\/td>\n<\/tr>\n<tr class=\"odd\">\n<td>V\u00fd\u0161ka zadn\u00e9ho \u010dela<\/td>\n<td>max. 66 cm<\/td>\n<\/tr>\n<tr class=\"even\">\n<td>Mo\u017enos\u0165 rozkladania<\/td>\n<td>\u00e1no<\/td>\n<\/tr>\n<tr class=\"odd\">\n<td>Plocha po rozlo\u017een\u00ed<\/td>\n<td>84\u00d7178 cm<\/td>\n<\/tr>\n<tr class=\"even\">\n<td>Kon\u0161trukcia<\/td>\n<td>DTD<\/td>\n<\/tr>\n<tr class=\"odd\">\n<td>No\u017eky<\/td>\n<td>drevo<\/td>\n<\/tr>\n<tr class=\"even\">\n<td>Obsahuje vank\u00fa\u0161e<\/td>\n<td>nie<\/td>\n<\/tr>\n<tr class=\"odd\">\n<td>Nastavenie opierok<\/td>\n<td>nie<\/td>\n<\/tr>\n<tr class=\"even\">\n<td>V\u00fdpl\u0148 seda\u010dky<\/td>\n<td>pena+ pru\u017eina<\/td>\n<\/tr>\n<\/tbody>\n<\/table>\n<p>&nbsp;<\/p>\n<p>&nbsp;<\/p>\n","protected":false},"excerpt":{"rendered":"<p>Jednoduch\u00e1 a modern\u00e1 pohovka ALIDA si ur\u010dite n\u00e1jde miesto v modernej \u010di tradi\u010dnej dom\u00e1cnosti. Pohovka je \u010dal\u00fanen\u00e1 pr\u00edjemnou VELVET l\u00e1tkou, na v\u00fdber m\u00e1te 4 farebn\u00e9 prevedenia. Pohovka stoj\u00ed na pevn\u00fdch dreven\u00fdch no\u017ei\u010dk\u00e1ch, ktor\u00e9 zaru\u010duj\u00fa stabilitu pohovky. Pohovka je navy\u0161e aj praktick\u00e1. Jednoduch\u00fdmi krokmi premen\u00edte pohovku na plochu na pr\u00edle\u017eitostn\u00e9 spanie. Nev\u00e1hajte a objednajte e\u0161te dnes!&#8230;<\/p>\n","protected":false},"featured_media":91725,"comment_status":"closed","ping_status":"closed","template":"","meta":{"_seopress_robots_primary_cat":"219","_seopress_titles_title":"","_seopress_titles_desc":"","_seopress_robots_index":""},"product_brand":[],"product_cat":[219],"product_tag":[],"class_list":{"0":"post-91724","1":"product","2":"type-product","3":"status-publish","4":"has-post-thumbnail","6":"product_cat-pohovky","7":"pa_farba-tmavomodra","8":"pa_farba-bordova","9":"pa_farba-siva","10":"pa_farba-smaragdova","12":"first","13":"onbackorder","14":"shipping-taxable","15":"purchasable","16":"product-type-variable"},"_links":{"self":[{"href":"https:\/\/nabytoklaguna.sk\/sk\/wp-json\/wp\/v2\/product\/91724","targetHints":{"allow":["GET"]}}],"collection":[{"href":"https:\/\/nabytoklaguna.sk\/sk\/wp-json\/wp\/v2\/product"}],"about":[{"href":"https:\/\/nabytoklaguna.sk\/sk\/wp-json\/wp\/v2\/types\/product"}],"replies":[{"embeddable":true,"href":"https:\/\/nabytoklaguna.sk\/sk\/wp-json\/wp\/v2\/comments?post=91724"}],"wp:featuredmedia":[{"embeddable":true,"href":"https:\/\/nabytoklaguna.sk\/sk\/wp-json\/wp\/v2\/media\/91725"}],"wp:attachment":[{"href":"https:\/\/nabytoklaguna.sk\/sk\/wp-json\/wp\/v2\/media?parent=91724"}],"wp:term":[{"taxonomy":"product_brand","embeddable":true,"href":"https:\/\/nabytoklaguna.sk\/sk\/wp-json\/wp\/v2\/product_brand?post=91724"},{"taxonomy":"product_cat","embeddable":true,"href":"https:\/\/nabytoklaguna.sk\/sk\/wp-json\/wp\/v2\/product_cat?post=91724"},{"taxonomy":"product_tag","embeddable":true,"href":"https:\/\/nabytoklaguna.sk\/sk\/wp-json\/wp\/v2\/product_tag?post=91724"}],"curies":[{"name":"wp","href":"https:\/\/api.w.org\/{rel}","templated":true}]}}