{"id":91894,"date":"2021-01-22T16:06:08","date_gmt":"2021-01-22T15:06:08","guid":{"rendered":"https:\/\/nabytoklaguna.sk\/sk\/?post_type=product&#038;p=91894"},"modified":"2025-09-24T11:59:37","modified_gmt":"2025-09-24T09:59:37","slug":"k-fonda","status":"publish","type":"product","link":"https:\/\/nabytoklaguna.sk\/sk\/produkt\/k-fonda\/","title":{"rendered":"K FONDA"},"content":{"rendered":"<p>Pohodln\u00e1 poste\u013e <b>FONDA<\/b>\u00a0je z rady\u00a0<b>boxsprinov\u00fdch\u00a0<\/b>postel\u00ed. Tajomstvo pohodlia tkvie vo<strong> d<\/strong><b>voch matracov\u00a0<\/b>ulo\u017een\u00fdch na sebe. Spodn\u00fd matrac m\u00e1 jadro tvoren\u00e9 z<b>\u00a0PUR peny a jednej vrstvy bonelov\u00fdch pru\u017e\u00edn<\/b> a vrchn\u00fd matrac &#8211; toper, je z <b>polyuret\u00e1novej peny\u00a0s v\u00fd\u0161kou cca\u00a05 cm.<\/b>\u00a0Kombin\u00e1cia t\u00fdchto dvoch matracov zaru\u010d\u00ed\u00a0<b>komfortn\u00fd sp\u00e1nok.<\/b> V\u00fd\u0161ku lo\u017enej plochy <b>a\u017e 65 cm<\/b> ocen\u00edte pri ka\u017edom vst\u00e1van\u00ed z postele. Pr\u00edjemne prekvap\u00ed aj ve\u013ekorys\u00fdm \u00falo\u017en\u00fdm priestorom pr\u00edstupn\u00fdm po vyklopen\u00ed matracov s pohodln\u00fdm pr\u00edstupom zboku. \u010cal\u00fanen\u00e1 je\u00a0<b>svetlosivou l\u00e1tkou<\/b>\u00a0a\u00a0<b>vysok\u00e9 \u010delo<\/b>\u00a0je\u00a0<b>dekorat\u00edvne pre\u0161it\u00e9, <\/b>ktor\u00e9 urob\u00ed z postele Fonda klenot vo Va\u0161ej sp\u00e1lni.<\/p>\n<div class=\"text\">\n<ul>\n<li><b>Materi\u00e1l:<\/b>\u00a0l\u00e1tka Mono<\/li>\n<li><b>Farba:<\/b>\u00a0244 svetlosiv\u00e1<\/li>\n<li><b>Rozmery (\u0160xHxV):<\/b> 180x211x118 cm, <b>Plocha na spanie (\u0160xD):<\/b>\u00a0180&#215;200 cm<\/li>\n<li><b>Rozmery (\u0160xHxV):<\/b> 160x211x118 cm, <b>Plocha na spanie (\u0160xD):<\/b> 160&#215;200 cm<\/li>\n<li><\/li>\n<li><b>V\u00fd\u0161ka plochy na spanie:<\/b>\u00a065 cm<\/li>\n<li><b>Nosnos\u0165:<\/b>\u00a0110 kg<\/li>\n<li>S \u00falo\u017en\u00fdm priestorom<\/li>\n<li>Vysok\u00e9 \u010delo<\/li>\n<li>Matrac s vrstvou z bonelov\u00fdch pru\u017e\u00edn a PUR peny<\/li>\n<li>Toper s v\u00fd\u0161kou 5 cm<\/li>\n<li>Dod\u00e1van\u00e9 v demonte<\/li>\n<\/ul>\n<\/div>\n","protected":false},"excerpt":{"rendered":"<p>Pohodln\u00e1 poste\u013e FONDA\u00a0je z rady\u00a0boxsprinov\u00fdch\u00a0postel\u00ed. Tajomstvo pohodlia tkvie vo dvoch matracov\u00a0ulo\u017een\u00fdch na sebe. Spodn\u00fd matrac m\u00e1 jadro tvoren\u00e9 z\u00a0PUR peny a jednej vrstvy bonelov\u00fdch pru\u017e\u00edn a vrchn\u00fd matrac &#8211; toper, je z polyuret\u00e1novej peny\u00a0s v\u00fd\u0161kou cca\u00a05 cm.\u00a0Kombin\u00e1cia t\u00fdchto dvoch matracov zaru\u010d\u00ed\u00a0komfortn\u00fd sp\u00e1nok. V\u00fd\u0161ku lo\u017enej plochy a\u017e 65 cm ocen\u00edte pri ka\u017edom vst\u00e1van\u00ed z postele. Pr\u00edjemne&#8230;<\/p>\n","protected":false},"featured_media":91901,"comment_status":"closed","ping_status":"closed","template":"","meta":{"_seopress_robots_primary_cat":"617","_seopress_titles_title":"","_seopress_titles_desc":"","_seopress_robots_index":""},"product_brand":[],"product_cat":[4012,617],"product_tag":[],"class_list":{"0":"post-91894","1":"product","2":"type-product","3":"status-publish","4":"has-post-thumbnail","6":"product_cat-postele","7":"product_cat-boxspring-postele","9":"first","10":"onbackorder","11":"shipping-taxable","12":"purchasable","13":"product-type-variable"},"_links":{"self":[{"href":"https:\/\/nabytoklaguna.sk\/sk\/wp-json\/wp\/v2\/product\/91894","targetHints":{"allow":["GET"]}}],"collection":[{"href":"https:\/\/nabytoklaguna.sk\/sk\/wp-json\/wp\/v2\/product"}],"about":[{"href":"https:\/\/nabytoklaguna.sk\/sk\/wp-json\/wp\/v2\/types\/product"}],"replies":[{"embeddable":true,"href":"https:\/\/nabytoklaguna.sk\/sk\/wp-json\/wp\/v2\/comments?post=91894"}],"wp:featuredmedia":[{"embeddable":true,"href":"https:\/\/nabytoklaguna.sk\/sk\/wp-json\/wp\/v2\/media\/91901"}],"wp:attachment":[{"href":"https:\/\/nabytoklaguna.sk\/sk\/wp-json\/wp\/v2\/media?parent=91894"}],"wp:term":[{"taxonomy":"product_brand","embeddable":true,"href":"https:\/\/nabytoklaguna.sk\/sk\/wp-json\/wp\/v2\/product_brand?post=91894"},{"taxonomy":"product_cat","embeddable":true,"href":"https:\/\/nabytoklaguna.sk\/sk\/wp-json\/wp\/v2\/product_cat?post=91894"},{"taxonomy":"product_tag","embeddable":true,"href":"https:\/\/nabytoklaguna.sk\/sk\/wp-json\/wp\/v2\/product_tag?post=91894"}],"curies":[{"name":"wp","href":"https:\/\/api.w.org\/{rel}","templated":true}]}}