{"id":91916,"date":"2021-01-22T16:34:28","date_gmt":"2021-01-22T15:34:28","guid":{"rendered":"https:\/\/nabytoklaguna.sk\/sk\/?post_type=product&#038;p=91916"},"modified":"2025-09-24T11:53:15","modified_gmt":"2025-09-24T09:53:15","slug":"k-megan","status":"publish","type":"product","link":"https:\/\/nabytoklaguna.sk\/sk\/produkt\/k-megan\/","title":{"rendered":"K MEGAN"},"content":{"rendered":"<p><b>Poste\u013e MEGAN<\/b> z radu <b>boxspringov\u00fdch<\/b> postel\u00ed V\u00e1s oh\u00fari minimalistick\u00fdm vzh\u013eadom, \u010dist\u00fdmi l\u00edniami a pohodl\u00edm, ktor\u00e9 V\u00e1m prinesie blahodarn\u00fd odpo\u010dinok. <b>Spacia plocha<\/b>\u00a0je zlo\u017een\u00e1 z<b>\u00a02 matracov\u00fdch vrstiev.<\/b>\u00a0Spodn\u00fd matrac je vyroben\u00fd z\u00a0<b>PUR peny a jednej vrstvy bonelov\u00fdch pru\u017e\u00edn,<\/b>\u00a0na \u0148om je druh\u00fd matrac, tzv. toper vyroben\u00fd z<b>\u00a0polyuret\u00e1novej peny\u00a0s v\u00fd\u0161kou cca\u00a05 cm.<\/b>\u00a0Kombin\u00e1cia t\u00fdchto dvoch matracov zaru\u010duje\u00a0<b>dokonal\u00e9 pohodlie a kvalitn\u00fd sp\u00e1nok.<\/b> V\u00fd\u0161ku lo\u017enej plochy\u00a0<b>a\u017e 65 cm<\/b>\u00a0ocen\u00edte pri ka\u017edom vst\u00e1van\u00ed z postele. Pri \u010d\u00edtan\u00ed alebo pozeran\u00ed TV V\u00e1s<b> vysok\u00e9 m\u00e4kk\u00e9 \u010delo<\/b> prekvap\u00ed ne\u010dakan\u00fdm komfortom. Poste\u013e MEGAN je \u010dal\u00fanen\u00e1 v elegantnej <b>sivej l\u00e1tke.<\/b> Po vyklopen\u00ed l\u00f4\u017eka n\u00e1jdete <b>\u00falo\u017en\u00fd priestor, <\/b>ktor\u00fd V\u00e1m pom\u00f4\u017ee s uskladnen\u00edm l\u00f4\u017ekov\u00edn, \u010di sez\u00f3nnych vec\u00ed alebo aj \u0161portov\u00fdch potrieb.<\/p>\n<div class=\"text\">\n<ul>\n<li><b>Materi\u00e1l:<\/b>\u00a0l\u00e1tka Tatum<\/li>\n<li><b>Farba:<\/b>\u00a0282 siv\u00e1<\/li>\n<li><b>Rozmery (\u0160xHxV):<\/b> 180x211x118 cm, <b>Plocha na spanie (\u0160xD):<\/b>\u00a0180&#215;200 cm<\/li>\n<li><b>Rozmery (\u0160xHxV):<\/b> 160x211x118 cm, <b>Plocha na spanie (\u0160xD):<\/b> 160&#215;200 cm<\/li>\n<li><b>V\u00fd\u0161ka plochy na spanie:<\/b>\u00a065 cm<\/li>\n<li><b>Nosnos\u0165:<\/b>\u00a0110 kg<\/li>\n<li>S \u00falo\u017en\u00fdm priestorom<\/li>\n<li>Vysok\u00e9 \u010delo<\/li>\n<li>Matrac z bonelov\u00fdch pru\u017e\u00edn a PUR peny<\/li>\n<li>Molitanov\u00fd toper s v\u00fd\u0161kou 5 cm<\/li>\n<li>Dod\u00e1van\u00e9 v demonte<\/li>\n<\/ul>\n<\/div>\n","protected":false},"excerpt":{"rendered":"<p>Poste\u013e MEGAN z radu boxspringov\u00fdch postel\u00ed V\u00e1s oh\u00fari minimalistick\u00fdm vzh\u013eadom, \u010dist\u00fdmi l\u00edniami a pohodl\u00edm, ktor\u00e9 V\u00e1m prinesie blahodarn\u00fd odpo\u010dinok. Spacia plocha\u00a0je zlo\u017een\u00e1 z\u00a02 matracov\u00fdch vrstiev.\u00a0Spodn\u00fd matrac je vyroben\u00fd z\u00a0PUR peny a jednej vrstvy bonelov\u00fdch pru\u017e\u00edn,\u00a0na \u0148om je druh\u00fd matrac, tzv. toper vyroben\u00fd z\u00a0polyuret\u00e1novej peny\u00a0s v\u00fd\u0161kou cca\u00a05 cm.\u00a0Kombin\u00e1cia t\u00fdchto dvoch matracov zaru\u010duje\u00a0dokonal\u00e9 pohodlie a kvalitn\u00fd sp\u00e1nok&#8230;.<\/p>\n","protected":false},"featured_media":91919,"comment_status":"closed","ping_status":"closed","template":"","meta":{"_seopress_robots_primary_cat":"4012","_seopress_titles_title":"","_seopress_titles_desc":"","_seopress_robots_index":""},"product_brand":[],"product_cat":[4012,617],"product_tag":[],"class_list":{"0":"post-91916","1":"product","2":"type-product","3":"status-publish","4":"has-post-thumbnail","6":"product_cat-postele","7":"product_cat-boxspring-postele","9":"first","10":"onbackorder","11":"shipping-taxable","12":"purchasable","13":"product-type-variable"},"_links":{"self":[{"href":"https:\/\/nabytoklaguna.sk\/sk\/wp-json\/wp\/v2\/product\/91916","targetHints":{"allow":["GET"]}}],"collection":[{"href":"https:\/\/nabytoklaguna.sk\/sk\/wp-json\/wp\/v2\/product"}],"about":[{"href":"https:\/\/nabytoklaguna.sk\/sk\/wp-json\/wp\/v2\/types\/product"}],"replies":[{"embeddable":true,"href":"https:\/\/nabytoklaguna.sk\/sk\/wp-json\/wp\/v2\/comments?post=91916"}],"wp:featuredmedia":[{"embeddable":true,"href":"https:\/\/nabytoklaguna.sk\/sk\/wp-json\/wp\/v2\/media\/91919"}],"wp:attachment":[{"href":"https:\/\/nabytoklaguna.sk\/sk\/wp-json\/wp\/v2\/media?parent=91916"}],"wp:term":[{"taxonomy":"product_brand","embeddable":true,"href":"https:\/\/nabytoklaguna.sk\/sk\/wp-json\/wp\/v2\/product_brand?post=91916"},{"taxonomy":"product_cat","embeddable":true,"href":"https:\/\/nabytoklaguna.sk\/sk\/wp-json\/wp\/v2\/product_cat?post=91916"},{"taxonomy":"product_tag","embeddable":true,"href":"https:\/\/nabytoklaguna.sk\/sk\/wp-json\/wp\/v2\/product_tag?post=91916"}],"curies":[{"name":"wp","href":"https:\/\/api.w.org\/{rel}","templated":true}]}}