{"id":91926,"date":"2021-01-22T16:47:13","date_gmt":"2021-01-22T15:47:13","guid":{"rendered":"https:\/\/nabytoklaguna.sk\/sk\/?post_type=product&#038;p=91926"},"modified":"2025-09-24T11:56:10","modified_gmt":"2025-09-24T09:56:10","slug":"k-dorman","status":"publish","type":"product","link":"https:\/\/nabytoklaguna.sk\/sk\/produkt\/k-dorman\/","title":{"rendered":"K DORMAN"},"content":{"rendered":"<p><b>Boxspringov\u00e1<\/b> poste\u013e DORMAN je modern\u00e1, praktick\u00e1 a pohodln\u00e1. <b>Spacia plocha<\/b>\u00a0je zlo\u017een\u00e1 z<b>\u00a02 matracov\u00fdch vrstiev.<\/b>\u00a0Spodn\u00fd matrac je vyroben\u00fd z\u00a0<b>PUR peny a jednej vrstvy bonelov\u00fdch pru\u017e\u00edn,<\/b>\u00a0na \u0148om je druh\u00fd matrac, tzv. toper vyroben\u00fd z<b>\u00a0polyuret\u00e1novej peny\u00a0s v\u00fd\u0161kou cca\u00a05 cm.<\/b>\u00a0Kombin\u00e1cia t\u00fdchto dvoch matracov zaru\u010duje\u00a0<b>dokonal\u00e9 pohodlie a kvalitn\u00fd sp\u00e1nok.<\/b>\u00a0V\u00fd\u0161ku lo\u017enej plochy\u00a0<b>a\u017e 65 cm<\/b>\u00a0ocen\u00edte pri ka\u017edom vst\u00e1van\u00ed z postele. Pri \u010d\u00edtan\u00ed alebo pozeran\u00ed TV V\u00e1s<b>\u00a0vysok\u00e9 m\u00e4kk\u00e9 \u010delo<\/b>\u00a0prekvap\u00ed ne\u010dakan\u00fdm komfortom.. Pod l\u00f4\u017ekom n\u00e1jdete <b>\u00falo\u017en\u00fd priestor<\/b>, do ktor\u00e9ho si m\u00f4\u017eete odklada\u0165 v\u0161etky va\u0161e drobnosti. \u010cal\u00fanen\u00e1 je\u00a0<b>kr\u00e9movou l\u00e1tkou<\/b>\u00a0a\u00a0<b>vysok\u00e9 \u010delo<\/b>\u00a0je\u00a0<b>elegantne pre\u0161it\u00e9<\/b>\u00a0a obohaten\u00e9 o\u00a0<b>dekorat\u00edvne gomb\u00edky<\/b>.<\/p>\n<div class=\"text\">\n<ul>\n<li><b>Farba:<\/b>\u00a0231 kr\u00e9mov\u00e1<\/li>\n<li><b>Rozmery (\u0160xHxV):<\/b> 180x211x118 cm, <b>Plocha na spanie (\u0160xD):<\/b>\u00a0180&#215;200 cm<\/li>\n<li><b>Rozmery (\u0160xHxV):<\/b> 160x211x118 cm, <b>Plocha na spanie (\u0160xD):<\/b> 160&#215;200 cm<\/li>\n<li><\/li>\n<li><b>Nosnos\u0165:<\/b>\u00a0110 kg<\/li>\n<li><b>V\u00fd\u0161ka plochy na spanie:<\/b>\u00a065 cm<\/li>\n<li>S \u00falo\u017en\u00fdm priestorom<\/li>\n<li>Vysok\u00e9 \u010delo<\/li>\n<li>Matrac s vrstvou z bonelov\u00fdch pru\u017e\u00edn a PUR peny<\/li>\n<li>Toper s v\u00fd\u0161kou 5 cm<\/li>\n<li>Dod\u00e1van\u00e9 v demonte<\/li>\n<\/ul>\n<\/div>\n","protected":false},"excerpt":{"rendered":"<p>Boxspringov\u00e1 poste\u013e DORMAN je modern\u00e1, praktick\u00e1 a pohodln\u00e1. Spacia plocha\u00a0je zlo\u017een\u00e1 z\u00a02 matracov\u00fdch vrstiev.\u00a0Spodn\u00fd matrac je vyroben\u00fd z\u00a0PUR peny a jednej vrstvy bonelov\u00fdch pru\u017e\u00edn,\u00a0na \u0148om je druh\u00fd matrac, tzv. toper vyroben\u00fd z\u00a0polyuret\u00e1novej peny\u00a0s v\u00fd\u0161kou cca\u00a05 cm.\u00a0Kombin\u00e1cia t\u00fdchto dvoch matracov zaru\u010duje\u00a0dokonal\u00e9 pohodlie a kvalitn\u00fd sp\u00e1nok.\u00a0V\u00fd\u0161ku lo\u017enej plochy\u00a0a\u017e 65 cm\u00a0ocen\u00edte pri ka\u017edom vst\u00e1van\u00ed z postele. Pri \u010d\u00edtan\u00ed&#8230;<\/p>\n","protected":false},"featured_media":91935,"comment_status":"closed","ping_status":"closed","template":"","meta":{"_seopress_robots_primary_cat":"4012","_seopress_titles_title":"","_seopress_titles_desc":"","_seopress_robots_index":""},"product_brand":[],"product_cat":[4012,617],"product_tag":[],"class_list":{"0":"post-91926","1":"product","2":"type-product","3":"status-publish","4":"has-post-thumbnail","6":"product_cat-postele","7":"product_cat-boxspring-postele","9":"first","10":"onbackorder","11":"shipping-taxable","12":"purchasable","13":"product-type-variable"},"_links":{"self":[{"href":"https:\/\/nabytoklaguna.sk\/sk\/wp-json\/wp\/v2\/product\/91926","targetHints":{"allow":["GET"]}}],"collection":[{"href":"https:\/\/nabytoklaguna.sk\/sk\/wp-json\/wp\/v2\/product"}],"about":[{"href":"https:\/\/nabytoklaguna.sk\/sk\/wp-json\/wp\/v2\/types\/product"}],"replies":[{"embeddable":true,"href":"https:\/\/nabytoklaguna.sk\/sk\/wp-json\/wp\/v2\/comments?post=91926"}],"wp:featuredmedia":[{"embeddable":true,"href":"https:\/\/nabytoklaguna.sk\/sk\/wp-json\/wp\/v2\/media\/91935"}],"wp:attachment":[{"href":"https:\/\/nabytoklaguna.sk\/sk\/wp-json\/wp\/v2\/media?parent=91926"}],"wp:term":[{"taxonomy":"product_brand","embeddable":true,"href":"https:\/\/nabytoklaguna.sk\/sk\/wp-json\/wp\/v2\/product_brand?post=91926"},{"taxonomy":"product_cat","embeddable":true,"href":"https:\/\/nabytoklaguna.sk\/sk\/wp-json\/wp\/v2\/product_cat?post=91926"},{"taxonomy":"product_tag","embeddable":true,"href":"https:\/\/nabytoklaguna.sk\/sk\/wp-json\/wp\/v2\/product_tag?post=91926"}],"curies":[{"name":"wp","href":"https:\/\/api.w.org\/{rel}","templated":true}]}}