{"id":9204,"date":"2021-02-22T16:54:36","date_gmt":"2021-02-22T15:54:36","guid":{"rendered":"http:\/\/nabytoklaguna.sk\/sk\/shop\/pohovky\/alabama-tyrkysova\/"},"modified":"2025-09-10T12:22:56","modified_gmt":"2025-09-10T10:22:56","slug":"alabama-tyrkysova","status":"publish","type":"product","link":"https:\/\/nabytoklaguna.sk\/sk\/produkt\/alabama-tyrkysova\/","title":{"rendered":"K ALABAMA"},"content":{"rendered":"<p>\u00c1no! Teraz je pr\u00e1ve ten \u010das kedy je potrebn\u00e9 vymeni\u0165 star\u00fa pohovku za nov\u00fa-modern\u00fa, nad\u010dasov\u00fa a extravagantn\u00fa. Pon\u00fakame V\u00e1m pohovku ALABAMA, ktor\u00e1 svoj\u00edm farebn\u00fdm preveden\u00edm up\u00fata hne\u010f na prv\u00fd poh\u013ead. Pohovka je rozkladacia, jednoduch\u00fdm syst\u00e9mom KLIK-KLAK z nej sprav\u00edte miesto na pr\u00edle\u017eitostn\u00e9 spanie. Veci, ktor\u00e9 potrebujete ma\u0165 po ruke jednoducho odlo\u017ete do \u00falo\u017en\u00e9ho priestoru, ktor\u00fd\u00a0 n\u00e1jdete v kon\u0161trukcii pohovky. O pohodln\u00e9 sedenie sa postar\u00e1 bonelov\u00e1 v\u00fdpl\u0148, ktor\u00e1 tvor\u00ed jadro pohovky. Pohovka sa vyr\u00e1ba vo viacer\u00fdch farebn\u00fdch prevedeniach a tak si ju jednoducho dolad\u00edte k svojmu interi\u00e9ru. V\u00fd\u0161ka spodn\u00e9ho priestoru od podlahy je 5cm<\/p>\n<p>&nbsp;<\/p>\n<h3 class=\"page-product-heading\">VLASTNOSTI<\/h3>\n<table class=\"table-data-sheet\">\n<tbody>\n<tr class=\"odd\">\n<td>H\u013abka<\/td>\n<td>90 cm<\/td>\n<\/tr>\n<tr class=\"even\">\n<td>\u0160\u00edrka<\/td>\n<td>195 cm<\/td>\n<\/tr>\n<tr class=\"odd\">\n<td>V\u00fd\u0161ka<\/td>\n<td>90 cm<\/td>\n<\/tr>\n<tr class=\"even\">\n<td>Vhodn\u00e1 miestnos\u0165<\/td>\n<td>ob\u00fdva\u010dka, spolo\u010densk\u00e1 miestnos\u0165, hotely, kaviarne<\/td>\n<\/tr>\n<tr class=\"odd\">\n<td>Typ n\u00e1bytku<\/td>\n<td>pohovka<\/td>\n<\/tr>\n<tr class=\"even\">\n<td>\u0160t\u00fdl n\u00e1bytku<\/td>\n<td>modern\u00fd<\/td>\n<\/tr>\n<tr class=\"odd\">\n<td>Z\u00e1ruka<\/td>\n<td>2 roky<\/td>\n<\/tr>\n<tr class=\"even\">\n<td>Sp\u00f4sob dodania<\/td>\n<td>demont v jednom bal\u00edku<\/td>\n<\/tr>\n<tr class=\"odd\">\n<td>Hmotnos\u0165<\/td>\n<td>110 kg<\/td>\n<\/tr>\n<tr class=\"even\">\n<td>\u00dalo\u017en\u00fd priestor<\/td>\n<td>\u00e1no<\/td>\n<\/tr>\n<tr class=\"odd\">\n<td>Rohov\u00e9 prevedenie<\/td>\n<td>nie<\/td>\n<\/tr>\n<tr class=\"even\">\n<td>V\u00fd\u0161ka sed\u00e1ka<\/td>\n<td>47 cm<\/td>\n<\/tr>\n<tr class=\"odd\">\n<td>V\u00fd\u0161ka zadn\u00e9ho \u010dela<\/td>\n<td>max.90 cm<\/td>\n<\/tr>\n<tr class=\"even\">\n<td>Mo\u017enos\u0165 rozkladania<\/td>\n<td>\u00e1no<\/td>\n<\/tr>\n<tr class=\"odd\">\n<td>Plocha po rozlo\u017een\u00ed<\/td>\n<td>116\u00d7195 cm<\/td>\n<\/tr>\n<tr class=\"even\">\n<td>Kon\u0161trukcia<\/td>\n<td>DTD<\/td>\n<\/tr>\n<tr class=\"odd\">\n<td>No\u017eky<\/td>\n<td>kov<\/td>\n<\/tr>\n<tr class=\"even\">\n<td>Obsahuje vank\u00fa\u0161e<\/td>\n<td>nie<\/td>\n<\/tr>\n<tr class=\"odd\">\n<td>Nastavenie opierok<\/td>\n<td>nie<\/td>\n<\/tr>\n<tr class=\"even\">\n<td>V\u00fdpl\u0148 seda\u010dky<\/td>\n<td>pena+ pru\u017eina<\/td>\n<\/tr>\n<\/tbody>\n<\/table>\n<p>&nbsp;<\/p>\n<p>&nbsp;<\/p>\n","protected":false},"excerpt":{"rendered":"<p>\u00c1no! Teraz je pr\u00e1ve ten \u010das kedy je potrebn\u00e9 vymeni\u0165 star\u00fa pohovku za nov\u00fa-modern\u00fa, nad\u010dasov\u00fa a extravagantn\u00fa. Pon\u00fakame V\u00e1m pohovku ALABAMA, ktor\u00e1 svoj\u00edm farebn\u00fdm preveden\u00edm up\u00fata hne\u010f na prv\u00fd poh\u013ead. Pohovka je rozkladacia, jednoduch\u00fdm syst\u00e9mom KLIK-KLAK z nej sprav\u00edte miesto na pr\u00edle\u017eitostn\u00e9 spanie. Veci, ktor\u00e9 potrebujete ma\u0165 po ruke jednoducho odlo\u017ete do \u00falo\u017en\u00e9ho priestoru, ktor\u00fd\u00a0&#8230;<\/p>\n","protected":false},"featured_media":91842,"comment_status":"closed","ping_status":"closed","template":"","meta":{"_seopress_robots_primary_cat":"219","_seopress_titles_title":"","_seopress_titles_desc":"","_seopress_robots_index":""},"product_brand":[],"product_cat":[219],"product_tag":[],"class_list":{"0":"post-9204","1":"product","2":"type-product","3":"status-publish","4":"has-post-thumbnail","6":"product_cat-pohovky","7":"pa_farba-latka-malmo-bordova","8":"pa_farba-latka-malmo-horcicova","9":"pa_farba-latka-malmo-modra","10":"pa_farba-latka-malmo-tyrkysova","11":"pa_farba-latka-turkus-cervena","12":"pa_farba-latka-turkus-limetkova","13":"pa_farba-latka-turkus-ruzova","15":"first","16":"onbackorder","17":"shipping-taxable","18":"purchasable","19":"product-type-variable"},"_links":{"self":[{"href":"https:\/\/nabytoklaguna.sk\/sk\/wp-json\/wp\/v2\/product\/9204","targetHints":{"allow":["GET"]}}],"collection":[{"href":"https:\/\/nabytoklaguna.sk\/sk\/wp-json\/wp\/v2\/product"}],"about":[{"href":"https:\/\/nabytoklaguna.sk\/sk\/wp-json\/wp\/v2\/types\/product"}],"replies":[{"embeddable":true,"href":"https:\/\/nabytoklaguna.sk\/sk\/wp-json\/wp\/v2\/comments?post=9204"}],"wp:featuredmedia":[{"embeddable":true,"href":"https:\/\/nabytoklaguna.sk\/sk\/wp-json\/wp\/v2\/media\/91842"}],"wp:attachment":[{"href":"https:\/\/nabytoklaguna.sk\/sk\/wp-json\/wp\/v2\/media?parent=9204"}],"wp:term":[{"taxonomy":"product_brand","embeddable":true,"href":"https:\/\/nabytoklaguna.sk\/sk\/wp-json\/wp\/v2\/product_brand?post=9204"},{"taxonomy":"product_cat","embeddable":true,"href":"https:\/\/nabytoklaguna.sk\/sk\/wp-json\/wp\/v2\/product_cat?post=9204"},{"taxonomy":"product_tag","embeddable":true,"href":"https:\/\/nabytoklaguna.sk\/sk\/wp-json\/wp\/v2\/product_tag?post=9204"}],"curies":[{"name":"wp","href":"https:\/\/api.w.org\/{rel}","templated":true}]}}