{"id":92712,"date":"2021-02-01T11:54:48","date_gmt":"2021-02-01T10:54:48","guid":{"rendered":"https:\/\/nabytoklaguna.sk\/sk\/?post_type=product&#038;p=92712"},"modified":"2025-10-07T13:51:13","modified_gmt":"2025-10-07T11:51:13","slug":"tempo-kondela-elcan","status":"publish","type":"product","link":"https:\/\/nabytoklaguna.sk\/sk\/produkt\/tempo-kondela-elcan\/","title":{"rendered":"K ELCAN"},"content":{"rendered":"<p><strong>Jed\u00e1lensk\u00fd st\u00f4l ELCAN<\/strong> je vhodn\u00fd ako do men\u0161\u00edch tak aj do v\u00e4\u010d\u0161\u00edch priestorov. V\u00fdhodou je to, \u017ee sa vyr\u00e1ba v dvoch rozmerov. Pl\u00e1t stola je vyroben\u00fd z kvalitnej MDF v bielom matnom preveden\u00ed. Nohy s\u00fa z dreva v pr\u00edrodnom odtieni buku.S t\u00fdmto stolom m\u00f4\u017eete doslova sedie\u0165 v kruhu svojej rodiny<\/p>\n<p>VLASTNOSTI<\/p>\n<div class=\"text\">\n<ul>\n<li><b>Materi\u00e1l pl\u00e1t stola:\u00a0<\/b>MDF<\/li>\n<li><b>Farba:\u00a0<\/b>biela matn\u00e1<\/li>\n<li><b>Materi\u00e1l nohy:\u00a0<\/b>drevo<\/li>\n<li><b>Farba:\u00a0<\/b>buk<\/li>\n<li><b>Rozmery (priemer x V):\u00a0<\/b>80&#215;75 cm, 60&#215;75 cm<\/li>\n<li>Praktick\u00fd<\/li>\n<li>Modern\u00fd dizajn<\/li>\n<li>Dod\u00e1van\u00e9 v demonte<\/li>\n<\/ul>\n<\/div>\n","protected":false},"excerpt":{"rendered":"<p>Jed\u00e1lensk\u00fd st\u00f4l ELCAN je vhodn\u00fd ako do men\u0161\u00edch tak aj do v\u00e4\u010d\u0161\u00edch priestorov. V\u00fdhodou je to, \u017ee sa vyr\u00e1ba v dvoch rozmerov. Pl\u00e1t stola je vyroben\u00fd z kvalitnej MDF v bielom matnom preveden\u00ed. Nohy s\u00fa z dreva v pr\u00edrodnom odtieni buku.S t\u00fdmto stolom m\u00f4\u017eete doslova sedie\u0165 v kruhu svojej rodiny VLASTNOSTI Materi\u00e1l pl\u00e1t stola:\u00a0MDF Farba:\u00a0biela&#8230;<\/p>\n","protected":false},"featured_media":92714,"comment_status":"closed","ping_status":"closed","template":"","meta":{"_seopress_robots_primary_cat":"none","_seopress_titles_title":"","_seopress_titles_desc":"","_seopress_robots_index":""},"product_brand":[],"product_cat":[4720,244,243],"product_tag":[],"class_list":{"0":"post-92712","1":"product","2":"type-product","3":"status-publish","4":"has-post-thumbnail","6":"product_cat-jedalenske-stoly-stoly","7":"product_cat-drevene-stoly","8":"product_cat-stoly","10":"first","11":"onbackorder","12":"shipping-taxable","13":"purchasable","14":"product-type-variable"},"_links":{"self":[{"href":"https:\/\/nabytoklaguna.sk\/sk\/wp-json\/wp\/v2\/product\/92712","targetHints":{"allow":["GET"]}}],"collection":[{"href":"https:\/\/nabytoklaguna.sk\/sk\/wp-json\/wp\/v2\/product"}],"about":[{"href":"https:\/\/nabytoklaguna.sk\/sk\/wp-json\/wp\/v2\/types\/product"}],"replies":[{"embeddable":true,"href":"https:\/\/nabytoklaguna.sk\/sk\/wp-json\/wp\/v2\/comments?post=92712"}],"wp:featuredmedia":[{"embeddable":true,"href":"https:\/\/nabytoklaguna.sk\/sk\/wp-json\/wp\/v2\/media\/92714"}],"wp:attachment":[{"href":"https:\/\/nabytoklaguna.sk\/sk\/wp-json\/wp\/v2\/media?parent=92712"}],"wp:term":[{"taxonomy":"product_brand","embeddable":true,"href":"https:\/\/nabytoklaguna.sk\/sk\/wp-json\/wp\/v2\/product_brand?post=92712"},{"taxonomy":"product_cat","embeddable":true,"href":"https:\/\/nabytoklaguna.sk\/sk\/wp-json\/wp\/v2\/product_cat?post=92712"},{"taxonomy":"product_tag","embeddable":true,"href":"https:\/\/nabytoklaguna.sk\/sk\/wp-json\/wp\/v2\/product_tag?post=92712"}],"curies":[{"name":"wp","href":"https:\/\/api.w.org\/{rel}","templated":true}]}}