{"id":92856,"date":"2021-02-02T13:02:31","date_gmt":"2021-02-02T12:02:31","guid":{"rendered":"https:\/\/nabytoklaguna.sk\/sk\/?post_type=product&#038;p=92856"},"modified":"2025-12-01T10:48:44","modified_gmt":"2025-12-01T09:48:44","slug":"k-tosena","status":"publish","type":"product","link":"https:\/\/nabytoklaguna.sk\/sk\/produkt\/k-tosena\/","title":{"rendered":"K TOSENA"},"content":{"rendered":"<p>Stoli\u010dka je neoddelite\u013enou s\u00fa\u010das\u0165ou ka\u017edej dom\u00e1cnosti. Jed\u00e1lensk\u00e1 stoli\u010dka pon\u00faka \u0161t\u00fdlov\u00fd dizajn, ktor\u00fdm prinesie do Va\u0161ej dom\u00e1cnosti to, \u010do jej ch\u00fdba. Stoli\u010dka je \u010dal\u00fanen\u00e1 ekoko\u017eou, ktor\u00e1 je v\u00fdborn\u00e1 na \u00fadr\u017ebu. Kvalitn\u00e1 chr\u00f3mov\u00e1 kon\u0161trukcia zabezpe\u010duje stabilitu. Praktick\u00e9 madlo\u00a0 V\u00e1m umo\u017en\u00ed jednoduch\u00fa manipul\u00e1ciu so stoli\u010dkou. Vyberte si t\u00fa, ktor\u00e1 V\u00e1m vyhovuje. Stoli\u010dku TOSENA V\u00e1m pon\u00fakame v troch farb\u00e1ch<\/p>\n<p>VLASTNOSTI<\/p>\n<div class=\"text\">\n<ul>\n<li><b>Materi\u00e1l \u010dal\u00fanenie:<\/b>\u00a0ekoko\u017ea<\/li>\n<li><b>Farba \u010dal\u00fanenie:<\/b> svetlohned\u00e1, svetlosiv\u00e1, hned\u00e1<\/li>\n<li><b>Materi\u00e1l nohy:<\/b>\u00a0chr\u00f3m<\/li>\n<li><b>Farba nohy:<\/b>\u00a0chr\u00f3m<\/li>\n<li><b>Rozmery (\u0160xHxV):<\/b>\u00a044&#215;60,5&#215;98 cm<\/li>\n<li><b>V\u00fd\u0161ka sedu:<\/b>\u00a046 cm<\/li>\n<li><b>H\u013abka sedu:<\/b>\u00a042,5 cm<\/li>\n<li><b>Nosnos\u0165:<\/b>\u00a090 kg<\/li>\n<li>Dod\u00e1van\u00e9 v demonte<\/li>\n<\/ul>\n<\/div>\n","protected":false},"excerpt":{"rendered":"<p>Stoli\u010dka je neoddelite\u013enou s\u00fa\u010das\u0165ou ka\u017edej dom\u00e1cnosti. Jed\u00e1lensk\u00e1 stoli\u010dka pon\u00faka \u0161t\u00fdlov\u00fd dizajn, ktor\u00fdm prinesie do Va\u0161ej dom\u00e1cnosti to, \u010do jej ch\u00fdba. Stoli\u010dka je \u010dal\u00fanen\u00e1 ekoko\u017eou, ktor\u00e1 je v\u00fdborn\u00e1 na \u00fadr\u017ebu. Kvalitn\u00e1 chr\u00f3mov\u00e1 kon\u0161trukcia zabezpe\u010duje stabilitu. Praktick\u00e9 madlo\u00a0 V\u00e1m umo\u017en\u00ed jednoduch\u00fa manipul\u00e1ciu so stoli\u010dkou. Vyberte si t\u00fa, ktor\u00e1 V\u00e1m vyhovuje. Stoli\u010dku TOSENA V\u00e1m pon\u00fakame v troch farb\u00e1ch&#8230;<\/p>\n","protected":false},"featured_media":92858,"comment_status":"closed","ping_status":"closed","template":"","meta":{"_seopress_robots_primary_cat":"none","_seopress_titles_title":"","_seopress_titles_desc":"","_seopress_robots_index":""},"product_brand":[],"product_cat":[239,237],"product_tag":[],"class_list":{"0":"post-92856","1":"product","2":"type-product","3":"status-publish","4":"has-post-thumbnail","6":"product_cat-kovove-stolicky","7":"product_cat-stolicky","8":"pa_farba-hneda","9":"pa_farba-svetlohneda","10":"pa_farba-svetlosiva","12":"first","13":"onbackorder","14":"shipping-taxable","15":"purchasable","16":"product-type-variable"},"_links":{"self":[{"href":"https:\/\/nabytoklaguna.sk\/sk\/wp-json\/wp\/v2\/product\/92856","targetHints":{"allow":["GET"]}}],"collection":[{"href":"https:\/\/nabytoklaguna.sk\/sk\/wp-json\/wp\/v2\/product"}],"about":[{"href":"https:\/\/nabytoklaguna.sk\/sk\/wp-json\/wp\/v2\/types\/product"}],"replies":[{"embeddable":true,"href":"https:\/\/nabytoklaguna.sk\/sk\/wp-json\/wp\/v2\/comments?post=92856"}],"wp:featuredmedia":[{"embeddable":true,"href":"https:\/\/nabytoklaguna.sk\/sk\/wp-json\/wp\/v2\/media\/92858"}],"wp:attachment":[{"href":"https:\/\/nabytoklaguna.sk\/sk\/wp-json\/wp\/v2\/media?parent=92856"}],"wp:term":[{"taxonomy":"product_brand","embeddable":true,"href":"https:\/\/nabytoklaguna.sk\/sk\/wp-json\/wp\/v2\/product_brand?post=92856"},{"taxonomy":"product_cat","embeddable":true,"href":"https:\/\/nabytoklaguna.sk\/sk\/wp-json\/wp\/v2\/product_cat?post=92856"},{"taxonomy":"product_tag","embeddable":true,"href":"https:\/\/nabytoklaguna.sk\/sk\/wp-json\/wp\/v2\/product_tag?post=92856"}],"curies":[{"name":"wp","href":"https:\/\/api.w.org\/{rel}","templated":true}]}}