{"id":92885,"date":"2021-02-02T14:25:59","date_gmt":"2021-02-02T13:25:59","guid":{"rendered":"https:\/\/nabytoklaguna.sk\/sk\/?post_type=product&#038;p=92885"},"modified":"2025-12-01T10:42:14","modified_gmt":"2025-12-01T09:42:14","slug":"k-nobata","status":"publish","type":"product","link":"https:\/\/nabytoklaguna.sk\/sk\/produkt\/k-nobata\/","title":{"rendered":"K NOBATA"},"content":{"rendered":"<p>Modern\u00e1 jed\u00e1lensk\u00e1 stoli\u010dka NOBATA\u00a0 ur\u010dite zapadne do akejko\u013evek dom\u00e1cnosti. Kon\u0161trukcia je z kvalitn\u00e9ho kovu. \u010cal\u00fanen\u00e1 je ekoko\u017eou, ktor\u00e1 je v\u00fdborn\u00e1 na \u00fadr\u017ebu. Operadlo je ergonomicky tvarovan\u00e9 a sedenie bude ove\u013ea pohodlnej\u0161ie. Vyberte si farebn\u00e9 prevedenie, ktor\u00e9 V\u00e1m vyhovuje<\/p>\n<p>VLASTNOSTI<\/p>\n<div class=\"text\">\n<ul>\n<li><b>Materi\u00e1l \u010dal\u00fanenia:<\/b>\u00a0ekoko\u017ea<\/li>\n<li><b>Farba \u010dal\u00fanenia:<\/b> hnedosiv\u00e1 taupe, svetlosiv\u00e1<\/li>\n<li><b>Materi\u00e1l nohy:<\/b>\u00a0kov<\/li>\n<li><b>Farba nohy:<\/b>\u00a0siv\u00e1<\/li>\n<li><b>Rozmery (\u0160xHxV):<\/b>\u00a042x56x99 cm<\/li>\n<li><b>V\u00fd\u0161ka sedu:<\/b>\u00a047,5 cm<\/li>\n<li><b>H\u013abka sedu:<\/b>\u00a042,5 cm<\/li>\n<li><b>Nosnos\u0165:<\/b>\u00a090 kg<\/li>\n<li>Dod\u00e1van\u00e9 v demonte<\/li>\n<\/ul>\n<\/div>\n","protected":false},"excerpt":{"rendered":"<p>Modern\u00e1 jed\u00e1lensk\u00e1 stoli\u010dka NOBATA\u00a0 ur\u010dite zapadne do akejko\u013evek dom\u00e1cnosti. Kon\u0161trukcia je z kvalitn\u00e9ho kovu. \u010cal\u00fanen\u00e1 je ekoko\u017eou, ktor\u00e1 je v\u00fdborn\u00e1 na \u00fadr\u017ebu. Operadlo je ergonomicky tvarovan\u00e9 a sedenie bude ove\u013ea pohodlnej\u0161ie. Vyberte si farebn\u00e9 prevedenie, ktor\u00e9 V\u00e1m vyhovuje VLASTNOSTI Materi\u00e1l \u010dal\u00fanenia:\u00a0ekoko\u017ea Farba \u010dal\u00fanenia: hnedosiv\u00e1 taupe, svetlosiv\u00e1 Materi\u00e1l nohy:\u00a0kov Farba nohy:\u00a0siv\u00e1 Rozmery (\u0160xHxV):\u00a042x56x99 cm V\u00fd\u0161ka sedu:\u00a047,5&#8230;<\/p>\n","protected":false},"featured_media":92887,"comment_status":"closed","ping_status":"closed","template":"","meta":{"_seopress_robots_primary_cat":"none","_seopress_titles_title":"","_seopress_titles_desc":"","_seopress_robots_index":""},"product_brand":[],"product_cat":[239,237],"product_tag":[],"class_list":{"0":"post-92885","1":"product","2":"type-product","3":"status-publish","4":"has-post-thumbnail","6":"product_cat-kovove-stolicky","7":"product_cat-stolicky","8":"pa_farba-hnedosiva-taupe","9":"pa_farba-svetlosiva","11":"first","12":"onbackorder","13":"shipping-taxable","14":"purchasable","15":"product-type-variable"},"_links":{"self":[{"href":"https:\/\/nabytoklaguna.sk\/sk\/wp-json\/wp\/v2\/product\/92885","targetHints":{"allow":["GET"]}}],"collection":[{"href":"https:\/\/nabytoklaguna.sk\/sk\/wp-json\/wp\/v2\/product"}],"about":[{"href":"https:\/\/nabytoklaguna.sk\/sk\/wp-json\/wp\/v2\/types\/product"}],"replies":[{"embeddable":true,"href":"https:\/\/nabytoklaguna.sk\/sk\/wp-json\/wp\/v2\/comments?post=92885"}],"wp:featuredmedia":[{"embeddable":true,"href":"https:\/\/nabytoklaguna.sk\/sk\/wp-json\/wp\/v2\/media\/92887"}],"wp:attachment":[{"href":"https:\/\/nabytoklaguna.sk\/sk\/wp-json\/wp\/v2\/media?parent=92885"}],"wp:term":[{"taxonomy":"product_brand","embeddable":true,"href":"https:\/\/nabytoklaguna.sk\/sk\/wp-json\/wp\/v2\/product_brand?post=92885"},{"taxonomy":"product_cat","embeddable":true,"href":"https:\/\/nabytoklaguna.sk\/sk\/wp-json\/wp\/v2\/product_cat?post=92885"},{"taxonomy":"product_tag","embeddable":true,"href":"https:\/\/nabytoklaguna.sk\/sk\/wp-json\/wp\/v2\/product_tag?post=92885"}],"curies":[{"name":"wp","href":"https:\/\/api.w.org\/{rel}","templated":true}]}}