{"id":93608,"date":"2021-02-17T16:39:36","date_gmt":"2021-02-17T15:39:36","guid":{"rendered":"https:\/\/nabytoklaguna.sk\/sk\/?post_type=product&#038;p=93608"},"modified":"2025-08-18T14:19:42","modified_gmt":"2025-08-18T12:19:42","slug":"k-atrisa","status":"publish","type":"product","link":"https:\/\/nabytoklaguna.sk\/sk\/produkt\/k-atrisa\/","title":{"rendered":"K ATRISA"},"content":{"rendered":"<p><b>Montessori poschodov\u00e1 poste\u013e ATRISA<\/b> je nad\u010dasov\u00e1 poste\u013e pon\u00faka kombin\u00e1ciu<b>\u00a0pohodln\u00e9ho a bezpe\u010dn\u00e9ho<\/b>\u00a0sp\u00e1nku pre va\u0161e deti. Montessori detsk\u00e1 poste\u013e prich\u00e1dza\u00a0<b>v tvare domu <\/b>podporuje rozvoj fant\u00e1zie a potenci\u00e1lu die\u0165a\u0165a.\u00a0Je to\u00a0<b>kr\u00e1sny, a z\u00e1rove\u0148 eduka\u010dn\u00fd doplnok<\/b>\u00a0do detskej izby, ktor\u00fd je ve\u013emi ob\u013e\u00faben\u00fd medzi de\u0165mi aj rodi\u010dmi. Poste\u013eou ATRISA vytvor\u00edte \u010darovn\u00fa atmosf\u00e9ru. Pon\u00faknete tak die\u0165a\u0165u mo\u017enos\u0165\u00a0<b>rozv\u00edja\u0165 svoju fant\u00e1ziu, hra\u0165 sa a oddychova\u0165 na jednom mieste.\u00a0<\/b><b>Mas\u00edvne borovicov\u00e9<\/b>\u00a0drevo v\u00a0<b>bielom preveden\u00ed<\/b>\u00a0je pevn\u00e9 a stabiln\u00e9,\u00a0<b>pou\u017eit\u00fd materi\u00e1l aj farby s\u00fa zdravotne nez\u00e1vadn\u00e9<\/b>, a preto vhodn\u00e9 pr\u00e1ve do detsk\u00fdch izieb. Poste\u013e je v\u010faka svojmu neutr\u00e1lnemu farebn\u00e9mu prevedeniu ur\u010den\u00e1 pre diev\u010dat\u00e1 aj pre chlapcov. K posteli je pripevnen\u00fd\u00a0<b>rebr\u00edk a stena domu s okienkom<\/b>. Horn\u00e9 l\u00f4\u017eko je zabezpe\u010den\u00e9 proti p\u00e1du\u00a0<b>drevenou z\u00e1branou.<\/b><\/p>\n<div class=\"text\">\n<ul>\n<li><b>Materi\u00e1l:<\/b>\u00a0mas\u00edvne borovicov\u00e9 drevo\/preglejka<\/li>\n<li><b>Farba:<\/b>\u00a0biela<\/li>\n<li><b>Rozmery (\u0160xHxV):<\/b>\u00a0208x98x228 cm<\/li>\n<li><b>Plocha na spanie (\u0160xH):<\/b>\u00a090&#215;200 cm<\/li>\n<li><b>V\u00fd\u0161ka po ro\u0161t spodn\u00e9 l\u00f4\u017eko:<\/b>\u00a05,5 cm<\/li>\n<li><b>V\u00fd\u0161ka po ro\u0161t horn\u00e9 l\u00f4\u017eko:<\/b>\u00a091,5 cm<\/li>\n<li><b>Max. v\u00fd\u0161ka matraca horn\u00e9 l\u00f4\u017eko:<\/b>14 cm<\/li>\n<li><b>Nosnos\u0165:<\/b>\u00a090 kg<\/li>\n<li>S rebr\u00edkom<\/li>\n<li>S bezpe\u010dnostnou bari\u00e9rou<\/li>\n<li>Dod\u00e1van\u00e9 s rolovan\u00fdmi ro\u0161tami ZDARMA<\/li>\n<li>Dod\u00e1van\u00e9 v demonte<\/li>\n<\/ul>\n<table border=\"0\" cellspacing=\"1\" cellpadding=\"1\">\n<tbody>\n<tr>\n<td style=\"width: 32.1945%;\"><img decoding=\"async\" src=\"https:\/\/shop.tempo-kondela.sk\/Files\/2521000\/2521873\/montana.png\" alt=\"Matrac, penov\u00fd, 90x200, MONTANA\" \/><\/td>\n<td style=\"width: 67.2799%;\"><u><strong>Matrac MONTANA:<\/strong><\/u><\/p>\n<p><a href=\"https:\/\/nabytoklaguna.sk\/sk\/obchod\/spalne\/matrace\/tempo-kondela-montana\/\">https:\/\/nabytoklaguna.sk\/sk\/obchod\/spalne\/matrace\/tempo-kondela-montana\/<\/a><\/p>\n<p>&nbsp;<\/p>\n<p>&nbsp;<\/td>\n<\/tr>\n<tr>\n<td style=\"width: 32.1945%;\"><\/td>\n<td style=\"width: 67.2799%;\"><\/td>\n<\/tr>\n<\/tbody>\n<\/table>\n<\/div>\n","protected":false},"excerpt":{"rendered":"<p>Montessori poschodov\u00e1 poste\u013e ATRISA je nad\u010dasov\u00e1 poste\u013e pon\u00faka kombin\u00e1ciu\u00a0pohodln\u00e9ho a bezpe\u010dn\u00e9ho\u00a0sp\u00e1nku pre va\u0161e deti. Montessori detsk\u00e1 poste\u013e prich\u00e1dza\u00a0v tvare domu podporuje rozvoj fant\u00e1zie a potenci\u00e1lu die\u0165a\u0165a.\u00a0Je to\u00a0kr\u00e1sny, a z\u00e1rove\u0148 eduka\u010dn\u00fd doplnok\u00a0do detskej izby, ktor\u00fd je ve\u013emi ob\u013e\u00faben\u00fd medzi de\u0165mi aj rodi\u010dmi. Poste\u013eou ATRISA vytvor\u00edte \u010darovn\u00fa atmosf\u00e9ru. Pon\u00faknete tak die\u0165a\u0165u mo\u017enos\u0165\u00a0rozv\u00edja\u0165 svoju fant\u00e1ziu, hra\u0165 sa a&#8230;<\/p>\n","protected":false},"featured_media":93614,"comment_status":"closed","ping_status":"closed","template":"","meta":{"_seopress_robots_primary_cat":"none","_seopress_titles_title":"","_seopress_titles_desc":"","_seopress_robots_index":""},"product_brand":[],"product_cat":[233,616],"product_tag":[],"class_list":{"0":"post-93608","1":"product","2":"type-product","3":"status-publish","4":"has-post-thumbnail","6":"product_cat-poschodove-postele","7":"product_cat-drevene-postele","8":"pa_typ-produktu-s-matracmi-be-katarina-10-new-11","9":"pa_typ-produktu-s-matracmi-montana-11","10":"pa_typ-produktu-s-rostom-bez-matraca-2","12":"first","13":"onbackorder","14":"shipping-taxable","15":"purchasable","16":"product-type-variable"},"_links":{"self":[{"href":"https:\/\/nabytoklaguna.sk\/sk\/wp-json\/wp\/v2\/product\/93608","targetHints":{"allow":["GET"]}}],"collection":[{"href":"https:\/\/nabytoklaguna.sk\/sk\/wp-json\/wp\/v2\/product"}],"about":[{"href":"https:\/\/nabytoklaguna.sk\/sk\/wp-json\/wp\/v2\/types\/product"}],"replies":[{"embeddable":true,"href":"https:\/\/nabytoklaguna.sk\/sk\/wp-json\/wp\/v2\/comments?post=93608"}],"wp:featuredmedia":[{"embeddable":true,"href":"https:\/\/nabytoklaguna.sk\/sk\/wp-json\/wp\/v2\/media\/93614"}],"wp:attachment":[{"href":"https:\/\/nabytoklaguna.sk\/sk\/wp-json\/wp\/v2\/media?parent=93608"}],"wp:term":[{"taxonomy":"product_brand","embeddable":true,"href":"https:\/\/nabytoklaguna.sk\/sk\/wp-json\/wp\/v2\/product_brand?post=93608"},{"taxonomy":"product_cat","embeddable":true,"href":"https:\/\/nabytoklaguna.sk\/sk\/wp-json\/wp\/v2\/product_cat?post=93608"},{"taxonomy":"product_tag","embeddable":true,"href":"https:\/\/nabytoklaguna.sk\/sk\/wp-json\/wp\/v2\/product_tag?post=93608"}],"curies":[{"name":"wp","href":"https:\/\/api.w.org\/{rel}","templated":true}]}}