{"id":93877,"date":"2021-02-24T13:13:12","date_gmt":"2021-02-24T12:13:12","guid":{"rendered":"https:\/\/nabytoklaguna.sk\/sk\/?post_type=product&#038;p=93877"},"modified":"2025-05-27T14:16:06","modified_gmt":"2025-05-27T12:16:06","slug":"k-rozali","status":"publish","type":"product","link":"https:\/\/nabytoklaguna.sk\/sk\/produkt\/k-rozali\/","title":{"rendered":"K ROZALI"},"content":{"rendered":"<p><b>Kovov\u00e1 pohovka &#8211; jednol\u00f4\u017eko ROZALI<\/b>, ktor\u00e1 je vyroben\u00e1 \u00a0v\u00a0<b>bielom alebo \u010diernom preveden\u00ed <\/b>z\u00fatuln\u00ed ka\u017ed\u00fa miestnos\u0165. \u00a0Sta\u010d\u00ed zop\u00e1r doplnkov, aby ste ju cez de\u0148 zmenili na elegantn\u00fa kr\u00e1savicu. S\u00fa\u010das\u0165ou postele je<b>\u00a0kovov\u00fd ro\u0161t<\/b>, ktor\u00fd zabezpe\u010d\u00ed posteli\u00a0dobr\u00fa stabilitu.\u00a0<b>Ornamenty<\/b> na bo\u010dn\u00fdch stran\u00e1ch postele navodia pocit romantiky, a jednozna\u010dne uchv\u00e1tia nejedno oko. V noci je poste\u013eou, cez de\u0148 sa z nej st\u00e1va kr\u00e1sna pohovka. Ob\u013e\u00fabite si ju nielen pre jej vzh\u013ead, ale aj pre pohodlie a stabilitu.<\/p>\n<div class=\"text\">\n<ul>\n<li><b>Materi\u00e1l<\/b>: kov<\/li>\n<li><b>Farba<\/b>: biela alebo \u010dierna<\/li>\n<li><b>Rozmery (\u0160xHxV)<\/b>: 206,4&#215;95,2&#215;84 cm<\/li>\n<li><b>Plocha na spanie<\/b>: 90&#215;200 cm<\/li>\n<li><b>V\u00fd\u0161ka po ro\u0161t<\/b>: 30,5 cm<\/li>\n<li><b>Nosnos\u0165:<\/b>\u00a090 kg<\/li>\n<li>Dod\u00e1van\u00e1 s kovov\u00fdm ro\u0161tom ZDARMA<\/li>\n<li>Romantick\u00fd dizajn<\/li>\n<li>Dekorat\u00edvne prvky<\/li>\n<li>Pevn\u00e1 a stabiln\u00e1<\/li>\n<li>Dod\u00e1van\u00e9 v demonte<\/li>\n<\/ul>\n<table border=\"0\" cellspacing=\"1\" cellpadding=\"1\">\n<tbody>\n<tr>\n<td style=\"width: 32.1945%;\"><\/td>\n<td style=\"width: 67.2799%;\"><\/td>\n<\/tr>\n<tr>\n<td style=\"width: 32.1945%;\"><img decoding=\"async\" src=\"https:\/\/nabytoklaguna.sk\/sk\/wp-content\/uploads\/2017\/11\/80x200-610x609.jpg\" \/><\/td>\n<td style=\"width: 67.2799%;\"><strong><u>Matrac BE KATARINA:<\/u><\/strong><\/p>\n<p><a href=\"https:\/\/nabytoklaguna.sk\/sk\/obchod\/spalne\/matrace\/tempo-kondela-katarina-10\/\">https:\/\/nabytoklaguna.sk\/sk\/obchod\/spalne\/matrace\/tempo-kondela-katarina-10\/<\/a><\/td>\n<\/tr>\n<\/tbody>\n<\/table>\n<\/div>\n","protected":false},"excerpt":{"rendered":"<p>Kovov\u00e1 pohovka &#8211; jednol\u00f4\u017eko ROZALI, ktor\u00e1 je vyroben\u00e1 \u00a0v\u00a0bielom alebo \u010diernom preveden\u00ed z\u00fatuln\u00ed ka\u017ed\u00fa miestnos\u0165. \u00a0Sta\u010d\u00ed zop\u00e1r doplnkov, aby ste ju cez de\u0148 zmenili na elegantn\u00fa kr\u00e1savicu. S\u00fa\u010das\u0165ou postele je\u00a0kovov\u00fd ro\u0161t, ktor\u00fd zabezpe\u010d\u00ed posteli\u00a0dobr\u00fa stabilitu.\u00a0Ornamenty na bo\u010dn\u00fdch stran\u00e1ch postele navodia pocit romantiky, a jednozna\u010dne uchv\u00e1tia nejedno oko. V noci je poste\u013eou, cez de\u0148 sa z&#8230;<\/p>\n","protected":false},"featured_media":93884,"comment_status":"closed","ping_status":"closed","template":"","meta":{"_seopress_robots_primary_cat":"none","_seopress_titles_title":"","_seopress_titles_desc":"","_seopress_robots_index":""},"product_brand":[],"product_cat":[234,618],"product_tag":[],"class_list":{"0":"post-93877","1":"product","2":"type-product","3":"status-publish","4":"has-post-thumbnail","6":"product_cat-detske-postele","7":"product_cat-kovove-postele","8":"pa_farba-biela","9":"pa_farba-cierna-2","10":"pa_typ-produktu-s-matracom-be-katarina-10-new","11":"pa_typ-produktu-s-matracom-montana","12":"pa_typ-produktu-s-rostom-bez-matraca-2","14":"first","15":"onbackorder","16":"shipping-taxable","17":"purchasable","18":"product-type-variable"},"_links":{"self":[{"href":"https:\/\/nabytoklaguna.sk\/sk\/wp-json\/wp\/v2\/product\/93877","targetHints":{"allow":["GET"]}}],"collection":[{"href":"https:\/\/nabytoklaguna.sk\/sk\/wp-json\/wp\/v2\/product"}],"about":[{"href":"https:\/\/nabytoklaguna.sk\/sk\/wp-json\/wp\/v2\/types\/product"}],"replies":[{"embeddable":true,"href":"https:\/\/nabytoklaguna.sk\/sk\/wp-json\/wp\/v2\/comments?post=93877"}],"wp:featuredmedia":[{"embeddable":true,"href":"https:\/\/nabytoklaguna.sk\/sk\/wp-json\/wp\/v2\/media\/93884"}],"wp:attachment":[{"href":"https:\/\/nabytoklaguna.sk\/sk\/wp-json\/wp\/v2\/media?parent=93877"}],"wp:term":[{"taxonomy":"product_brand","embeddable":true,"href":"https:\/\/nabytoklaguna.sk\/sk\/wp-json\/wp\/v2\/product_brand?post=93877"},{"taxonomy":"product_cat","embeddable":true,"href":"https:\/\/nabytoklaguna.sk\/sk\/wp-json\/wp\/v2\/product_cat?post=93877"},{"taxonomy":"product_tag","embeddable":true,"href":"https:\/\/nabytoklaguna.sk\/sk\/wp-json\/wp\/v2\/product_tag?post=93877"}],"curies":[{"name":"wp","href":"https:\/\/api.w.org\/{rel}","templated":true}]}}