{"id":93998,"date":"2021-02-26T14:51:28","date_gmt":"2021-02-26T13:51:28","guid":{"rendered":"https:\/\/nabytoklaguna.sk\/sk\/?post_type=product&#038;p=93998"},"modified":"2025-07-08T10:40:20","modified_gmt":"2025-07-08T08:40:20","slug":"tempo-kondela-cyril","status":"publish","type":"product","link":"https:\/\/nabytoklaguna.sk\/sk\/produkt\/tempo-kondela-cyril\/","title":{"rendered":"K CYRIL"},"content":{"rendered":"<p>Predsie\u0148 je prv\u00e9 miesto, ktor\u00e9 vid\u00edte po pr\u00edchode domov. Sektor CYRIL V\u00e1m pom\u00f4\u017ee zariadi\u0165 ve\u013ek\u00e9 \u010di mal\u00e9 predsiene V\u00e1\u0161ho domova. Vyr\u00e1ba sa z kvalitnej laminovanej DTD a vo farebnom preveden\u00ed dub wotan\/biela. Va\u0161e top\u00e1nky \u010di a kab\u00e1ty si n\u00e1jdu svoje miesto<\/p>\n<p>Rozmery jednotliv\u00fdch skriniek(\u0160xHxV)<\/p>\n<p>TYP 01 skri\u0148a\u00a0 4DV &#8211; 80x35x199cm<br \/>\nTYP 02 u\u017e\u0161ia ve\u0161iakov\u00e1 1DV &#8211; 55x35x199cm<br \/>\nTYP 03 skri\u0148a rohov\u00e1 policov\u00e1 &#8211; 73x73x199cm<br \/>\nTYP 04 komoda\u00a0 1ZAS 2VYKOP &#8211; 80x35x99cm<br \/>\nTYP 05 ve\u0161iakov\u00fd panel &#8211; 55x35x160cm<br \/>\nTYP 06 skri\u0148a n\u00edzka pod ve\u0161.panel &#8211; 55x35x38 cm<br \/>\nTYP 07 skrinka na top\u00e1nka &#8211; 55x35x199cm<br \/>\nTYP 08 nadstavec 2DV &#8211; 80x35x40cm<br \/>\nTYP 09 zrkadlo na stenu &#8211; 80x2x100cm<br \/>\nTYP 10 nadstavec rohov\u00fd &#8211; 73x73x40cm<br \/>\nTYP 11 nadstavec1 DV &#8211; 55x35x40cm<\/p>\n<p>&nbsp;<\/p>\n","protected":false},"excerpt":{"rendered":"<p>Predsie\u0148 je prv\u00e9 miesto, ktor\u00e9 vid\u00edte po pr\u00edchode domov. Sektor CYRIL V\u00e1m pom\u00f4\u017ee zariadi\u0165 ve\u013ek\u00e9 \u010di mal\u00e9 predsiene V\u00e1\u0161ho domova. Vyr\u00e1ba sa z kvalitnej laminovanej DTD a vo farebnom preveden\u00ed dub wotan\/biela. Va\u0161e top\u00e1nky \u010di a kab\u00e1ty si n\u00e1jdu svoje miesto Rozmery jednotliv\u00fdch skriniek(\u0160xHxV) TYP 01 skri\u0148a\u00a0 4DV &#8211; 80x35x199cm TYP 02 u\u017e\u0161ia ve\u0161iakov\u00e1 1DV&#8230;<\/p>\n","protected":false},"featured_media":94020,"comment_status":"closed","ping_status":"closed","template":"","meta":{"_seopress_robots_primary_cat":"none","_seopress_titles_title":"","_seopress_titles_desc":"","_seopress_robots_index":""},"product_brand":[],"product_cat":[2139,6943,257],"product_tag":[],"class_list":{"0":"post-93998","1":"product","2":"type-product","3":"status-publish","4":"has-post-thumbnail","6":"product_cat-predsiene-predsiene","7":"product_cat-predsiene-zostavy","8":"product_cat-predsiene","9":"pa_typ-produktu-typ-10","10":"pa_typ-produktu-typ-11","11":"pa_typ-produktu-typ-1","12":"pa_typ-produktu-typ-2","13":"pa_typ-produktu-typ-3","14":"pa_typ-produktu-typ-4","15":"pa_typ-produktu-typ-5","16":"pa_typ-produktu-typ-6","17":"pa_typ-produktu-typ-7","18":"pa_typ-produktu-typ-8","19":"pa_typ-produktu-typ-9","21":"first","22":"onbackorder","23":"shipping-taxable","24":"purchasable","25":"product-type-variable"},"_links":{"self":[{"href":"https:\/\/nabytoklaguna.sk\/sk\/wp-json\/wp\/v2\/product\/93998","targetHints":{"allow":["GET"]}}],"collection":[{"href":"https:\/\/nabytoklaguna.sk\/sk\/wp-json\/wp\/v2\/product"}],"about":[{"href":"https:\/\/nabytoklaguna.sk\/sk\/wp-json\/wp\/v2\/types\/product"}],"replies":[{"embeddable":true,"href":"https:\/\/nabytoklaguna.sk\/sk\/wp-json\/wp\/v2\/comments?post=93998"}],"wp:featuredmedia":[{"embeddable":true,"href":"https:\/\/nabytoklaguna.sk\/sk\/wp-json\/wp\/v2\/media\/94020"}],"wp:attachment":[{"href":"https:\/\/nabytoklaguna.sk\/sk\/wp-json\/wp\/v2\/media?parent=93998"}],"wp:term":[{"taxonomy":"product_brand","embeddable":true,"href":"https:\/\/nabytoklaguna.sk\/sk\/wp-json\/wp\/v2\/product_brand?post=93998"},{"taxonomy":"product_cat","embeddable":true,"href":"https:\/\/nabytoklaguna.sk\/sk\/wp-json\/wp\/v2\/product_cat?post=93998"},{"taxonomy":"product_tag","embeddable":true,"href":"https:\/\/nabytoklaguna.sk\/sk\/wp-json\/wp\/v2\/product_tag?post=93998"}],"curies":[{"name":"wp","href":"https:\/\/api.w.org\/{rel}","templated":true}]}}