{"id":94018,"date":"2021-02-26T15:13:36","date_gmt":"2021-02-26T14:13:36","guid":{"rendered":"https:\/\/nabytoklaguna.sk\/sk\/?post_type=product&#038;p=94018"},"modified":"2025-05-27T13:28:39","modified_gmt":"2025-05-27T11:28:39","slug":"k-tajgi","status":"publish","type":"product","link":"https:\/\/nabytoklaguna.sk\/sk\/produkt\/k-tajgi\/","title":{"rendered":"K TAJGI"},"content":{"rendered":"<p>Poste\u013e <b>TAJGI <\/b>sa vo Va\u0161ej sp\u00e1lni bude vyn\u00edma\u0165 ako klenot a z\u00e1rove\u0148 zaru\u010d\u00ed pohodln\u00fd odpo\u010dinok. <b>\u010cierny kov<\/b> p\u00f4sob\u00ed tajomne a bude efektne kontrastova\u0165 s pozad\u00edm. <b>Kovov\u00e9 \u010del\u00e1<\/b>\u00a0pozdvihuj\u00fa t\u00fato poste\u013e na najvy\u0161\u0161ie prie\u010dky v rebr\u00ed\u010dku postel\u00ed, a menia ju tak na ozajstn\u00fd skvost. Stabilitu jej dod\u00e1vaj\u00fa kovov\u00e9 nohy, ktor\u00e9 s\u00fa tie\u017e \u010diernej farby. S\u00fa\u010das\u0165ou je\u00a0<b>kovov\u00fd ro\u0161t ZDARMA.<\/b><\/p>\n<div class=\"text\">\n<ul>\n<li><b>Farba:<\/b>\u00a0\u010dierna<\/li>\n<li><b>Rozmery (\u0160xHxV):<\/b> 95x205x76, <b>Plocha na spanie (\u0160xH):<\/b> 90&#215;200 cm<\/li>\n<li><b>Rozmery (\u0160xHxV):<\/b> 165x205x76, <b>Plocha na spanie (\u0160xH):<\/b>\u00a0160&#215;200 cm<\/li>\n<li><b>Rozmery (\u0160xHxV):<\/b> 185x205x76, <b>Plocha na spanie (\u0160xH):<\/b> 180&#215;200 cm<\/li>\n<li><b>V\u00fd\u0161ka po ro\u0161t :<\/b>\u00a032 cm<\/li>\n<li>Kovov\u00e9 \u010del\u00e1<\/li>\n<li>Dod\u00e1van\u00e9 v demonte<\/li>\n<\/ul>\n<table border=\"0\" cellspacing=\"1\" cellpadding=\"1\">\n<tbody>\n<tr>\n<td style=\"width: 32.1945%;\"><\/td>\n<td style=\"width: 67.2799%;\"><\/td>\n<\/tr>\n<tr>\n<td style=\"width: 32.1945%;\"><img decoding=\"async\" src=\"https:\/\/nabytoklaguna.sk\/sk\/wp-content\/uploads\/2017\/11\/80x200-610x609.jpg\" \/><\/td>\n<td style=\"width: 67.2799%;\"><strong><u>Matrac BE KATARINA:<\/u><\/strong><\/p>\n<p><a href=\"https:\/\/nabytoklaguna.sk\/sk\/obchod\/spalne\/matrace\/tempo-kondela-katarina-10\/\">https:\/\/nabytoklaguna.sk\/sk\/obchod\/spalne\/matrace\/tempo-kondela-katarina-10\/<\/a><\/td>\n<\/tr>\n<\/tbody>\n<\/table>\n<\/div>\n","protected":false},"excerpt":{"rendered":"<p>Poste\u013e TAJGI sa vo Va\u0161ej sp\u00e1lni bude vyn\u00edma\u0165 ako klenot a z\u00e1rove\u0148 zaru\u010d\u00ed pohodln\u00fd odpo\u010dinok. \u010cierny kov p\u00f4sob\u00ed tajomne a bude efektne kontrastova\u0165 s pozad\u00edm. Kovov\u00e9 \u010del\u00e1\u00a0pozdvihuj\u00fa t\u00fato poste\u013e na najvy\u0161\u0161ie prie\u010dky v rebr\u00ed\u010dku postel\u00ed, a menia ju tak na ozajstn\u00fd skvost. Stabilitu jej dod\u00e1vaj\u00fa kovov\u00e9 nohy, ktor\u00e9 s\u00fa tie\u017e \u010diernej farby. S\u00fa\u010das\u0165ou je\u00a0kovov\u00fd ro\u0161t&#8230;<\/p>\n","protected":false},"featured_media":94034,"comment_status":"closed","ping_status":"closed","template":"","meta":{"_seopress_robots_primary_cat":"none","_seopress_titles_title":"","_seopress_titles_desc":"","_seopress_robots_index":""},"product_brand":[],"product_cat":[234,618],"product_tag":[],"class_list":{"0":"post-94018","1":"product","2":"type-product","3":"status-publish","4":"has-post-thumbnail","6":"product_cat-detske-postele","7":"product_cat-kovove-postele","8":"pa_typ-produktu-s-matracmi-be-katarina-10-new-11","9":"pa_typ-produktu-s-matracmi-montana-11","10":"pa_typ-produktu-s-matracom-be-katarina-10-new","11":"pa_typ-produktu-s-matracom-montana","12":"pa_typ-produktu-s-rostom-bez-matraca-2","14":"first","15":"onbackorder","16":"shipping-taxable","17":"purchasable","18":"product-type-variable"},"_links":{"self":[{"href":"https:\/\/nabytoklaguna.sk\/sk\/wp-json\/wp\/v2\/product\/94018","targetHints":{"allow":["GET"]}}],"collection":[{"href":"https:\/\/nabytoklaguna.sk\/sk\/wp-json\/wp\/v2\/product"}],"about":[{"href":"https:\/\/nabytoklaguna.sk\/sk\/wp-json\/wp\/v2\/types\/product"}],"replies":[{"embeddable":true,"href":"https:\/\/nabytoklaguna.sk\/sk\/wp-json\/wp\/v2\/comments?post=94018"}],"wp:featuredmedia":[{"embeddable":true,"href":"https:\/\/nabytoklaguna.sk\/sk\/wp-json\/wp\/v2\/media\/94034"}],"wp:attachment":[{"href":"https:\/\/nabytoklaguna.sk\/sk\/wp-json\/wp\/v2\/media?parent=94018"}],"wp:term":[{"taxonomy":"product_brand","embeddable":true,"href":"https:\/\/nabytoklaguna.sk\/sk\/wp-json\/wp\/v2\/product_brand?post=94018"},{"taxonomy":"product_cat","embeddable":true,"href":"https:\/\/nabytoklaguna.sk\/sk\/wp-json\/wp\/v2\/product_cat?post=94018"},{"taxonomy":"product_tag","embeddable":true,"href":"https:\/\/nabytoklaguna.sk\/sk\/wp-json\/wp\/v2\/product_tag?post=94018"}],"curies":[{"name":"wp","href":"https:\/\/api.w.org\/{rel}","templated":true}]}}