{"id":9418,"date":"2021-02-22T16:54:36","date_gmt":"2021-02-22T15:54:36","guid":{"rendered":"http:\/\/nabytoklaguna.sk\/sk\/?post_type=product&#038;p=9418"},"modified":"2025-10-07T13:54:56","modified_gmt":"2025-10-07T11:54:56","slug":"astro-3","status":"publish","type":"product","link":"https:\/\/nabytoklaguna.sk\/sk\/produkt\/astro-3\/","title":{"rendered":"K ASTRO"},"content":{"rendered":"<p>Jednoduch\u00fd a z\u00e1rove\u0148 elegantn\u00fd st\u00f4l.<\/p>\n<ul>\n<li><b>Materi\u00e1l:<\/b>\u00a0MDF dyhovan\u00e1<\/li>\n<li><b>Farba:<\/b>\u00a0biela<\/li>\n<li><b>Rozmery (\u0160xHxV):<\/b>\u00a0135x80x74 cm,<\/li>\n<li><b>Rozmery (\u0160xHxV):<\/b>\u00a0110x70x74 cm<\/li>\n<li>Dod\u00e1van\u00e9 v demonte<\/li>\n<\/ul>\n","protected":false},"excerpt":{"rendered":"<p>Jednoduch\u00fd a z\u00e1rove\u0148 elegantn\u00fd st\u00f4l. Materi\u00e1l:\u00a0MDF dyhovan\u00e1 Farba:\u00a0biela Rozmery (\u0160xHxV):\u00a0135x80x74 cm, Rozmery (\u0160xHxV):\u00a0110x70x74 cm Dod\u00e1van\u00e9 v demonte<\/p>\n","protected":false},"featured_media":9419,"comment_status":"closed","ping_status":"closed","template":"","meta":{"_seopress_robots_primary_cat":"244","_seopress_titles_title":"","_seopress_titles_desc":"","_seopress_robots_index":""},"product_brand":[],"product_cat":[244],"product_tag":[],"class_list":{"0":"post-9418","1":"product","2":"type-product","3":"status-publish","4":"has-post-thumbnail","6":"product_cat-drevene-stoly","8":"first","9":"onbackorder","10":"shipping-taxable","11":"purchasable","12":"product-type-variable"},"_links":{"self":[{"href":"https:\/\/nabytoklaguna.sk\/sk\/wp-json\/wp\/v2\/product\/9418","targetHints":{"allow":["GET"]}}],"collection":[{"href":"https:\/\/nabytoklaguna.sk\/sk\/wp-json\/wp\/v2\/product"}],"about":[{"href":"https:\/\/nabytoklaguna.sk\/sk\/wp-json\/wp\/v2\/types\/product"}],"replies":[{"embeddable":true,"href":"https:\/\/nabytoklaguna.sk\/sk\/wp-json\/wp\/v2\/comments?post=9418"}],"wp:featuredmedia":[{"embeddable":true,"href":"https:\/\/nabytoklaguna.sk\/sk\/wp-json\/wp\/v2\/media\/9419"}],"wp:attachment":[{"href":"https:\/\/nabytoklaguna.sk\/sk\/wp-json\/wp\/v2\/media?parent=9418"}],"wp:term":[{"taxonomy":"product_brand","embeddable":true,"href":"https:\/\/nabytoklaguna.sk\/sk\/wp-json\/wp\/v2\/product_brand?post=9418"},{"taxonomy":"product_cat","embeddable":true,"href":"https:\/\/nabytoklaguna.sk\/sk\/wp-json\/wp\/v2\/product_cat?post=9418"},{"taxonomy":"product_tag","embeddable":true,"href":"https:\/\/nabytoklaguna.sk\/sk\/wp-json\/wp\/v2\/product_tag?post=9418"}],"curies":[{"name":"wp","href":"https:\/\/api.w.org\/{rel}","templated":true}]}}