{"id":94286,"date":"2021-03-01T12:22:48","date_gmt":"2021-03-01T11:22:48","guid":{"rendered":"https:\/\/nabytoklaguna.sk\/sk\/?post_type=product&#038;p=94286"},"modified":"2024-04-16T11:50:05","modified_gmt":"2024-04-16T09:50:05","slug":"tempo-kondela-vivat","status":"publish","type":"product","link":"https:\/\/nabytoklaguna.sk\/sk\/produkt\/tempo-kondela-vivat\/","title":{"rendered":"TK VIVAT"},"content":{"rendered":"<p>Botn\u00edk\u00a0VIVAT\u00a0 je vyroben\u00fd z kvalitnej laminovanej DTD a \u013eahko zapadne do ka\u017edej modernej \u010di tradi\u010dnej predsiene\u00a0je\u00a0dvojradov\u00fd s jedn\u00fdm \u0161upl\u00edkom.\u00a0Biela\u00a0kr\u00e1sne dop\u013a\u0148a odtie\u0148 dreva\u00a0dub sonoma. Do botn\u00edka m\u00f4\u017eete jednoducho ulo\u017ei\u0165 ve\u013ek\u00e9 i mal\u00e9 top\u00e1nky, a t\u00fdm si urobi\u0165 priestor pri vstupe do dom\u00e1cnosti. Jednoduch\u00fd dizajn\u00a0skr\u00fdva v sebe praktickos\u0165 a funk\u010dnos\u0165.<\/p>\n<div class=\"text\">\n<ul>\n<li><b>Materi\u00e1l:<\/b>\u00a0DTD laminovan\u00e1<\/li>\n<li><b>Farba:<\/b>\u00a0dub sonoma\/biela<\/li>\n<li><b>Rozmery (\u0160xHxV)<\/b><\/li>\n<li>TYP 1-50x28x92cm<\/li>\n<li>TYP 4-174x35x85cm<\/li>\n<li><b>Hr\u00fabka materi\u00e1lu:<\/b>\u00a016 mm<\/li>\n<li>Dod\u00e1van\u00e9 v demonte<\/li>\n<\/ul>\n<\/div>\n","protected":false},"excerpt":{"rendered":"<p>Botn\u00edk\u00a0VIVAT\u00a0 je vyroben\u00fd z kvalitnej laminovanej DTD a \u013eahko zapadne do ka\u017edej modernej \u010di tradi\u010dnej predsiene\u00a0je\u00a0dvojradov\u00fd s jedn\u00fdm \u0161upl\u00edkom.\u00a0Biela\u00a0kr\u00e1sne dop\u013a\u0148a odtie\u0148 dreva\u00a0dub sonoma. Do botn\u00edka m\u00f4\u017eete jednoducho ulo\u017ei\u0165 ve\u013ek\u00e9 i mal\u00e9 top\u00e1nky, a t\u00fdm si urobi\u0165 priestor pri vstupe do dom\u00e1cnosti. Jednoduch\u00fd dizajn\u00a0skr\u00fdva v sebe praktickos\u0165 a funk\u010dnos\u0165. Materi\u00e1l:\u00a0DTD laminovan\u00e1 Farba:\u00a0dub sonoma\/biela Rozmery (\u0160xHxV) TYP&#8230;<\/p>\n","protected":false},"featured_media":107625,"comment_status":"closed","ping_status":"closed","template":"","meta":{"_seopress_robots_primary_cat":"none","_seopress_titles_title":"","_seopress_titles_desc":"","_seopress_robots_index":""},"product_brand":[],"product_cat":[2139,252,257],"product_tag":[],"class_list":{"0":"post-94286","1":"product","2":"type-product","3":"status-publish","4":"has-post-thumbnail","6":"product_cat-predsiene-predsiene","7":"product_cat-botniky","8":"product_cat-predsiene","9":"pa_typ-produktu-typ-1","10":"pa_typ-produktu-typ-2","11":"pa_typ-produktu-typ-3","12":"pa_typ-produktu-typ-4","14":"first","15":"onbackorder","16":"shipping-taxable","17":"purchasable","18":"product-type-variable"},"_links":{"self":[{"href":"https:\/\/nabytoklaguna.sk\/sk\/wp-json\/wp\/v2\/product\/94286","targetHints":{"allow":["GET"]}}],"collection":[{"href":"https:\/\/nabytoklaguna.sk\/sk\/wp-json\/wp\/v2\/product"}],"about":[{"href":"https:\/\/nabytoklaguna.sk\/sk\/wp-json\/wp\/v2\/types\/product"}],"replies":[{"embeddable":true,"href":"https:\/\/nabytoklaguna.sk\/sk\/wp-json\/wp\/v2\/comments?post=94286"}],"wp:featuredmedia":[{"embeddable":true,"href":"https:\/\/nabytoklaguna.sk\/sk\/wp-json\/wp\/v2\/media\/107625"}],"wp:attachment":[{"href":"https:\/\/nabytoklaguna.sk\/sk\/wp-json\/wp\/v2\/media?parent=94286"}],"wp:term":[{"taxonomy":"product_brand","embeddable":true,"href":"https:\/\/nabytoklaguna.sk\/sk\/wp-json\/wp\/v2\/product_brand?post=94286"},{"taxonomy":"product_cat","embeddable":true,"href":"https:\/\/nabytoklaguna.sk\/sk\/wp-json\/wp\/v2\/product_cat?post=94286"},{"taxonomy":"product_tag","embeddable":true,"href":"https:\/\/nabytoklaguna.sk\/sk\/wp-json\/wp\/v2\/product_tag?post=94286"}],"curies":[{"name":"wp","href":"https:\/\/api.w.org\/{rel}","templated":true}]}}