{"id":94308,"date":"2021-03-01T14:15:57","date_gmt":"2021-03-01T13:15:57","guid":{"rendered":"https:\/\/nabytoklaguna.sk\/sk\/?post_type=product&#038;p=94308"},"modified":"2023-01-11T10:51:10","modified_gmt":"2023-01-11T09:51:10","slug":"tempo-kondela-seber","status":"publish","type":"product","link":"https:\/\/nabytoklaguna.sk\/sk\/produkt\/tempo-kondela-seber\/","title":{"rendered":"TK SEBER"},"content":{"rendered":"<p>Botn\u00edk je neoddelite\u013enou s\u00fa\u010das\u0165ou ka\u017edej predsiene.\u00a0 Modern\u00e9 skrinky SEBER V\u00e1m poskytn\u00fa dostatok \u00falo\u017en\u00e9ho priestoru. Skrinky s\u00fa vyroben\u00e9 z kvalitnej DTD v kombin\u00e1cii s MDF v nestarn\u00facom bielom preveden\u00ed. Na prv\u00fd poh\u013ead V\u00e1m neunikn\u00fa v\u00fdrazn\u00e9 \u00fachytky.\u00a0 Skrinky SEBER V\u00e1s nikdy neomrzia<\/p>\n<p>&nbsp;<\/p>\n<div class=\"text\">\n<ul>\n<li><b>Materi\u00e1l<\/b>: MDF\/drevotrieska<\/li>\n<li><b>Farba<\/b>: biela<\/li>\n<li><b>Rozmery (\u0160xHxV)<\/b>:<\/li>\n<li>TYP 1 &#8211; 53,5x24x82,5 cm<\/li>\n<li>TYP 2 &#8211; 53,2x24x117 cm<\/li>\n<li>TYP 3 &#8211; 53,5x24x152 cm<\/li>\n<li>TYP 4 &#8211; 104x24x47,5 cm<\/li>\n<li>TYP 5 &#8211; 105x24x82,5 cm<\/li>\n<li>Dod\u00e1van\u00e9 v demonte<\/li>\n<\/ul>\n<\/div>\n","protected":false},"excerpt":{"rendered":"<p>Botn\u00edk je neoddelite\u013enou s\u00fa\u010das\u0165ou ka\u017edej predsiene.\u00a0 Modern\u00e9 skrinky SEBER V\u00e1m poskytn\u00fa dostatok \u00falo\u017en\u00e9ho priestoru. Skrinky s\u00fa vyroben\u00e9 z kvalitnej DTD v kombin\u00e1cii s MDF v nestarn\u00facom bielom preveden\u00ed. Na prv\u00fd poh\u013ead V\u00e1m neunikn\u00fa v\u00fdrazn\u00e9 \u00fachytky.\u00a0 Skrinky SEBER V\u00e1s nikdy neomrzia &nbsp; Materi\u00e1l: MDF\/drevotrieska Farba: biela Rozmery (\u0160xHxV): TYP 1 &#8211; 53,5x24x82,5 cm TYP 2 &#8211;&#8230;<\/p>\n","protected":false},"featured_media":94312,"comment_status":"closed","ping_status":"closed","template":"","meta":{"_seopress_robots_primary_cat":"none","_seopress_titles_title":"","_seopress_titles_desc":"","_seopress_robots_index":""},"product_brand":[],"product_cat":[2139,252,257],"product_tag":[],"class_list":{"0":"post-94308","1":"product","2":"type-product","3":"status-publish","4":"has-post-thumbnail","6":"product_cat-predsiene-predsiene","7":"product_cat-botniky","8":"product_cat-predsiene","9":"pa_typ-produktu-typ-1","10":"pa_typ-produktu-typ-2","11":"pa_typ-produktu-typ-3","12":"pa_typ-produktu-typ-4","13":"pa_typ-produktu-typ-5","15":"first","16":"onbackorder","17":"shipping-taxable","18":"purchasable","19":"product-type-variable"},"_links":{"self":[{"href":"https:\/\/nabytoklaguna.sk\/sk\/wp-json\/wp\/v2\/product\/94308","targetHints":{"allow":["GET"]}}],"collection":[{"href":"https:\/\/nabytoklaguna.sk\/sk\/wp-json\/wp\/v2\/product"}],"about":[{"href":"https:\/\/nabytoklaguna.sk\/sk\/wp-json\/wp\/v2\/types\/product"}],"replies":[{"embeddable":true,"href":"https:\/\/nabytoklaguna.sk\/sk\/wp-json\/wp\/v2\/comments?post=94308"}],"wp:featuredmedia":[{"embeddable":true,"href":"https:\/\/nabytoklaguna.sk\/sk\/wp-json\/wp\/v2\/media\/94312"}],"wp:attachment":[{"href":"https:\/\/nabytoklaguna.sk\/sk\/wp-json\/wp\/v2\/media?parent=94308"}],"wp:term":[{"taxonomy":"product_brand","embeddable":true,"href":"https:\/\/nabytoklaguna.sk\/sk\/wp-json\/wp\/v2\/product_brand?post=94308"},{"taxonomy":"product_cat","embeddable":true,"href":"https:\/\/nabytoklaguna.sk\/sk\/wp-json\/wp\/v2\/product_cat?post=94308"},{"taxonomy":"product_tag","embeddable":true,"href":"https:\/\/nabytoklaguna.sk\/sk\/wp-json\/wp\/v2\/product_tag?post=94308"}],"curies":[{"name":"wp","href":"https:\/\/api.w.org\/{rel}","templated":true}]}}