{"id":94358,"date":"2021-03-01T15:55:02","date_gmt":"2021-03-01T14:55:02","guid":{"rendered":"https:\/\/nabytoklaguna.sk\/sk\/?post_type=product&#038;p=94358"},"modified":"2024-04-16T11:35:08","modified_gmt":"2024-04-16T09:35:08","slug":"tempo-kondela-nuget","status":"publish","type":"product","link":"https:\/\/nabytoklaguna.sk\/sk\/produkt\/tempo-kondela-nuget\/","title":{"rendered":"TK NUGET"},"content":{"rendered":"<p>Predsie\u0148 je prv\u00e9 miesto, ktor\u00e9 vid\u00edme hne\u010f po pr\u00edchode domov. Je to prv\u00e1 miestnos\u0165 v ktorej v\u00edtame na\u0161\u00edch zn\u00e1mych a preto tam chceme ma\u0165 v\u017edy poriadok. A k tomu n\u00e1m pom\u00f4\u017ee aj botn\u00edk NUGET. Je to \u0161ikovn\u00fd a praktick\u00fd pomocn\u00edk vhodn\u00fd do modernej \u010di tradi\u010dnej dom\u00e1cnosti. Vyroben\u00fd je z mas\u00edvneho borovicov\u00e9ho dreva v kombin\u00e1cii z MDF. Farebn\u00e1 kombin\u00e1cia biela s pr\u00edrodnou p\u00f4sob\u00ed dokonalo<\/p>\n<p>VLASTNOSTI<\/p>\n<div class=\"text\">\n<ul>\n<li><b>Materi\u00e1l:<\/b>\u00a0MDF\/borovicov\u00e9 drevo<\/li>\n<li><b>Farba:<\/b>\u00a0biela\/pr\u00edrodn\u00e1<\/li>\n<li><b>Rozmery (\u0160xHxV):<\/b><\/li>\n<li>TYP 1 &#8211; 60x29x83,5 cm<\/li>\n<li>TYP 2 &#8211; 60x29x101cm<\/li>\n<li>policov\u00fd<\/li>\n<li>So \u0161upl\u00edkom<\/li>\n<li>Vhodn\u00fd do interi\u00e9ru<\/li>\n<li>Dod\u00e1van\u00e9 v demonte<\/li>\n<\/ul>\n<\/div>\n","protected":false},"excerpt":{"rendered":"<p>Predsie\u0148 je prv\u00e9 miesto, ktor\u00e9 vid\u00edme hne\u010f po pr\u00edchode domov. Je to prv\u00e1 miestnos\u0165 v ktorej v\u00edtame na\u0161\u00edch zn\u00e1mych a preto tam chceme ma\u0165 v\u017edy poriadok. A k tomu n\u00e1m pom\u00f4\u017ee aj botn\u00edk NUGET. Je to \u0161ikovn\u00fd a praktick\u00fd pomocn\u00edk vhodn\u00fd do modernej \u010di tradi\u010dnej dom\u00e1cnosti. Vyroben\u00fd je z mas\u00edvneho borovicov\u00e9ho dreva v kombin\u00e1cii z&#8230;<\/p>\n","protected":false},"featured_media":94360,"comment_status":"closed","ping_status":"closed","template":"","meta":{"_seopress_robots_primary_cat":"none","_seopress_titles_title":"","_seopress_titles_desc":"","_seopress_robots_index":""},"product_brand":[],"product_cat":[2139,252,257],"product_tag":[],"class_list":{"0":"post-94358","1":"product","2":"type-product","3":"status-publish","4":"has-post-thumbnail","6":"product_cat-predsiene-predsiene","7":"product_cat-botniky","8":"product_cat-predsiene","9":"pa_typ-produktu-typ-1","10":"pa_typ-produktu-typ-2","12":"first","13":"onbackorder","14":"shipping-taxable","15":"purchasable","16":"product-type-variable"},"_links":{"self":[{"href":"https:\/\/nabytoklaguna.sk\/sk\/wp-json\/wp\/v2\/product\/94358","targetHints":{"allow":["GET"]}}],"collection":[{"href":"https:\/\/nabytoklaguna.sk\/sk\/wp-json\/wp\/v2\/product"}],"about":[{"href":"https:\/\/nabytoklaguna.sk\/sk\/wp-json\/wp\/v2\/types\/product"}],"replies":[{"embeddable":true,"href":"https:\/\/nabytoklaguna.sk\/sk\/wp-json\/wp\/v2\/comments?post=94358"}],"wp:featuredmedia":[{"embeddable":true,"href":"https:\/\/nabytoklaguna.sk\/sk\/wp-json\/wp\/v2\/media\/94360"}],"wp:attachment":[{"href":"https:\/\/nabytoklaguna.sk\/sk\/wp-json\/wp\/v2\/media?parent=94358"}],"wp:term":[{"taxonomy":"product_brand","embeddable":true,"href":"https:\/\/nabytoklaguna.sk\/sk\/wp-json\/wp\/v2\/product_brand?post=94358"},{"taxonomy":"product_cat","embeddable":true,"href":"https:\/\/nabytoklaguna.sk\/sk\/wp-json\/wp\/v2\/product_cat?post=94358"},{"taxonomy":"product_tag","embeddable":true,"href":"https:\/\/nabytoklaguna.sk\/sk\/wp-json\/wp\/v2\/product_tag?post=94358"}],"curies":[{"name":"wp","href":"https:\/\/api.w.org\/{rel}","templated":true}]}}