{"id":94503,"date":"2021-03-03T14:12:41","date_gmt":"2021-03-03T13:12:41","guid":{"rendered":"https:\/\/nabytoklaguna.sk\/sk\/?post_type=product&#038;p=94503"},"modified":"2025-09-02T12:09:50","modified_gmt":"2025-09-02T10:09:50","slug":"ner-york-predsien","status":"publish","type":"product","link":"https:\/\/nabytoklaguna.sk\/sk\/produkt\/ner-york-predsien\/","title":{"rendered":"N YORK predsie\u0148"},"content":{"rendered":"<p>Kvalitn\u00e1 predsie\u0148 YORK V\u00e1s dostane na prv\u00fd poh\u013ead. Je kvalitne spracovan\u00e1, neprehliadnete zauj\u00edmavo fr\u00e9zovan\u00e9 \u00fachytky. Prevedenie dub grandson\/grafit zapadne do modernej \u010di tradi\u010dnej dom\u00e1cnosti. Vyroben\u00e1 je z kvalitnej laminovanej DTD, dvierka z MDF. Skr\u00e1\u0161lite svoju dom\u00e1cnos\u0165 t\u00fdmto kr\u00e1snym sektorom<\/p>\n<p>Rozmery jednotliv\u00fdch komponentov(\u0160xHxV)<\/p>\n<p>Komoda\u00a0 2D2S YORK Y2&#8230;.93&#215;39,5&#215;85 cm<br \/>\nReg\u00e1l 2D YORK Y 11&#8230;&#8230;58x37x193,5cm<br \/>\nVe\u0161iak YORK Y13&#8230;&#8230;&#8230;77&#215;24,5&#215;101,5cm<br \/>\nBotn\u00edk 2D YORK Y12&#8230;&#8230;.777x37x43,5 cm<\/p>\n","protected":false},"excerpt":{"rendered":"<p>Kvalitn\u00e1 predsie\u0148 YORK V\u00e1s dostane na prv\u00fd poh\u013ead. Je kvalitne spracovan\u00e1, neprehliadnete zauj\u00edmavo fr\u00e9zovan\u00e9 \u00fachytky. Prevedenie dub grandson\/grafit zapadne do modernej \u010di tradi\u010dnej dom\u00e1cnosti. Vyroben\u00e1 je z kvalitnej laminovanej DTD, dvierka z MDF. Skr\u00e1\u0161lite svoju dom\u00e1cnos\u0165 t\u00fdmto kr\u00e1snym sektorom Rozmery jednotliv\u00fdch komponentov(\u0160xHxV) Komoda\u00a0 2D2S YORK Y2&#8230;.93&#215;39,5&#215;85 cm Reg\u00e1l 2D YORK Y 11&#8230;&#8230;58x37x193,5cm Ve\u0161iak YORK Y13&#8230;&#8230;&#8230;77&#215;24,5&#215;101,5cm&#8230;<\/p>\n","protected":false},"featured_media":94505,"comment_status":"closed","ping_status":"closed","template":"","meta":{"_seopress_robots_primary_cat":"none","_seopress_titles_title":"","_seopress_titles_desc":"","_seopress_robots_index":""},"product_brand":[],"product_cat":[2139,6943,257],"product_tag":[],"class_list":{"0":"post-94503","1":"product","2":"type-product","3":"status-publish","4":"has-post-thumbnail","6":"product_cat-predsiene-predsiene","7":"product_cat-predsiene-zostavy","8":"product_cat-predsiene","9":"pa_typ-produktu-botnik-y12","10":"pa_typ-produktu-komoda-y2","11":"pa_typ-produktu-regal-y11","12":"pa_typ-produktu-vesiak-y13","14":"first","15":"onbackorder","16":"shipping-taxable","17":"purchasable","18":"product-type-variable"},"_links":{"self":[{"href":"https:\/\/nabytoklaguna.sk\/sk\/wp-json\/wp\/v2\/product\/94503","targetHints":{"allow":["GET"]}}],"collection":[{"href":"https:\/\/nabytoklaguna.sk\/sk\/wp-json\/wp\/v2\/product"}],"about":[{"href":"https:\/\/nabytoklaguna.sk\/sk\/wp-json\/wp\/v2\/types\/product"}],"replies":[{"embeddable":true,"href":"https:\/\/nabytoklaguna.sk\/sk\/wp-json\/wp\/v2\/comments?post=94503"}],"wp:featuredmedia":[{"embeddable":true,"href":"https:\/\/nabytoklaguna.sk\/sk\/wp-json\/wp\/v2\/media\/94505"}],"wp:attachment":[{"href":"https:\/\/nabytoklaguna.sk\/sk\/wp-json\/wp\/v2\/media?parent=94503"}],"wp:term":[{"taxonomy":"product_brand","embeddable":true,"href":"https:\/\/nabytoklaguna.sk\/sk\/wp-json\/wp\/v2\/product_brand?post=94503"},{"taxonomy":"product_cat","embeddable":true,"href":"https:\/\/nabytoklaguna.sk\/sk\/wp-json\/wp\/v2\/product_cat?post=94503"},{"taxonomy":"product_tag","embeddable":true,"href":"https:\/\/nabytoklaguna.sk\/sk\/wp-json\/wp\/v2\/product_tag?post=94503"}],"curies":[{"name":"wp","href":"https:\/\/api.w.org\/{rel}","templated":true}]}}