{"id":94658,"date":"2021-03-05T11:55:53","date_gmt":"2021-03-05T10:55:53","guid":{"rendered":"https:\/\/nabytoklaguna.sk\/sk\/?post_type=product&#038;p=94658"},"modified":"2025-09-23T14:07:04","modified_gmt":"2025-09-23T12:07:04","slug":"k-komodo","status":"publish","type":"product","link":"https:\/\/nabytoklaguna.sk\/sk\/produkt\/k-komodo\/","title":{"rendered":"K KOMODO"},"content":{"rendered":"<p>Dizajnov\u00e9 kreslo<strong> KOMODO<\/strong> m\u00e1 v\u0161etky predpoklady na to, aby sa stalo Va\u0161im ob\u013e\u00faben\u00fdm k\u00faskom. Jeho m\u00e4kk\u00e9 a nad\u00fdchan\u00e9 \u010dal\u00fanenie zabezpe\u010d\u00ed maxim\u00e1lne pohodlie a komfort pri \u010d\u00edtan\u00ed knihy \u010di pozeran\u00ed ob\u013e\u00faben\u00e9ho seri\u00e1lu po \u0165a\u017ekom dni.\u00a0 V\u00fdhodou kresla <strong>KOMODO<\/strong> je nepochybne aj to, \u017ee je <b>oto\u010dn\u00e9<\/b>. O stabilitu sa staraj\u00fa <b>pevn\u00e9 kovov\u00e9 \u010dierne nohy<\/b>. Pohodlie a relax, presne to m\u00f4\u017eete o\u010dak\u00e1va\u0165 od kresla<strong> KOMODO<\/strong>.<\/p>\n<div class=\"text\">\n<ul>\n<li><b>Materi\u00e1l \u010dal\u00fanenia:<\/b> l\u00e1tka<\/li>\n<li><strong>Prevedenia: <\/strong>petrolejov\u00e1 l\u00e1tka, ru\u017eov\u00e1 Velvet l\u00e1tka, \u017elt\u00e1 l\u00e1tka, siv\u00e1 patchwork, siv\u00e1 l\u00e1tka, zelen\u00e1 l\u00e1tka, pist\u00e1ciov\u00e1, b\u00e9\u017eov\u00e1, modr\u00e1 Velvet, hned\u00e1 l\u00e1tka s efektom br\u00fasenej ko\u017ee<\/li>\n<li><b>Materi\u00e1l nohy:<\/b> kov<\/li>\n<li><b>Farba nohy:<\/b> \u010dierna<\/li>\n<li><b>Rozmery (\u0160xHxV):<\/b> 67x72x97 cm<\/li>\n<li><b>V\u00fd\u0161ka sedu:<\/b> 45 cm<\/li>\n<li><b>H\u013abka sedu:<\/b> 47 cm<\/li>\n<li><b>\u0160\u00edrka sedu:<\/b> 40 cm<\/li>\n<li><b>V\u00fd\u0161ka chrbtovej opierky:<\/b> 52 cm<\/li>\n<li><b>\u0160\u00edrka chrbtovej opierky:<\/b> 55 cm<\/li>\n<li>Nosnos\u0165: 120 kg<\/li>\n<li>Dizajnov\u00e9<\/li>\n<li>Oto\u010dn\u00e9<\/li>\n<li>Extra m\u00e4kk\u00e9 nad\u00fdchan\u00e9 \u010dal\u00fanenie<\/li>\n<li>Dod\u00e1van\u00e9 v demonte<\/li>\n<\/ul>\n<\/div>\n","protected":false},"excerpt":{"rendered":"<p>Dizajnov\u00e9 kreslo KOMODO m\u00e1 v\u0161etky predpoklady na to, aby sa stalo Va\u0161im ob\u013e\u00faben\u00fdm k\u00faskom. Jeho m\u00e4kk\u00e9 a nad\u00fdchan\u00e9 \u010dal\u00fanenie zabezpe\u010d\u00ed maxim\u00e1lne pohodlie a komfort pri \u010d\u00edtan\u00ed knihy \u010di pozeran\u00ed ob\u013e\u00faben\u00e9ho seri\u00e1lu po \u0165a\u017ekom dni.\u00a0 V\u00fdhodou kresla KOMODO je nepochybne aj to, \u017ee je oto\u010dn\u00e9. O stabilitu sa staraj\u00fa pevn\u00e9 kovov\u00e9 \u010dierne nohy. Pohodlie a relax,&#8230;<\/p>\n","protected":false},"featured_media":94673,"comment_status":"closed","ping_status":"closed","template":"","meta":{"_seopress_robots_primary_cat":"none","_seopress_titles_title":"","_seopress_titles_desc":"","_seopress_robots_index":""},"product_brand":[],"product_cat":[231],"product_tag":[],"class_list":{"0":"post-94658","1":"product","2":"type-product","3":"status-publish","4":"has-post-thumbnail","6":"product_cat-kresla","7":"pa_farba-modra-velvet","8":"pa_farba-pistaciova","9":"pa_farba-siva-patchwork","10":"pa_farba-bezova","11":"pa_farba-hneda","12":"pa_farba-petrolejova","13":"pa_farba-ruzova-velvet","14":"pa_farba-siva","15":"pa_farba-zelena","16":"pa_farba-zlta","18":"first","19":"onbackorder","20":"shipping-taxable","21":"purchasable","22":"product-type-variable"},"_links":{"self":[{"href":"https:\/\/nabytoklaguna.sk\/sk\/wp-json\/wp\/v2\/product\/94658","targetHints":{"allow":["GET"]}}],"collection":[{"href":"https:\/\/nabytoklaguna.sk\/sk\/wp-json\/wp\/v2\/product"}],"about":[{"href":"https:\/\/nabytoklaguna.sk\/sk\/wp-json\/wp\/v2\/types\/product"}],"replies":[{"embeddable":true,"href":"https:\/\/nabytoklaguna.sk\/sk\/wp-json\/wp\/v2\/comments?post=94658"}],"wp:featuredmedia":[{"embeddable":true,"href":"https:\/\/nabytoklaguna.sk\/sk\/wp-json\/wp\/v2\/media\/94673"}],"wp:attachment":[{"href":"https:\/\/nabytoklaguna.sk\/sk\/wp-json\/wp\/v2\/media?parent=94658"}],"wp:term":[{"taxonomy":"product_brand","embeddable":true,"href":"https:\/\/nabytoklaguna.sk\/sk\/wp-json\/wp\/v2\/product_brand?post=94658"},{"taxonomy":"product_cat","embeddable":true,"href":"https:\/\/nabytoklaguna.sk\/sk\/wp-json\/wp\/v2\/product_cat?post=94658"},{"taxonomy":"product_tag","embeddable":true,"href":"https:\/\/nabytoklaguna.sk\/sk\/wp-json\/wp\/v2\/product_tag?post=94658"}],"curies":[{"name":"wp","href":"https:\/\/api.w.org\/{rel}","templated":true}]}}