{"id":94880,"date":"2021-03-08T13:52:23","date_gmt":"2021-03-08T12:52:23","guid":{"rendered":"https:\/\/nabytoklaguna.sk\/sk\/?post_type=product&#038;p=94880"},"modified":"2026-01-13T13:54:15","modified_gmt":"2026-01-13T12:54:15","slug":"k-iklin","status":"publish","type":"product","link":"https:\/\/nabytoklaguna.sk\/sk\/produkt\/k-iklin\/","title":{"rendered":"K IKLIN"},"content":{"rendered":"<p>H\u013ead\u00e1te nie\u010do nov\u00e9 a zauj\u00edmav\u00e9?Pon\u00fakame V\u00e1m konferen\u010dn\u00fd stol\u00edky IKLIN. \u00da\u017easne <b>do seba zapadaj\u00face\u00a0<\/b>konferen\u010dn\u00e9 stol\u00edky jednoducho patria do modern\u00e9ho interi\u00e9ru. Tento \u0161ikovn\u00fd\u00a0<b>dizajnov\u00fd set,<\/b> pozost\u00e1vaj\u00faci z dvoch kusov okr\u00fahlych stol\u00edkov, ktor\u00e9 zaujm\u00fa hne\u010f na prv\u00fd poh\u013ead. Pevn\u00e1 <b>kon\u0161trukcia z kovu<\/b>\u00a0stabilne podporuje\u00a0<b>pl\u00e1ty z MDF. <\/b>Vyr\u00e1ba sa v ob\u013e\u00faben\u00fdch farebn\u00fdch kombin\u00e1ciach: dub+\u010dierny kov, bet\u00f3n+\u010dierny kov, biela+\u010dierny<\/p>\n<div class=\"text\">\n<ul>\n<li><b>Materi\u00e1l:<\/b>\u00a0MDF\/kov<\/li>\n<li><b>Farba:<\/b> biela\/\u010dierna, dub\/\u010dierna,bet\u00f3n\/\u010dierna<\/li>\n<li><b>V\u00e4\u010d\u0161\u00ed stol\u00edk (priemer x V):\u00a0<\/b>80&#215;45 cm<\/li>\n<li><b>Men\u0161\u00ed stol\u00edk (priemer x V):\u00a0<\/b>50&#215;40 cm<\/li>\n<li>Set dvoch stol\u00edkov<\/li>\n<li>Okr\u00fahle<\/li>\n<li>Modern\u00e9<\/li>\n<li>Dod\u00e1van\u00e9 v demonte<\/li>\n<\/ul>\n<\/div>\n","protected":false},"excerpt":{"rendered":"<p>H\u013ead\u00e1te nie\u010do nov\u00e9 a zauj\u00edmav\u00e9?Pon\u00fakame V\u00e1m konferen\u010dn\u00fd stol\u00edky IKLIN. \u00da\u017easne do seba zapadaj\u00face\u00a0konferen\u010dn\u00e9 stol\u00edky jednoducho patria do modern\u00e9ho interi\u00e9ru. Tento \u0161ikovn\u00fd\u00a0dizajnov\u00fd set, pozost\u00e1vaj\u00faci z dvoch kusov okr\u00fahlych stol\u00edkov, ktor\u00e9 zaujm\u00fa hne\u010f na prv\u00fd poh\u013ead. Pevn\u00e1 kon\u0161trukcia z kovu\u00a0stabilne podporuje\u00a0pl\u00e1ty z MDF. Vyr\u00e1ba sa v ob\u013e\u00faben\u00fdch farebn\u00fdch kombin\u00e1ciach: dub+\u010dierny kov, bet\u00f3n+\u010dierny kov, biela+\u010dierny Materi\u00e1l:\u00a0MDF\/kov Farba: biela\/\u010dierna,&#8230;<\/p>\n","protected":false},"featured_media":94882,"comment_status":"closed","ping_status":"closed","template":"","meta":{"_seopress_robots_primary_cat":"none","_seopress_titles_title":"","_seopress_titles_desc":"","_seopress_robots_index":""},"product_brand":[],"product_cat":[221],"product_tag":[],"class_list":{"0":"post-94880","1":"product","2":"type-product","3":"status-publish","4":"has-post-thumbnail","6":"product_cat-konferencne-stoliky","7":"pa_farba-betoncierna","8":"pa_farba-bielacierna-3","9":"pa_farba-dubcierna","11":"first","12":"onbackorder","13":"shipping-taxable","14":"purchasable","15":"product-type-variable"},"_links":{"self":[{"href":"https:\/\/nabytoklaguna.sk\/sk\/wp-json\/wp\/v2\/product\/94880","targetHints":{"allow":["GET"]}}],"collection":[{"href":"https:\/\/nabytoklaguna.sk\/sk\/wp-json\/wp\/v2\/product"}],"about":[{"href":"https:\/\/nabytoklaguna.sk\/sk\/wp-json\/wp\/v2\/types\/product"}],"replies":[{"embeddable":true,"href":"https:\/\/nabytoklaguna.sk\/sk\/wp-json\/wp\/v2\/comments?post=94880"}],"wp:featuredmedia":[{"embeddable":true,"href":"https:\/\/nabytoklaguna.sk\/sk\/wp-json\/wp\/v2\/media\/94882"}],"wp:attachment":[{"href":"https:\/\/nabytoklaguna.sk\/sk\/wp-json\/wp\/v2\/media?parent=94880"}],"wp:term":[{"taxonomy":"product_brand","embeddable":true,"href":"https:\/\/nabytoklaguna.sk\/sk\/wp-json\/wp\/v2\/product_brand?post=94880"},{"taxonomy":"product_cat","embeddable":true,"href":"https:\/\/nabytoklaguna.sk\/sk\/wp-json\/wp\/v2\/product_cat?post=94880"},{"taxonomy":"product_tag","embeddable":true,"href":"https:\/\/nabytoklaguna.sk\/sk\/wp-json\/wp\/v2\/product_tag?post=94880"}],"curies":[{"name":"wp","href":"https:\/\/api.w.org\/{rel}","templated":true}]}}