{"id":95028,"date":"2021-03-09T15:41:26","date_gmt":"2021-03-09T14:41:26","guid":{"rendered":"https:\/\/nabytoklaguna.sk\/sk\/?post_type=product&#038;p=95028"},"modified":"2026-01-15T00:56:35","modified_gmt":"2026-01-14T23:56:35","slug":"tv-1171","status":"publish","type":"product","link":"https:\/\/nabytoklaguna.sk\/sk\/produkt\/tv-1171\/","title":{"rendered":"TV-1171"},"content":{"rendered":"<p>Elegantn\u00e9, ve\u013emi pohodln\u00e9, polohovate\u013en\u00e9 relaxa\u010dn\u00e9 kreslo z kolekcie Comfort Artium. Kostra z mas\u00edvneho dreva, boky s\u00fa z topo\u013eovej preglejky. Mechanick\u00e1 kon\u0161trukcia je kovov\u00e1, lakovan\u00e1 \u010diernym pr\u00e1\u0161kov\u00fdm lakom. V\u00fdpl\u0148 z PU peny 28D na sed\u00e1ku. Ten je navy\u0161e spevnen\u00fd a zosilnen\u00fd vreckov\u00fdmi oce\u013eov\u00fdmi pru\u017einami a polyesterov\u00fdm vl\u00e1knom Dacron. Operadlo je vyplnen\u00e9 dut\u00fdm br\u00f3mbutylov\u00fdm vl\u00e1knom, opierky 24D PU penou. To v\u0161etko zaru\u010duje skvel\u00e9 pohodlie a maxim\u00e1lnu relax\u00e1ciu. Dva integrovan\u00e9 motory a \u0161tvortla\u010didlov\u00e9 k\u00e1blov\u00e9 ovl\u00e1danie pom\u00e1haj\u00fa nielen pri vst\u00e1van\u00ed, ale aj nastaven\u00ed v\u0161etk\u00fdch relaxa\u010dn\u00fdch pol\u00f4h jednotlivo. Ovl\u00e1da\u010d je umiestnen\u00fd v praktickom a ve\u013ekom vrecku na pravej strane kresla. \u00dapln\u00fd rozklad zvl\u00e1dne neza\u0165a\u017een\u00e9 kreslo za 15 sek\u00fand, polohu Relax I (zv\u00fd\u0161en\u00e1 podno\u017eka) za 9 sek\u00fand, \u00fapln\u00fd v\u00fdklop za 18 sek\u00fand. V\u00fd\u0161ka pohodln\u00fdch podr\u00fa\u010dok je 64 cm, \u0161\u00edrka 13 cm a svetl\u00e1 v\u00fd\u0161ka kresla je 6 cm.\u00a0\u00a0Kreslo sa d\u00e1 rozlo\u017ei\u0165 na plochu l\u00f4\u017eka takmer 180 stup\u0148ov a ve\u013ekosti 178 x 50 cm.<\/p>\n<table style=\"width: 100%; height: 2203px;\">\n<tbody>\n<tr style=\"height: 50px;\">\n<td class=\"popis\" style=\"height: 50px;\">Nosnos\u0165 (kg):<\/td>\n<td style=\"height: 50px;\">140<\/td>\n<\/tr>\n<tr style=\"height: 50px;\">\n<td class=\"popis\" style=\"height: 50px;\">\u0160t\u00fdl:<\/td>\n<td style=\"height: 50px;\">modern\u00fd<\/td>\n<\/tr>\n<tr style=\"height: 74px;\">\n<td class=\"popis\" style=\"height: 74px;\">Karton1:<\/td>\n<td style=\"height: 74px;\">52,5<br \/>\n78x77x67,5<\/td>\n<\/tr>\n<tr style=\"height: 98px;\">\n<td class=\"popis\" style=\"height: 98px;\">V\u00fd\u0161ka (cm):<\/td>\n<td style=\"height: 98px;\">114<br \/>\npri rozklade &#8211; 72 cm<br \/>\npri v\u00fdklope &#8211; 149 cm<\/td>\n<\/tr>\n<tr style=\"height: 50px;\">\n<td class=\"popis\" style=\"height: 50px;\">\u0160\u00edrka (cm):<\/td>\n<td style=\"height: 50px;\">78<\/td>\n<\/tr>\n<tr style=\"height: 98px;\">\n<td class=\"popis\" style=\"height: 98px;\">H\u013abka (cm):<\/td>\n<td style=\"height: 98px;\">90<br \/>\npri rozklade &#8211; 129 &#8211; 178 cm<br \/>\npri v\u00fdklope &#8211; 94 cm<\/td>\n<\/tr>\n<tr style=\"height: 50px;\">\n<td class=\"popis\" style=\"height: 50px;\">Volite\u013en\u00fd po\u0165ah:<\/td>\n<td style=\"height: 50px;\">nie<\/td>\n<\/tr>\n<tr style=\"height: 50px;\">\n<td class=\"popis\" style=\"height: 50px;\">V\u00fd\u0161ka sedu:<\/td>\n<td style=\"height: 50px;\">50 cm<\/td>\n<\/tr>\n<tr style=\"height: 50px;\">\n<td class=\"popis\" style=\"height: 50px;\">\u0160\u00edrka sedu:<\/td>\n<td style=\"height: 50px;\">50 cm<\/td>\n<\/tr>\n<tr style=\"height: 50px;\">\n<td class=\"popis\" style=\"height: 50px;\">H\u013abka sedu:<\/td>\n<td style=\"height: 50px;\">48 cm<\/td>\n<\/tr>\n<tr style=\"height: 50px;\">\n<td class=\"popis\" style=\"height: 50px;\">Po\u010det balen\u00ed:<\/td>\n<td style=\"height: 50px;\">1<\/td>\n<\/tr>\n<tr style=\"height: 98px;\">\n<td class=\"popis\" style=\"height: 98px;\">Motor:<\/td>\n<td style=\"height: 98px;\">240 V \/ 29 V<br \/>\n2x<br \/>\n58 W<\/td>\n<\/tr>\n<tr style=\"height: 74px;\">\n<td class=\"popis\" style=\"height: 74px;\">Ovl\u00e1danie:<\/td>\n<td style=\"height: 74px;\">elektrick\u00e9 kabelov\u00e9<br \/>\novl\u00e1da\u010d 4 tla\u010d\u00edtka<\/td>\n<\/tr>\n<tr style=\"height: 50px;\">\n<td class=\"popis\" style=\"height: 50px;\">Demontovan\u00e9:<\/td>\n<td style=\"height: 50px;\">\u00e1no<\/td>\n<\/tr>\n<tr style=\"height: 98px;\">\n<td class=\"popis\" style=\"height: 98px;\">Rychlos\u0165 rozlo\u017eenia:<\/td>\n<td style=\"height: 98px;\">poloha Ralax I &#8211; 9 s<br \/>\npoloha Relax II &#8211; 15 s<br \/>\npoloha V\u00fdklop &#8211; 18 s<\/td>\n<\/tr>\n<tr style=\"height: 74px;\">\n<td class=\"popis\" style=\"height: 74px;\">Opierky:<\/td>\n<td style=\"height: 74px;\">\u0161\u00edrka &#8211; 13 cm<br \/>\nv\u00fd\u0161ka &#8211; 64 cm<\/td>\n<\/tr>\n<tr style=\"height: 50px;\">\n<td class=\"popis\" style=\"height: 50px;\">Svetl\u00e1 v\u00fd\u0161ka kresla:<\/td>\n<td style=\"height: 50px;\">6 cm<\/td>\n<\/tr>\n<tr style=\"height: 74px;\">\n<td class=\"popis\" style=\"height: 74px;\">Materi\u00e1l nohou:<\/td>\n<td style=\"height: 74px;\">\u010dierne plastov\u00e9 klz\u00e1ky<br \/>\nkov<\/td>\n<\/tr>\n<tr style=\"height: 50px;\">\n<td class=\"popis\" style=\"height: 50px;\">Rozmer nohy:<\/td>\n<td style=\"height: 50px;\">3&#215;3 cm<\/td>\n<\/tr>\n<tr style=\"height: 50px;\">\n<td class=\"popis\" style=\"height: 50px;\">Prierez nohy kon\u0161trukcie:<\/td>\n<td style=\"height: 50px;\">\u0161tvorcov\u00fd<\/td>\n<\/tr>\n<tr style=\"height: 50px;\">\n<td class=\"popis\" style=\"height: 50px;\">Barva nohou:<\/td>\n<td style=\"height: 50px;\">\u010dierny pr\u00e1\u0161kov\u00fd n\u00e1strek<\/td>\n<\/tr>\n<tr style=\"height: 98px;\">\n<td class=\"popis\" style=\"height: 98px;\">Hustota v\u00fdplne:<\/td>\n<td style=\"height: 98px;\">oper\u00e1k &#8211; dut\u00e9 silikonizovan\u00e9 polyesterov\u00e9 vl\u00e1kno<br \/>\nopierky &#8211; 24 kg\/m3<br \/>\nsed\u00e1k &#8211; 28 kg\/m3<\/td>\n<\/tr>\n<tr style=\"height: 50px;\">\n<td class=\"popis\" style=\"height: 50px;\">Materi\u00e1l po\u0165ahu:<\/td>\n<td style=\"height: 50px;\">l\u00e1tka<\/td>\n<\/tr>\n<tr style=\"height: 50px;\">\n<td class=\"popis\" style=\"height: 50px;\">Martindale:<\/td>\n<td style=\"height: 50px;\">25 000 ot.<\/td>\n<\/tr>\n<tr style=\"height: 50px;\">\n<td class=\"popis\" style=\"height: 50px;\">Zlo\u017eenie po\u0165ahu:<\/td>\n<td style=\"height: 50px;\">100% polyester<\/td>\n<\/tr>\n<tr style=\"height: 98px;\">\n<td class=\"popis\" style=\"height: 98px;\">Materi\u00e1l kostry:<\/td>\n<td style=\"height: 98px;\">kovov\u00e1 mechanick\u00e1 kon\u0161trukcia<br \/>\nmas\u00edvne drevo<br \/>\ntopo\u013eov\u00e1 vl\u00e1knit\u00e1 doska<\/td>\n<\/tr>\n<tr style=\"height: 74px;\">\n<td class=\"popis\" style=\"height: 74px;\">Farba kostry:<\/td>\n<td style=\"height: 74px;\">\u010dierny pr\u00e1\u0161kov\u00fd n\u00e1strek<br \/>\npr\u00edrodn\u00fd<\/td>\n<\/tr>\n<tr style=\"height: 50px;\">\n<td class=\"popis\" style=\"height: 50px;\">Farba potahu:<\/td>\n<td style=\"height: 50px;\">cappuccino alebo siv\u00e1<\/td>\n<\/tr>\n<tr style=\"height: 50px;\">\n<td class=\"popis\" style=\"height: 50px;\">Materi\u00e1l v\u00fdplne:<\/td>\n<td style=\"height: 50px;\">PU pena<\/td>\n<\/tr>\n<tr style=\"height: 50px;\">\n<td class=\"popis\" style=\"height: 50px;\">Modelov\u00e1 rada:<\/td>\n<td style=\"height: 50px;\">Comfort Artium<\/td>\n<\/tr>\n<tr style=\"height: 74px;\">\n<td class=\"popis\" style=\"height: 74px;\">Plocha a uhol l\u00f4\u017eka:<\/td>\n<td style=\"height: 74px;\">178&#215;50 cm<br \/>\n180\u00b0<\/td>\n<\/tr>\n<tr style=\"height: 98px;\">\n<td class=\"popis\" style=\"height: 98px;\">Funkce 1:<\/td>\n<td style=\"height: 98px;\">Relax I<br \/>\nRelax II<br \/>\nV\u00fdklop<\/td>\n<\/tr>\n<tr style=\"height: 50px;\">\n<td class=\"popis\" style=\"height: 50px;\">V\u00fd\u0161kovo nastavite\u013en\u00e1:<\/td>\n<td style=\"height: 50px;\">nie<\/td>\n<\/tr>\n<tr style=\"height: 73px;\">\n<td class=\"popis\" style=\"height: 73px;\">V\u00fdztuhy sed\u00e1ku:<\/td>\n<td style=\"height: 73px;\">Dacron &#8211; polyesterov\u00e9 vl\u00e1kno<br \/>\nkapesn\u00ed pru\u017einy<\/td>\n<\/tr>\n<\/tbody>\n<\/table>\n","protected":false},"excerpt":{"rendered":"<p>Elegantn\u00e9, ve\u013emi pohodln\u00e9, polohovate\u013en\u00e9 relaxa\u010dn\u00e9 kreslo z kolekcie Comfort Artium. Kostra z mas\u00edvneho dreva, boky s\u00fa z topo\u013eovej preglejky. Mechanick\u00e1 kon\u0161trukcia je kovov\u00e1, lakovan\u00e1 \u010diernym pr\u00e1\u0161kov\u00fdm lakom. V\u00fdpl\u0148 z PU peny 28D na sed\u00e1ku. Ten je navy\u0161e spevnen\u00fd a zosilnen\u00fd vreckov\u00fdmi oce\u013eov\u00fdmi pru\u017einami a polyesterov\u00fdm vl\u00e1knom Dacron. Operadlo je vyplnen\u00e9 dut\u00fdm br\u00f3mbutylov\u00fdm vl\u00e1knom, opierky 24D&#8230;<\/p>\n","protected":false},"featured_media":95036,"comment_status":"closed","ping_status":"closed","template":"","meta":{"_seopress_robots_primary_cat":"none","_seopress_titles_title":"","_seopress_titles_desc":"","_seopress_robots_index":""},"product_brand":[],"product_cat":[231],"product_tag":[],"class_list":{"0":"post-95028","1":"product","2":"type-product","3":"status-publish","4":"has-post-thumbnail","6":"product_cat-kresla","7":"pa_farba-cappucino","8":"pa_farba-siva","10":"first","11":"onbackorder","12":"shipping-taxable","13":"purchasable","14":"product-type-variable"},"_links":{"self":[{"href":"https:\/\/nabytoklaguna.sk\/sk\/wp-json\/wp\/v2\/product\/95028","targetHints":{"allow":["GET"]}}],"collection":[{"href":"https:\/\/nabytoklaguna.sk\/sk\/wp-json\/wp\/v2\/product"}],"about":[{"href":"https:\/\/nabytoklaguna.sk\/sk\/wp-json\/wp\/v2\/types\/product"}],"replies":[{"embeddable":true,"href":"https:\/\/nabytoklaguna.sk\/sk\/wp-json\/wp\/v2\/comments?post=95028"}],"wp:featuredmedia":[{"embeddable":true,"href":"https:\/\/nabytoklaguna.sk\/sk\/wp-json\/wp\/v2\/media\/95036"}],"wp:attachment":[{"href":"https:\/\/nabytoklaguna.sk\/sk\/wp-json\/wp\/v2\/media?parent=95028"}],"wp:term":[{"taxonomy":"product_brand","embeddable":true,"href":"https:\/\/nabytoklaguna.sk\/sk\/wp-json\/wp\/v2\/product_brand?post=95028"},{"taxonomy":"product_cat","embeddable":true,"href":"https:\/\/nabytoklaguna.sk\/sk\/wp-json\/wp\/v2\/product_cat?post=95028"},{"taxonomy":"product_tag","embeddable":true,"href":"https:\/\/nabytoklaguna.sk\/sk\/wp-json\/wp\/v2\/product_tag?post=95028"}],"curies":[{"name":"wp","href":"https:\/\/api.w.org\/{rel}","templated":true}]}}