{"id":95101,"date":"2021-03-10T15:15:46","date_gmt":"2021-03-10T14:15:46","guid":{"rendered":"https:\/\/nabytoklaguna.sk\/sk\/?post_type=product&#038;p=95101"},"modified":"2025-12-10T11:27:58","modified_gmt":"2025-12-10T10:27:58","slug":"k-tarinio","status":"publish","type":"product","link":"https:\/\/nabytoklaguna.sk\/sk\/produkt\/k-tarinio\/","title":{"rendered":"K TARINIO"},"content":{"rendered":"<p>Potrebujete nov\u00fd jed\u00e1lensk\u00fd st\u00f4l, no ste obmedzen\u00fd priestorom? Pon\u00fakame V\u00e1m kr\u00e1sny a modern\u00fd TARINIO, ktor\u00fd je jednoduch\u00fd a vhodn\u00fd do men\u0161\u00edch priestorov. St\u00f4l je vyroben\u00fd z kvalitnej laminovanej DTD. Vyberte si farebn\u00e9 prevedenie, ktor\u00e9 V\u00e1m vyhovuje-biela alebo dub sonoma?<\/p>\n<ul>\n<li><b>Materi\u00e1l:\u00a0<\/b>DTD laminovan\u00e1<\/li>\n<li><b>Farba:\u00a0<\/b>biela, dub sonoma<\/li>\n<li><b>Rozmery (\u0160xHxV):<\/b>\u00a086x60x75 cm<\/li>\n<li><b>Hr\u00fabka materi\u00e1lu:<\/b>\u00a016 mm<\/li>\n<li><b>Kvalitn\u00fd slovensk\u00fd v\u00fdrobok<\/b><\/li>\n<li>Dod\u00e1van\u00e9 v demonte<\/li>\n<\/ul>\n","protected":false},"excerpt":{"rendered":"<p>Potrebujete nov\u00fd jed\u00e1lensk\u00fd st\u00f4l, no ste obmedzen\u00fd priestorom? Pon\u00fakame V\u00e1m kr\u00e1sny a modern\u00fd TARINIO, ktor\u00fd je jednoduch\u00fd a vhodn\u00fd do men\u0161\u00edch priestorov. St\u00f4l je vyroben\u00fd z kvalitnej laminovanej DTD. Vyberte si farebn\u00e9 prevedenie, ktor\u00e9 V\u00e1m vyhovuje-biela alebo dub sonoma? Materi\u00e1l:\u00a0DTD laminovan\u00e1 Farba:\u00a0biela, dub sonoma Rozmery (\u0160xHxV):\u00a086x60x75 cm Hr\u00fabka materi\u00e1lu:\u00a016 mm Kvalitn\u00fd slovensk\u00fd v\u00fdrobok Dod\u00e1van\u00e9 v&#8230;<\/p>\n","protected":false},"featured_media":95105,"comment_status":"closed","ping_status":"closed","template":"","meta":{"_seopress_robots_primary_cat":"none","_seopress_titles_title":"","_seopress_titles_desc":"","_seopress_robots_index":""},"product_brand":[],"product_cat":[4719,244,243],"product_tag":[],"class_list":{"0":"post-95101","1":"product","2":"type-product","3":"status-publish","4":"has-post-thumbnail","6":"product_cat-jedalenske-stoly","7":"product_cat-drevene-stoly","8":"product_cat-stoly","9":"pa_farba-biela","10":"pa_farba-dub-sonoma","12":"first","13":"onbackorder","14":"shipping-taxable","15":"purchasable","16":"product-type-variable"},"_links":{"self":[{"href":"https:\/\/nabytoklaguna.sk\/sk\/wp-json\/wp\/v2\/product\/95101","targetHints":{"allow":["GET"]}}],"collection":[{"href":"https:\/\/nabytoklaguna.sk\/sk\/wp-json\/wp\/v2\/product"}],"about":[{"href":"https:\/\/nabytoklaguna.sk\/sk\/wp-json\/wp\/v2\/types\/product"}],"replies":[{"embeddable":true,"href":"https:\/\/nabytoklaguna.sk\/sk\/wp-json\/wp\/v2\/comments?post=95101"}],"wp:featuredmedia":[{"embeddable":true,"href":"https:\/\/nabytoklaguna.sk\/sk\/wp-json\/wp\/v2\/media\/95105"}],"wp:attachment":[{"href":"https:\/\/nabytoklaguna.sk\/sk\/wp-json\/wp\/v2\/media?parent=95101"}],"wp:term":[{"taxonomy":"product_brand","embeddable":true,"href":"https:\/\/nabytoklaguna.sk\/sk\/wp-json\/wp\/v2\/product_brand?post=95101"},{"taxonomy":"product_cat","embeddable":true,"href":"https:\/\/nabytoklaguna.sk\/sk\/wp-json\/wp\/v2\/product_cat?post=95101"},{"taxonomy":"product_tag","embeddable":true,"href":"https:\/\/nabytoklaguna.sk\/sk\/wp-json\/wp\/v2\/product_tag?post=95101"}],"curies":[{"name":"wp","href":"https:\/\/api.w.org\/{rel}","templated":true}]}}