{"id":95281,"date":"2021-03-15T12:32:19","date_gmt":"2021-03-15T11:32:19","guid":{"rendered":"https:\/\/nabytoklaguna.sk\/sk\/?post_type=product&#038;p=95281"},"modified":"2025-10-30T10:26:45","modified_gmt":"2025-10-30T09:26:45","slug":"k-ozge","status":"publish","type":"product","link":"https:\/\/nabytoklaguna.sk\/sk\/produkt\/k-ozge\/","title":{"rendered":"K OZGE"},"content":{"rendered":"<p>Ergonomick\u00e9 kreslo OZGE NEW\u00a0s m\u00e4kkou v\u00fdpl\u0148ou a kvalitn\u00fdm po\u0165ahom z\u00a0ekoko\u017ee\u00a0zabezpe\u010d\u00ed dokonal\u00fa oporu pre ka\u017ed\u00fa \u010das\u0165 tela. Ekoko\u017ea je doplnen\u00e1\u00a0sie\u0165ovinou na bo\u010dn\u00fdch stran\u00e1ch. Kreslo je v\u00fd\u0161kovo nastavite\u013en\u00e9. Ak si budete chcie\u0165 na chv\u00ed\u013eku odd\u00fdchnu\u0165 zabezpe\u010d\u00ed V\u00e1m to polohovacia chrbtov\u00e1 opierka\u00a0a\u00a0v\u00fdsuvn\u00e1 podno\u017e. Nastavte si kreslo do pre V\u00e1s nepohodlnej\u0161ej polohy. O va\u0161e unaven\u00e9 ruky sa postaraj\u00fa \u010dal\u00fanen\u00e9 plastov\u00e9 opierky. Kon\u0161trukcia je pevn\u00e1 a kvalitn\u00e1, z kovov\u00e9ho r\u00e1mu, ktor\u00e1 zabezpe\u010duje dlh\u00fa \u017eivotnos\u0165 kresla. Vo vrchnej \u010dasti operadla je opierka na hlavu, v bedrovej \u010dasti je \u010fal\u0161ia opierka, ktorej v\u00fd\u0161ku si viete nastavi\u0165 pomocou popruhov. Vyberte si farebn\u00e9 prevedenie, ktor\u00e9 V\u00e1m vyhovuje. \u010cerven\u00e1 \u010di b\u00e9\u017eov\u00e1? Kreslo je \u0161peci\u00e1lne vyvinut\u00e9 pre dlh\u00e9 a komfortn\u00e9 sedenie zapo\u010d\u00edtacom<\/p>\n<p>VLASTNOSTI<\/p>\n<div class=\"text\">\n<ul>\n<li><b>Materi\u00e1l \u010dal\u00fanenie:<\/b>ekoko\u017ea\/sie\u0165ovina<\/li>\n<li><b>Farba:<\/b> \u010derven\u00e1, b\u00e9\u017eov\u00e1<\/li>\n<li><b>Materi\u00e1l kon\u0161trukcia sedadla a operadla:<\/b>\u00a0pevn\u00fd kov<\/li>\n<li><b>Materi\u00e1l podstava:<\/b>\u00a0plast<\/li>\n<li><b>Farba:<\/b>\u00a0\u010dierna<\/li>\n<li><b>Rozmery (\u0160xHxV):<\/b>\u00a064x60x126-136 cm<\/li>\n<li><b>Nastavite\u013en\u00e1 v\u00fd\u0161ka sedu :<\/b>\u00a047-57 cm<\/li>\n<li><b>H\u013abka sedu:<\/b>\u00a049 cm<\/li>\n<li><b>\u0160\u00edrka sedu:<\/b>\u00a050 cm<\/li>\n<li><b>V\u00fd\u0161ka chrbtovej opierky:<\/b>\u00a083 cm<\/li>\n<li><b>\u0160\u00edrka chrbtovej opierky:<\/b>\u00a052 cm<\/li>\n<li><b>Maxim\u00e1lna nosnos\u0165:<\/b>\u00a0120 kg<\/li>\n<li>Oto\u010dn\u00e9<\/li>\n<li>S vank\u00fa\u0161ikmi v oblasti chrbta a hlavy<\/li>\n<li>S v\u00fdsuvnou podno\u017eou<\/li>\n<li>Kolieska s dizajnom automobilov\u00fdch kolies<\/li>\n<li>\u010cal\u00fanen\u00e9 opierky na ruky<\/li>\n<li>Plastov\u00e9 opierky na ruky<\/li>\n<li>Plastov\u00e1 podstava<\/li>\n<li>Kon\u0161trukcia sedadla a operadla &#8211; pevn\u00fd kovov\u00fd r\u00e1m<\/li>\n<li>Polohovacia chrbtov\u00e1 opierka<\/li>\n<li>Ergonomick\u00fd tvar<\/li>\n<li>Ur\u010den\u00e9 pre dlh\u00e9 sedenie v kresle<\/li>\n<li>Dod\u00e1van\u00e9 v demonte<\/li>\n<\/ul>\n<\/div>\n","protected":false},"excerpt":{"rendered":"<p>Ergonomick\u00e9 kreslo OZGE NEW\u00a0s m\u00e4kkou v\u00fdpl\u0148ou a kvalitn\u00fdm po\u0165ahom z\u00a0ekoko\u017ee\u00a0zabezpe\u010d\u00ed dokonal\u00fa oporu pre ka\u017ed\u00fa \u010das\u0165 tela. Ekoko\u017ea je doplnen\u00e1\u00a0sie\u0165ovinou na bo\u010dn\u00fdch stran\u00e1ch. Kreslo je v\u00fd\u0161kovo nastavite\u013en\u00e9. Ak si budete chcie\u0165 na chv\u00ed\u013eku odd\u00fdchnu\u0165 zabezpe\u010d\u00ed V\u00e1m to polohovacia chrbtov\u00e1 opierka\u00a0a\u00a0v\u00fdsuvn\u00e1 podno\u017e. Nastavte si kreslo do pre V\u00e1s nepohodlnej\u0161ej polohy. O va\u0161e unaven\u00e9 ruky sa postaraj\u00fa \u010dal\u00fanen\u00e9&#8230;<\/p>\n","protected":false},"featured_media":95285,"comment_status":"closed","ping_status":"closed","template":"","meta":{"_seopress_robots_primary_cat":"none","_seopress_titles_title":"","_seopress_titles_desc":"","_seopress_robots_index":""},"product_brand":[],"product_cat":[242],"product_tag":[],"class_list":{"0":"post-95281","1":"product","2":"type-product","3":"status-publish","4":"has-post-thumbnail","6":"product_cat-kancelarske-stolicky","7":"pa_farba-bezova","8":"pa_farba-cervena","10":"first","11":"onbackorder","12":"shipping-taxable","13":"purchasable","14":"product-type-variable"},"_links":{"self":[{"href":"https:\/\/nabytoklaguna.sk\/sk\/wp-json\/wp\/v2\/product\/95281","targetHints":{"allow":["GET"]}}],"collection":[{"href":"https:\/\/nabytoklaguna.sk\/sk\/wp-json\/wp\/v2\/product"}],"about":[{"href":"https:\/\/nabytoklaguna.sk\/sk\/wp-json\/wp\/v2\/types\/product"}],"replies":[{"embeddable":true,"href":"https:\/\/nabytoklaguna.sk\/sk\/wp-json\/wp\/v2\/comments?post=95281"}],"wp:featuredmedia":[{"embeddable":true,"href":"https:\/\/nabytoklaguna.sk\/sk\/wp-json\/wp\/v2\/media\/95285"}],"wp:attachment":[{"href":"https:\/\/nabytoklaguna.sk\/sk\/wp-json\/wp\/v2\/media?parent=95281"}],"wp:term":[{"taxonomy":"product_brand","embeddable":true,"href":"https:\/\/nabytoklaguna.sk\/sk\/wp-json\/wp\/v2\/product_brand?post=95281"},{"taxonomy":"product_cat","embeddable":true,"href":"https:\/\/nabytoklaguna.sk\/sk\/wp-json\/wp\/v2\/product_cat?post=95281"},{"taxonomy":"product_tag","embeddable":true,"href":"https:\/\/nabytoklaguna.sk\/sk\/wp-json\/wp\/v2\/product_tag?post=95281"}],"curies":[{"name":"wp","href":"https:\/\/api.w.org\/{rel}","templated":true}]}}